{"id":688877,"date":"2025-08-27T13:08:33","date_gmt":"2025-08-27T10:08:33","guid":{"rendered":"https:\/\/roveyayinevi.com.tr\/index.php\/urun\/citir-citir-felsefe-serisi-05-guzellik-ve-cirkinlik\/"},"modified":"2026-04-16T01:58:40","modified_gmt":"2026-04-15T22:58:40","slug":"citir-citir-felsefe-serisi-05-guzellik-ve-cirkinlik","status":"publish","type":"product","link":"https:\/\/roveyayinevi.com.tr\/index.php\/urun\/citir-citir-felsefe-serisi-05-guzellik-ve-cirkinlik\/","title":{"rendered":"\u00c7\u0131t\u0131r \u00c7\u0131t\u0131r Felsefe Serisi 05 &#8211; G\u00fczellik ve \u00c7irkinlik"},"content":{"rendered":"<p>Neye g\u00fczel deriz, neye \u00e7irkin? Neden k\u00f6t\u00fcler \u00e7irkin, iyiler g\u00fczeldir?\u00c7evrildi\u011fi t\u00fcm \u00fclkelerde, her ya\u015ftan okuru felsefeyle bulu\u015fturan \u201c\u00c7\u0131t\u0131r \u00c7\u0131t\u0131r Felsefe\u201d dizisinin be\u015finci kitab\u0131 g\u00fczellik ve \u00e7irkinlik kavramlar\u0131n\u0131 tart\u0131\u015f\u0131yor. Brigitte Labb\u00e9\u2019nin Paris Sorbone \u00dcniversitesi felsefe profes\u00f6rlerinden Michel Puech dan\u0131\u015fmanl\u0131\u011f\u0131nda kaleme ald\u0131\u011f\u0131 dizi, ya\u015fam\u0131 ve d\u00fcnyan\u0131n i\u015fleyi\u015fini anlamaya \u00e7al\u0131\u015fan \u00e7ocuklara yard\u0131mc\u0131 olacak temel sorularla kurgulan\u0131yor. Her birinde farkl\u0131 bir konunun ele al\u0131nd\u0131\u011f\u0131, g\u00fcnl\u00fck ya\u015famda s\u0131k\u00e7a kar\u015f\u0131la\u015ft\u0131\u011f\u0131m\u0131z \u00f6rnek olaylar\u0131n \u00f6yk\u00fcle\u015ftirildi\u011fi kitaplar, Jacques Azam\u2019\u0131n karikat\u00fcr tad\u0131ndaki renkli resimleriyle ve \u00f6zg\u00fcn tasar\u0131m\u0131yla benzersiz. \u00dclkemizde yay\u0131mlanmaya ba\u015flad\u0131\u011f\u0131 2006 y\u0131l\u0131ndan bu yana b\u00fcy\u00fck ilgi g\u00f6ren dizi, hem \u00e7ocuklar, hem de \u00f6\u011fretmenler ve anne babalar taraf\u0131ndan sevilerek okunuyor.Masallardaki k\u00f6t\u00fc kalpli cad\u0131lar asla g\u00fczel de\u011fildir ve ne zaman k\u00f6t\u00fc birini \u00e7izmek istesek, \u00e7irkin birini \u00e7izeriz. Oysa, g\u00fczelli\u011fin iyilikle, \u00e7irkinli\u011fin de k\u00f6t\u00fcl\u00fckle hi\u00e7bir ili\u015fkisi olmad\u0131\u011f\u0131n\u0131 biliriz. Peki, neden biri nazik bir \u015fey yapt\u0131\u011f\u0131nda, onun g\u00fczel bir hareket yapt\u0131\u011f\u0131n\u0131 s\u00f6yleriz de, biri k\u00f6t\u00fc bir \u015fey yapt\u0131\u011f\u0131nda \u00e7irkin bir hareket yapt\u0131\u011f\u0131n\u0131; hatta o ki\u015finin \u00e7irkin oldu\u011funu s\u00f6yleriz?.. <\/p>\n","protected":false},"excerpt":{"rendered":"<p>Neye g\u00fczel deriz, neye \u00e7irkin? Neden k\u00f6t\u00fcler \u00e7irkin, iyiler g\u00fczeldir?\u00c7evrildi\u011fi t\u00fcm \u00fclkelerde, her ya\u015ftan okuru felsefeyle bulu\u015fturan \u201c\u00c7\u0131t\u0131r \u00c7\u0131t\u0131r Felsefe\u201d dizisinin be\u015finci kitab\u0131 g\u00fczellik ve \u00e7irkinlik<span class=\"excerpt-hellip\"> [\u2026]<\/span><\/p>\n","protected":false},"featured_media":0,"template":"","meta":{"_monsterinsights_skip_tracking":false,"_monsterinsights_sitenote_active":false,"_monsterinsights_sitenote_note":"","_monsterinsights_sitenote_category":0},"product_brand":[],"product_cat":[12389,12388],"product_tag":[],"class_list":{"0":"post-688877","1":"product","2":"type-product","3":"status-publish","5":"product_cat-diger-felsefe","6":"product_cat-felsefe","7":"pa_cilt-ciltsiz","8":"pa_tur-kitap","9":"pa_yayinevi-gunisigi-kitapligi","10":"pa_yazar-brigitte-labbe","12":"first","13":"instock","14":"sale","15":"shipping-taxable","16":"purchasable","17":"product-type-simple"},"_links":{"self":[{"href":"https:\/\/roveyayinevi.com.tr\/index.php\/wp-json\/wp\/v2\/product\/688877","targetHints":{"allow":["GET"]}}],"collection":[{"href":"https:\/\/roveyayinevi.com.tr\/index.php\/wp-json\/wp\/v2\/product"}],"about":[{"href":"https:\/\/roveyayinevi.com.tr\/index.php\/wp-json\/wp\/v2\/types\/product"}],"wp:attachment":[{"href":"https:\/\/roveyayinevi.com.tr\/index.php\/wp-json\/wp\/v2\/media?parent=688877"}],"wp:term":[{"taxonomy":"product_brand","embeddable":true,"href":"https:\/\/roveyayinevi.com.tr\/index.php\/wp-json\/wp\/v2\/product_brand?post=688877"},{"taxonomy":"product_cat","embeddable":true,"href":"https:\/\/roveyayinevi.com.tr\/index.php\/wp-json\/wp\/v2\/product_cat?post=688877"},{"taxonomy":"product_tag","embeddable":true,"href":"https:\/\/roveyayinevi.com.tr\/index.php\/wp-json\/wp\/v2\/product_tag?post=688877"}],"curies":[{"name":"wp","href":"https:\/\/api.w.org\/{rel}","templated":true}]}}