{"id":688876,"date":"2025-08-27T13:08:33","date_gmt":"2025-08-27T10:08:33","guid":{"rendered":"https:\/\/roveyayinevi.com.tr\/index.php\/urun\/citir-citir-felsefe-serisi-03-gercekten-ve-yalanciktan\/"},"modified":"2026-04-16T01:58:40","modified_gmt":"2026-04-15T22:58:40","slug":"citir-citir-felsefe-serisi-03-gercekten-ve-yalanciktan","status":"publish","type":"product","link":"https:\/\/roveyayinevi.com.tr\/index.php\/urun\/citir-citir-felsefe-serisi-03-gercekten-ve-yalanciktan\/","title":{"rendered":"\u00c7\u0131t\u0131r \u00c7\u0131t\u0131r Felsefe Serisi 03 &#8211; Ger\u00e7ekten ve Yalanc\u0131ktan"},"content":{"rendered":"<p>\u201cDo\u011fru\u201d iyidir, \u201cyalan\u201d k\u00f6t\u00fcd\u00fcr. Bu, bu kadar basit mi?\u00c7evrildi\u011fi t\u00fcm \u00fclkelerde, her ya\u015ftan okuru felsefeyle bulu\u015fturan \u201c\u00c7\u0131t\u0131r \u00c7\u0131t\u0131r Felsefe\u201d dizisinin \u00fc\u00e7\u00fcnc\u00fc kitab\u0131 ger\u00e7ek ve yalan kavramlar\u0131n\u0131 tart\u0131\u015f\u0131yor. Brigitte Labb\u00e9\u2019nin Paris Sorbone \u00dcniversitesi felsefe profes\u00f6rlerinden Michel Puech dan\u0131\u015fmanl\u0131\u011f\u0131nda kaleme ald\u0131\u011f\u0131 dizi, ya\u015fam\u0131 ve d\u00fcnyan\u0131n i\u015fleyi\u015fini anlamaya \u00e7al\u0131\u015fan \u00e7ocuklara yard\u0131mc\u0131 olacak temel sorularla kurgulan\u0131yor. Her birinde farkl\u0131 bir konunun ele al\u0131nd\u0131\u011f\u0131, g\u00fcnl\u00fck ya\u015famda s\u0131k\u00e7a kar\u015f\u0131la\u015ft\u0131\u011f\u0131m\u0131z \u00f6rnek olaylar\u0131n \u00f6yk\u00fcle\u015ftirildi\u011fi kitaplar, Jacques Azam\u2019\u0131n karikat\u00fcr tad\u0131ndaki renkli resimleriyle ve \u00f6zg\u00fcn tasar\u0131m\u0131yla benzersiz. \u00dclkemizde yay\u0131mlanmaya ba\u015flad\u0131\u011f\u0131 2006 y\u0131l\u0131ndan bu yana b\u00fcy\u00fck ilgi g\u00f6ren dizi, hem \u00e7ocuklar, hem de \u00f6\u011fretmenler ve anne babalar taraf\u0131ndan sevilerek okunuyor.Birileri bize s\u00fcrekli olarak, do\u011fru s\u00f6ylemelisin, ya da yalan s\u00f6ylemek \u00e7ok k\u00f6t\u00fcd\u00fcr, der. Yalan s\u00f6yledi\u011fimizde cezaland\u0131r\u0131l\u0131r\u0131z. Oysa, her \u015fey bu kadar basit midir? Yalanc\u0131ktan oldu\u011funu bile bile bir filmi seyrederken a\u011flayabiliriz. Bazen de, \u00e7ok sevdi\u011fimiz birini \u00fczmemek i\u00e7in yalan s\u00f6yleyebiliriz. Ger\u00e7ek ve yalan aras\u0131nda se\u00e7im yapmak her zaman kolay de\u011fildir. Yalan s\u00f6ylemeyip ger\u00e7e\u011fi a\u00e7\u0131klamakla, en iyi arkada\u015f\u0131m\u0131z\u0131 \u00fczmemek aras\u0131nda kal\u0131rsak, ne olacak?..<\/p>\n","protected":false},"excerpt":{"rendered":"<p>\u201cDo\u011fru\u201d iyidir, \u201cyalan\u201d k\u00f6t\u00fcd\u00fcr. Bu, bu kadar basit mi?\u00c7evrildi\u011fi t\u00fcm \u00fclkelerde, her ya\u015ftan okuru felsefeyle bulu\u015fturan \u201c\u00c7\u0131t\u0131r \u00c7\u0131t\u0131r Felsefe\u201d dizisinin \u00fc\u00e7\u00fcnc\u00fc kitab\u0131 ger\u00e7ek ve yalan kavramlar\u0131n\u0131<span class=\"excerpt-hellip\"> [\u2026]<\/span><\/p>\n","protected":false},"featured_media":0,"template":"","meta":{"_monsterinsights_skip_tracking":false,"_monsterinsights_sitenote_active":false,"_monsterinsights_sitenote_note":"","_monsterinsights_sitenote_category":0},"product_brand":[],"product_cat":[12389,12388],"product_tag":[],"class_list":{"0":"post-688876","1":"product","2":"type-product","3":"status-publish","5":"product_cat-diger-felsefe","6":"product_cat-felsefe","7":"pa_cilt-ciltsiz","8":"pa_tur-kitap","9":"pa_yayinevi-gunisigi-kitapligi","10":"pa_yazar-brigitte-labbe","12":"first","13":"instock","14":"sale","15":"shipping-taxable","16":"purchasable","17":"product-type-simple"},"_links":{"self":[{"href":"https:\/\/roveyayinevi.com.tr\/index.php\/wp-json\/wp\/v2\/product\/688876","targetHints":{"allow":["GET"]}}],"collection":[{"href":"https:\/\/roveyayinevi.com.tr\/index.php\/wp-json\/wp\/v2\/product"}],"about":[{"href":"https:\/\/roveyayinevi.com.tr\/index.php\/wp-json\/wp\/v2\/types\/product"}],"wp:attachment":[{"href":"https:\/\/roveyayinevi.com.tr\/index.php\/wp-json\/wp\/v2\/media?parent=688876"}],"wp:term":[{"taxonomy":"product_brand","embeddable":true,"href":"https:\/\/roveyayinevi.com.tr\/index.php\/wp-json\/wp\/v2\/product_brand?post=688876"},{"taxonomy":"product_cat","embeddable":true,"href":"https:\/\/roveyayinevi.com.tr\/index.php\/wp-json\/wp\/v2\/product_cat?post=688876"},{"taxonomy":"product_tag","embeddable":true,"href":"https:\/\/roveyayinevi.com.tr\/index.php\/wp-json\/wp\/v2\/product_tag?post=688876"}],"curies":[{"name":"wp","href":"https:\/\/api.w.org\/{rel}","templated":true}]}}