{"id":688875,"date":"2025-08-27T13:08:33","date_gmt":"2025-08-27T10:08:33","guid":{"rendered":"https:\/\/roveyayinevi.com.tr\/index.php\/urun\/citir-citir-felsefe-serisi-14-basari-ve-basarisizlik\/"},"modified":"2026-04-16T01:58:40","modified_gmt":"2026-04-15T22:58:40","slug":"citir-citir-felsefe-serisi-14-basari-ve-basarisizlik","status":"publish","type":"product","link":"https:\/\/roveyayinevi.com.tr\/index.php\/urun\/citir-citir-felsefe-serisi-14-basari-ve-basarisizlik\/","title":{"rendered":"\u00c7\u0131t\u0131r \u00c7\u0131t\u0131r Felsefe Serisi 14 &#8211; Ba\u015far\u0131 ve Ba\u015far\u0131s\u0131zl\u0131k"},"content":{"rendered":"<p>Ba\u015far\u0131n\u0131n herkes i\u00e7in tek bir tan\u0131m\u0131 olabilir mi?Birinci olman\u0131n, s\u0131n\u0131fta en iyi notu alman\u0131n \u015fart oldu\u011funu ya da kom\u015fumuzdan daha fazla para kazanmak, mahalledeki en g\u00fczel arabaya sahip olmak gerekti\u011fini duya duya, hayat\u0131n bir yar\u0131\u015f oldu\u011funa ve \u00f6nemli tek ba\u015far\u0131n\u0131n, ba\u015fkalar\u0131n\u0131 ge\u00e7mek oldu\u011funa inan\u0131r\u0131z. Oysa, ba\u015fkas\u0131n\u0131n g\u00f6z\u00fcnde ba\u015far\u0131 olan, bizim i\u00e7in ba\u015far\u0131 anlam\u0131na gelmeyebilir. Peki \u00f6yleyse ba\u015far\u0131n\u0131n \u00f6l\u00e7\u00fct\u00fc nedir?..<\/p>\n","protected":false},"excerpt":{"rendered":"<p>Ba\u015far\u0131n\u0131n herkes i\u00e7in tek bir tan\u0131m\u0131 olabilir mi?Birinci olman\u0131n, s\u0131n\u0131fta en iyi notu alman\u0131n \u015fart oldu\u011funu ya da kom\u015fumuzdan daha fazla para kazanmak, mahalledeki en g\u00fczel<span class=\"excerpt-hellip\"> [\u2026]<\/span><\/p>\n","protected":false},"featured_media":0,"template":"","meta":{"_monsterinsights_skip_tracking":false,"_monsterinsights_sitenote_active":false,"_monsterinsights_sitenote_note":"","_monsterinsights_sitenote_category":0},"product_brand":[],"product_cat":[12274,12631],"product_tag":[],"class_list":{"0":"post-688875","1":"product","2":"type-product","3":"status-publish","5":"product_cat-cocuk-ve-genclik-kitaplari","6":"product_cat-diger-cocuk-ve-genclik-kitaplari","7":"pa_cilt-ciltsiz","8":"pa_tur-kitap","9":"pa_yayinevi-gunisigi-kitapligi","10":"pa_yazar-brigitte-labbe","12":"first","13":"instock","14":"sale","15":"shipping-taxable","16":"purchasable","17":"product-type-simple"},"_links":{"self":[{"href":"https:\/\/roveyayinevi.com.tr\/index.php\/wp-json\/wp\/v2\/product\/688875","targetHints":{"allow":["GET"]}}],"collection":[{"href":"https:\/\/roveyayinevi.com.tr\/index.php\/wp-json\/wp\/v2\/product"}],"about":[{"href":"https:\/\/roveyayinevi.com.tr\/index.php\/wp-json\/wp\/v2\/types\/product"}],"wp:attachment":[{"href":"https:\/\/roveyayinevi.com.tr\/index.php\/wp-json\/wp\/v2\/media?parent=688875"}],"wp:term":[{"taxonomy":"product_brand","embeddable":true,"href":"https:\/\/roveyayinevi.com.tr\/index.php\/wp-json\/wp\/v2\/product_brand?post=688875"},{"taxonomy":"product_cat","embeddable":true,"href":"https:\/\/roveyayinevi.com.tr\/index.php\/wp-json\/wp\/v2\/product_cat?post=688875"},{"taxonomy":"product_tag","embeddable":true,"href":"https:\/\/roveyayinevi.com.tr\/index.php\/wp-json\/wp\/v2\/product_tag?post=688875"}],"curies":[{"name":"wp","href":"https:\/\/api.w.org\/{rel}","templated":true}]}}