{"id":688863,"date":"2025-08-27T13:08:31","date_gmt":"2025-08-27T10:08:31","guid":{"rendered":"https:\/\/roveyayinevi.com.tr\/index.php\/urun\/keskin-naneli-oykuler\/"},"modified":"2026-04-16T01:58:40","modified_gmt":"2026-04-15T22:58:40","slug":"keskin-naneli-oykuler","status":"publish","type":"product","link":"https:\/\/roveyayinevi.com.tr\/index.php\/urun\/keskin-naneli-oykuler\/","title":{"rendered":"Keskin Naneli \u00d6yk\u00fcler"},"content":{"rendered":"<p>Di\u015flerini f\u0131r\u00e7alamadan m\u00fcmk\u00fcn\u00fc yok kap\u0131y\u0131 a\u00e7amazd\u0131. Macunu a\u011fz\u0131na s\u0131kt\u0131. Kap\u0131ya ko\u015fup otomati\u011fe bast\u0131. Bu sesten sonra, birinin apartman kap\u0131s\u0131n\u0131 ge\u00e7ip, asans\u00f6r\u00fc bekleyip, alt\u0131nc\u0131 kata \u00e7\u0131kmas\u0131, ortalama altm\u0131\u015fla seksen saniye aras\u0131nda s\u00fcr\u00fcyordu.\ufffcTan\u0131t\u0131m Metni<\/p>\n","protected":false},"excerpt":{"rendered":"<p>Di\u015flerini f\u0131r\u00e7alamadan m\u00fcmk\u00fcn\u00fc yok kap\u0131y\u0131 a\u00e7amazd\u0131. Macunu a\u011fz\u0131na s\u0131kt\u0131. Kap\u0131ya ko\u015fup otomati\u011fe bast\u0131. Bu sesten sonra, birinin apartman kap\u0131s\u0131n\u0131 ge\u00e7ip, asans\u00f6r\u00fc bekleyip, alt\u0131nc\u0131 kata \u00e7\u0131kmas\u0131, ortalama<span class=\"excerpt-hellip\"> [\u2026]<\/span><\/p>\n","protected":false},"featured_media":0,"template":"","meta":{"_monsterinsights_skip_tracking":false,"_monsterinsights_sitenote_active":false,"_monsterinsights_sitenote_note":"","_monsterinsights_sitenote_category":0},"product_brand":[],"product_cat":[12291,12711],"product_tag":[],"class_list":{"0":"post-688863","1":"product","2":"type-product","3":"status-publish","5":"product_cat-edebiyat","6":"product_cat-roman-oyku","7":"pa_cilt-ciltsiz","8":"pa_tur-kitap","9":"pa_yayinevi-gunisigi-kitapligi","10":"pa_yazar-tolga-gumusay","12":"first","13":"instock","14":"sale","15":"shipping-taxable","16":"purchasable","17":"product-type-simple"},"_links":{"self":[{"href":"https:\/\/roveyayinevi.com.tr\/index.php\/wp-json\/wp\/v2\/product\/688863","targetHints":{"allow":["GET"]}}],"collection":[{"href":"https:\/\/roveyayinevi.com.tr\/index.php\/wp-json\/wp\/v2\/product"}],"about":[{"href":"https:\/\/roveyayinevi.com.tr\/index.php\/wp-json\/wp\/v2\/types\/product"}],"wp:attachment":[{"href":"https:\/\/roveyayinevi.com.tr\/index.php\/wp-json\/wp\/v2\/media?parent=688863"}],"wp:term":[{"taxonomy":"product_brand","embeddable":true,"href":"https:\/\/roveyayinevi.com.tr\/index.php\/wp-json\/wp\/v2\/product_brand?post=688863"},{"taxonomy":"product_cat","embeddable":true,"href":"https:\/\/roveyayinevi.com.tr\/index.php\/wp-json\/wp\/v2\/product_cat?post=688863"},{"taxonomy":"product_tag","embeddable":true,"href":"https:\/\/roveyayinevi.com.tr\/index.php\/wp-json\/wp\/v2\/product_tag?post=688863"}],"curies":[{"name":"wp","href":"https:\/\/api.w.org\/{rel}","templated":true}]}}