{"id":688859,"date":"2025-08-27T13:08:30","date_gmt":"2025-08-27T10:08:30","guid":{"rendered":"https:\/\/roveyayinevi.com.tr\/index.php\/urun\/ilk-kitabini-kendin-boya-kucuk-kara-koyun\/"},"modified":"2026-04-16T01:58:39","modified_gmt":"2026-04-15T22:58:39","slug":"ilk-kitabini-kendin-boya-kucuk-kara-koyun","status":"publish","type":"product","link":"https:\/\/roveyayinevi.com.tr\/index.php\/urun\/ilk-kitabini-kendin-boya-kucuk-kara-koyun\/","title":{"rendered":"\u0130lk Kitab\u0131n\u0131 Kendin Boya &#8211; K\u00fc\u00e7\u00fck Kara Koyun"},"content":{"rendered":"<p>K\u00f6pe\u011fi Polo\u2019yla birlikte da\u011flarda ya\u015fayan \u00e7oban\u0131n beyaz koyunlardan olu\u015fan s\u00fcr\u00fcs\u00fcnde yaln\u0131z bir tane k\u00fc\u00e7\u00fck kara koyun vard\u0131r. \u00c7obank\u00f6pe\u011fi Polo, her yapt\u0131\u011f\u0131 g\u00f6z\u00fcne batan bu k\u00fc\u00e7\u00fck kara koyundan hi\u00e7 ho\u015flanmaz. Ancak, k\u00fc\u00e7\u00fck kara koyun beklenmedik bir kar f\u0131rt\u0131nas\u0131nda akl\u0131 ve sa\u011fduyusu sayesinde s\u00fcr\u00fcy\u00fc yok olmaktan kurtarmaya \u00e7al\u0131\u015f\u0131nca i\u015fler de\u011fi\u015fir\u2026 <\/p>\n","protected":false},"excerpt":{"rendered":"<p>K\u00f6pe\u011fi Polo\u2019yla birlikte da\u011flarda ya\u015fayan \u00e7oban\u0131n beyaz koyunlardan olu\u015fan s\u00fcr\u00fcs\u00fcnde yaln\u0131z bir tane k\u00fc\u00e7\u00fck kara koyun vard\u0131r. \u00c7obank\u00f6pe\u011fi Polo, her yapt\u0131\u011f\u0131 g\u00f6z\u00fcne batan bu k\u00fc\u00e7\u00fck kara<span class=\"excerpt-hellip\"> [\u2026]<\/span><\/p>\n","protected":false},"featured_media":0,"template":"","meta":{"_monsterinsights_skip_tracking":false,"_monsterinsights_sitenote_active":false,"_monsterinsights_sitenote_note":"","_monsterinsights_sitenote_category":0},"product_brand":[],"product_cat":[12644,12274],"product_tag":[],"class_list":{"0":"post-688859","1":"product","2":"type-product","3":"status-publish","5":"product_cat-boyama-kitaplari","6":"product_cat-cocuk-ve-genclik-kitaplari","7":"pa_cilt-ciltsiz","8":"pa_tur-kitap","9":"pa_yayinevi-gunisigi-kitapligi","10":"pa_yazar-elizabeth-shaw","12":"first","13":"instock","14":"sale","15":"shipping-taxable","16":"purchasable","17":"product-type-simple"},"_links":{"self":[{"href":"https:\/\/roveyayinevi.com.tr\/index.php\/wp-json\/wp\/v2\/product\/688859","targetHints":{"allow":["GET"]}}],"collection":[{"href":"https:\/\/roveyayinevi.com.tr\/index.php\/wp-json\/wp\/v2\/product"}],"about":[{"href":"https:\/\/roveyayinevi.com.tr\/index.php\/wp-json\/wp\/v2\/types\/product"}],"wp:attachment":[{"href":"https:\/\/roveyayinevi.com.tr\/index.php\/wp-json\/wp\/v2\/media?parent=688859"}],"wp:term":[{"taxonomy":"product_brand","embeddable":true,"href":"https:\/\/roveyayinevi.com.tr\/index.php\/wp-json\/wp\/v2\/product_brand?post=688859"},{"taxonomy":"product_cat","embeddable":true,"href":"https:\/\/roveyayinevi.com.tr\/index.php\/wp-json\/wp\/v2\/product_cat?post=688859"},{"taxonomy":"product_tag","embeddable":true,"href":"https:\/\/roveyayinevi.com.tr\/index.php\/wp-json\/wp\/v2\/product_tag?post=688859"}],"curies":[{"name":"wp","href":"https:\/\/api.w.org\/{rel}","templated":true}]}}