{"id":688858,"date":"2025-08-27T13:08:30","date_gmt":"2025-08-27T10:08:30","guid":{"rendered":"https:\/\/roveyayinevi.com.tr\/index.php\/urun\/ilk-kitabini-kendin-boya-gemiler\/"},"modified":"2026-04-16T01:58:39","modified_gmt":"2026-04-15T22:58:39","slug":"ilk-kitabini-kendin-boya-gemiler","status":"publish","type":"product","link":"https:\/\/roveyayinevi.com.tr\/index.php\/urun\/ilk-kitabini-kendin-boya-gemiler\/","title":{"rendered":"\u0130lk Kitab\u0131n\u0131 Kendin Boya &#8211; Gemiler"},"content":{"rendered":"<p>Deniz ta\u015f\u0131tlar\u0131n\u0131 boyuyoruz! E\u011flenerek \u00f6\u011frenmek i\u00e7in ideal ba\u015flang\u0131\u00e7lar!\u00dclkemizdeki ilk \u00f6zg\u00fcn \u00f6rneklerini G\u00fcn\u0131\u015f\u0131\u011f\u0131 Kitapl\u0131\u011f\u0131\u2019n\u0131n haz\u0131rlad\u0131\u011f\u0131, hem okunan hem boyanan kitaplardan olu\u015fan diziyle, k\u00fc\u00e7\u00fckler, dinledikleri ya da okuduklar\u0131 birbirinden sevimli \u00f6yk\u00fcleri kendileri renklendiriyor! Anaokulu \u00f6\u011frencileri ve ilk\u00f6\u011fretime yeni ba\u015flayan \u00e7ocuklar i\u00e7in haz\u0131rlanan kitaplar\u0131n boyutu, sayfa d\u00fczeni, i\u00e7erdi\u011fi bilgi ve desen dili, ya\u015f grubunun gereksinimleri g\u00f6z \u00f6n\u00fcne al\u0131narak belirleniyor.\u00dc\u00e7 yan\u0131 denizlerle \u00e7evrili \u00fclkemizde b\u00fcy\u00fcyen \u00e7ocuklara, tarihten g\u00fcn\u00fcm\u00fcze, farkl\u0131 bi\u00e7imleriyle ve de\u011fi\u015fik i\u015flevleriyle gemiler anlat\u0131l\u0131yor: Eski M\u0131s\u0131r\u2019\u0131n papir\u00fcs teknesi, Roma kad\u0131rgas\u0131, Viking yelkenlisi, Osmanl\u0131 kalyonu, Amerika\u2019n\u0131n eski nehir gemileri, yatlar, \u00c7in yelkenlisi, denizalt\u0131 ara\u00e7lar\u0131 ve teknoloji harikas\u0131 modern gemiler\u2026\ufffc<\/p>\n","protected":false},"excerpt":{"rendered":"<p>Deniz ta\u015f\u0131tlar\u0131n\u0131 boyuyoruz! E\u011flenerek \u00f6\u011frenmek i\u00e7in ideal ba\u015flang\u0131\u00e7lar!\u00dclkemizdeki ilk \u00f6zg\u00fcn \u00f6rneklerini G\u00fcn\u0131\u015f\u0131\u011f\u0131 Kitapl\u0131\u011f\u0131\u2019n\u0131n haz\u0131rlad\u0131\u011f\u0131, hem okunan hem boyanan kitaplardan olu\u015fan diziyle, k\u00fc\u00e7\u00fckler, dinledikleri ya da okuduklar\u0131<span class=\"excerpt-hellip\"> [\u2026]<\/span><\/p>\n","protected":false},"featured_media":0,"template":"","meta":{"_monsterinsights_skip_tracking":false,"_monsterinsights_sitenote_active":false,"_monsterinsights_sitenote_note":"","_monsterinsights_sitenote_category":0},"product_brand":[],"product_cat":[12644,12274],"product_tag":[],"class_list":{"0":"post-688858","1":"product","2":"type-product","3":"status-publish","5":"product_cat-boyama-kitaplari","6":"product_cat-cocuk-ve-genclik-kitaplari","7":"pa_cilt-ciltsiz","8":"pa_tur-kitap","9":"pa_yayinevi-gunisigi-kitapligi","10":"pa_yazar-muren-beykan","12":"first","13":"instock","14":"sale","15":"shipping-taxable","16":"purchasable","17":"product-type-simple"},"_links":{"self":[{"href":"https:\/\/roveyayinevi.com.tr\/index.php\/wp-json\/wp\/v2\/product\/688858","targetHints":{"allow":["GET"]}}],"collection":[{"href":"https:\/\/roveyayinevi.com.tr\/index.php\/wp-json\/wp\/v2\/product"}],"about":[{"href":"https:\/\/roveyayinevi.com.tr\/index.php\/wp-json\/wp\/v2\/types\/product"}],"wp:attachment":[{"href":"https:\/\/roveyayinevi.com.tr\/index.php\/wp-json\/wp\/v2\/media?parent=688858"}],"wp:term":[{"taxonomy":"product_brand","embeddable":true,"href":"https:\/\/roveyayinevi.com.tr\/index.php\/wp-json\/wp\/v2\/product_brand?post=688858"},{"taxonomy":"product_cat","embeddable":true,"href":"https:\/\/roveyayinevi.com.tr\/index.php\/wp-json\/wp\/v2\/product_cat?post=688858"},{"taxonomy":"product_tag","embeddable":true,"href":"https:\/\/roveyayinevi.com.tr\/index.php\/wp-json\/wp\/v2\/product_tag?post=688858"}],"curies":[{"name":"wp","href":"https:\/\/api.w.org\/{rel}","templated":true}]}}