{"id":688856,"date":"2025-08-27T13:08:30","date_gmt":"2025-08-27T10:08:30","guid":{"rendered":"https:\/\/roveyayinevi.com.tr\/index.php\/urun\/hic-adil-degil\/"},"modified":"2026-04-16T01:58:39","modified_gmt":"2026-04-15T22:58:39","slug":"hic-adil-degil","status":"publish","type":"product","link":"https:\/\/roveyayinevi.com.tr\/index.php\/urun\/hic-adil-degil\/","title":{"rendered":"Hi\u00e7 Adil De\u011fil!"},"content":{"rendered":"<p>Ya\u015fam\u0131nda, ad\u0131ndan ba\u015fka hi\u00e7bir \u015feyin adil olmad\u0131\u011f\u0131n\u0131 d\u00fc\u015f\u00fcnen Adil, kendini ne yak\u0131\u015f\u0131kl\u0131, ne de yetenekli bulmaktad\u0131r. Yeni ba\u015flad\u0131\u011f\u0131 okulda, kendisi gibi standart g\u00fczellik anlay\u0131\u015f\u0131na uymayan a\u015f\u0131r\u0131 kilolu Mina ve \u00f6l\u00fcmc\u00fcl bir hastal\u0131\u011f\u0131n pen\u00e7esindeki Ferhat\u2019la tan\u0131\u015f\u0131r. Ferhat\u2019\u0131n tedavi i\u00e7in yurtd\u0131\u015f\u0131na gidece\u011fini \u00f6\u011frendiklerinde, \u00fc\u00e7 arkada\u015f hayatlar\u0131n\u0131n maceras\u0131n\u0131 ya\u015famak \u00fczere el ele verirler\u2026 \ufffcTan\u0131t\u0131m Metni<\/p>\n","protected":false},"excerpt":{"rendered":"<p>Ya\u015fam\u0131nda, ad\u0131ndan ba\u015fka hi\u00e7bir \u015feyin adil olmad\u0131\u011f\u0131n\u0131 d\u00fc\u015f\u00fcnen Adil, kendini ne yak\u0131\u015f\u0131kl\u0131, ne de yetenekli bulmaktad\u0131r. Yeni ba\u015flad\u0131\u011f\u0131 okulda, kendisi gibi standart g\u00fczellik anlay\u0131\u015f\u0131na uymayan a\u015f\u0131r\u0131<span class=\"excerpt-hellip\"> [\u2026]<\/span><\/p>\n","protected":false},"featured_media":0,"template":"","meta":{"_monsterinsights_skip_tracking":false,"_monsterinsights_sitenote_active":false,"_monsterinsights_sitenote_note":"","_monsterinsights_sitenote_category":0},"product_brand":[],"product_cat":[12291,12711],"product_tag":[],"class_list":{"0":"post-688856","1":"product","2":"type-product","3":"status-publish","5":"product_cat-edebiyat","6":"product_cat-roman-oyku","7":"pa_cilt-ciltsiz","8":"pa_tur-kitap","9":"pa_yayinevi-gunisigi-kitapligi","10":"pa_yazar-suzan-geridonmez","12":"first","13":"instock","14":"sale","15":"shipping-taxable","16":"purchasable","17":"product-type-simple"},"_links":{"self":[{"href":"https:\/\/roveyayinevi.com.tr\/index.php\/wp-json\/wp\/v2\/product\/688856","targetHints":{"allow":["GET"]}}],"collection":[{"href":"https:\/\/roveyayinevi.com.tr\/index.php\/wp-json\/wp\/v2\/product"}],"about":[{"href":"https:\/\/roveyayinevi.com.tr\/index.php\/wp-json\/wp\/v2\/types\/product"}],"wp:attachment":[{"href":"https:\/\/roveyayinevi.com.tr\/index.php\/wp-json\/wp\/v2\/media?parent=688856"}],"wp:term":[{"taxonomy":"product_brand","embeddable":true,"href":"https:\/\/roveyayinevi.com.tr\/index.php\/wp-json\/wp\/v2\/product_brand?post=688856"},{"taxonomy":"product_cat","embeddable":true,"href":"https:\/\/roveyayinevi.com.tr\/index.php\/wp-json\/wp\/v2\/product_cat?post=688856"},{"taxonomy":"product_tag","embeddable":true,"href":"https:\/\/roveyayinevi.com.tr\/index.php\/wp-json\/wp\/v2\/product_tag?post=688856"}],"curies":[{"name":"wp","href":"https:\/\/api.w.org\/{rel}","templated":true}]}}