{"id":688854,"date":"2025-08-27T13:08:30","date_gmt":"2025-08-27T10:08:30","guid":{"rendered":"https:\/\/roveyayinevi.com.tr\/index.php\/urun\/haremagasinin-sirri\/"},"modified":"2026-04-16T01:58:39","modified_gmt":"2026-04-15T22:58:39","slug":"haremagasinin-sirri","status":"publish","type":"product","link":"https:\/\/roveyayinevi.com.tr\/index.php\/urun\/haremagasinin-sirri\/","title":{"rendered":"Harema\u011fas\u0131n\u0131n S\u0131rr\u0131"},"content":{"rendered":"<p>\u015ea\u015f\u0131rt\u0131c\u0131, soluk solu\u011fa bir tarihsel polisiye!\u0130spanyol edebiyat\u0131n\u0131n usta yazarlar\u0131ndan Jos\u00e9 Luis Velasco\u2019nun, gizemli bir kurguyla kaleme ald\u0131\u011f\u0131 bu e\u015fsiz tarihsel polisiye, \u00fclkesinin \u00fcnl\u00fc gen\u00e7lik edebiyat\u0131 \u00f6d\u00fcl\u00fc Gran Angular\u2019\u0131 kazand\u0131. Roman, End\u00fcl\u00fcs Emevileri d\u00f6neminde ba\u015fkent Kurtuba\u2019da farkl\u0131 dinlerin ve k\u00fclt\u00fcrlerin bir arada ya\u015fad\u0131\u011f\u0131 \u0130spanya\u2019y\u0131 kent ya\u015fam\u0131ndan mimari dokusuna kadar \u00e7arp\u0131c\u0131 bir \u00fcslupla canland\u0131r\u0131yor.End\u00fcl\u00fcs h\u00fck\u00fcmdar\u0131 Emir II. Hakem\u2019in ayn\u0131 zamanda yak\u0131n dostu olan harema\u011fas\u0131, saraydaki odas\u0131nda \u00f6l\u00fc bulunur. Katil zanl\u0131s\u0131 olarak yakalanan saray mimar\u0131, harema\u011fas\u0131yla birlikte odada kilitli kald\u0131\u011f\u0131 halde masum oldu\u011funu iddia eder. Emir, dostunu kimin \u00f6ld\u00fcrd\u00fc\u011f\u00fcn\u00fc bulmas\u0131 i\u00e7in, \u00f6zel doktoru ve saray\u0131n bilgesi Hantal \u0130dris\u2019i g\u00f6revlendirir. Bilge, bu s\u0131rlarla dolu \u00f6l\u00fcm\u00fc o\u011fluyla birlikte ara\u015ft\u0131rmaya ba\u015flar. Ancak, su\u00e7suz oldu\u011funa inand\u0131klar\u0131 mimar\u0131n hayat\u0131n\u0131 kurtarabilmek i\u00e7in yaln\u0131zca birka\u00e7 g\u00fcnleri vard\u0131r\u2026\ufffc<\/p>\n","protected":false},"excerpt":{"rendered":"<p>\u015ea\u015f\u0131rt\u0131c\u0131, soluk solu\u011fa bir tarihsel polisiye!\u0130spanyol edebiyat\u0131n\u0131n usta yazarlar\u0131ndan Jos\u00e9 Luis Velasco\u2019nun, gizemli bir kurguyla kaleme ald\u0131\u011f\u0131 bu e\u015fsiz tarihsel polisiye, \u00fclkesinin \u00fcnl\u00fc gen\u00e7lik edebiyat\u0131 \u00f6d\u00fcl\u00fc<span class=\"excerpt-hellip\"> [\u2026]<\/span><\/p>\n","protected":false},"featured_media":0,"template":"","meta":{"_monsterinsights_skip_tracking":false,"_monsterinsights_sitenote_active":false,"_monsterinsights_sitenote_note":"","_monsterinsights_sitenote_category":0},"product_brand":[],"product_cat":[12291,13113],"product_tag":[],"class_list":{"0":"post-688854","1":"product","2":"type-product","3":"status-publish","5":"product_cat-edebiyat","6":"product_cat-ispanyol-edebiyati","7":"pa_cilt-ciltsiz","8":"pa_tur-kitap","9":"pa_yayinevi-gunisigi-kitapligi","10":"pa_yazar-jose-luis-velasco","12":"first","13":"instock","14":"sale","15":"shipping-taxable","16":"purchasable","17":"product-type-simple"},"_links":{"self":[{"href":"https:\/\/roveyayinevi.com.tr\/index.php\/wp-json\/wp\/v2\/product\/688854","targetHints":{"allow":["GET"]}}],"collection":[{"href":"https:\/\/roveyayinevi.com.tr\/index.php\/wp-json\/wp\/v2\/product"}],"about":[{"href":"https:\/\/roveyayinevi.com.tr\/index.php\/wp-json\/wp\/v2\/types\/product"}],"wp:attachment":[{"href":"https:\/\/roveyayinevi.com.tr\/index.php\/wp-json\/wp\/v2\/media?parent=688854"}],"wp:term":[{"taxonomy":"product_brand","embeddable":true,"href":"https:\/\/roveyayinevi.com.tr\/index.php\/wp-json\/wp\/v2\/product_brand?post=688854"},{"taxonomy":"product_cat","embeddable":true,"href":"https:\/\/roveyayinevi.com.tr\/index.php\/wp-json\/wp\/v2\/product_cat?post=688854"},{"taxonomy":"product_tag","embeddable":true,"href":"https:\/\/roveyayinevi.com.tr\/index.php\/wp-json\/wp\/v2\/product_tag?post=688854"}],"curies":[{"name":"wp","href":"https:\/\/api.w.org\/{rel}","templated":true}]}}