{"id":688852,"date":"2025-08-27T13:08:29","date_gmt":"2025-08-27T10:08:29","guid":{"rendered":"https:\/\/roveyayinevi.com.tr\/index.php\/urun\/eyvah-kitap\/"},"modified":"2026-04-16T01:58:39","modified_gmt":"2026-04-15T22:58:39","slug":"eyvah-kitap","status":"publish","type":"product","link":"https:\/\/roveyayinevi.com.tr\/index.php\/urun\/eyvah-kitap\/","title":{"rendered":"Eyvah Kitap!"},"content":{"rendered":"<p>\u00c7ocuklar\u0131n ve gen\u00e7lerin neden \u201ceyvah kitap\u201d dedi\u011fini dillendiren \u00f6yk\u00fcler!Bu kitaptaki \u00f6yk\u00fcleri anlatanlar: Klasiklerden nefret etti\u011fini sananlar. S\u00fcrekli, \u201cOdana git, kitab\u0131n\u0131 oku!\u201d denenler. Bilgisayarla kitaplar aras\u0131nda se\u00e7ime zorlananlar. Kitap okudu\u011fu duyulursa karizmas\u0131n\u0131n \u00e7izilece\u011finden korkanlar. Yaln\u0131zca kitap okurken kendini iyi hissedenler. Ailesi hi\u00e7 kitap okumazken, tatilde bile kitap okumas\u0131 beklenenler. Sadece Harry Potter kitaplar\u0131 okumak isteyenler. \u00d6\u011fretmenin \u00f6dev verdi\u011fi kitab\u0131 i\u011fren\u00e7 bulanlar ve di\u011ferleri\u2026 <\/p>\n","protected":false},"excerpt":{"rendered":"<p>\u00c7ocuklar\u0131n ve gen\u00e7lerin neden \u201ceyvah kitap\u201d dedi\u011fini dillendiren \u00f6yk\u00fcler!Bu kitaptaki \u00f6yk\u00fcleri anlatanlar: Klasiklerden nefret etti\u011fini sananlar. S\u00fcrekli, \u201cOdana git, kitab\u0131n\u0131 oku!\u201d denenler. Bilgisayarla kitaplar aras\u0131nda se\u00e7ime<span class=\"excerpt-hellip\"> [\u2026]<\/span><\/p>\n","protected":false},"featured_media":0,"template":"","meta":{"_monsterinsights_skip_tracking":false,"_monsterinsights_sitenote_active":false,"_monsterinsights_sitenote_note":"","_monsterinsights_sitenote_category":0},"product_brand":[],"product_cat":[12274],"product_tag":[],"class_list":{"0":"post-688852","1":"product","2":"type-product","3":"status-publish","5":"product_cat-cocuk-ve-genclik-kitaplari","6":"pa_cilt-ciltsiz","7":"pa_tur-kitap","8":"pa_yayinevi-gunisigi-kitapligi","9":"pa_yazar-mine-soysal","11":"first","12":"instock","13":"sale","14":"shipping-taxable","15":"purchasable","16":"product-type-simple"},"_links":{"self":[{"href":"https:\/\/roveyayinevi.com.tr\/index.php\/wp-json\/wp\/v2\/product\/688852","targetHints":{"allow":["GET"]}}],"collection":[{"href":"https:\/\/roveyayinevi.com.tr\/index.php\/wp-json\/wp\/v2\/product"}],"about":[{"href":"https:\/\/roveyayinevi.com.tr\/index.php\/wp-json\/wp\/v2\/types\/product"}],"wp:attachment":[{"href":"https:\/\/roveyayinevi.com.tr\/index.php\/wp-json\/wp\/v2\/media?parent=688852"}],"wp:term":[{"taxonomy":"product_brand","embeddable":true,"href":"https:\/\/roveyayinevi.com.tr\/index.php\/wp-json\/wp\/v2\/product_brand?post=688852"},{"taxonomy":"product_cat","embeddable":true,"href":"https:\/\/roveyayinevi.com.tr\/index.php\/wp-json\/wp\/v2\/product_cat?post=688852"},{"taxonomy":"product_tag","embeddable":true,"href":"https:\/\/roveyayinevi.com.tr\/index.php\/wp-json\/wp\/v2\/product_tag?post=688852"}],"curies":[{"name":"wp","href":"https:\/\/api.w.org\/{rel}","templated":true}]}}