{"id":688850,"date":"2025-08-27T13:08:29","date_gmt":"2025-08-27T10:08:29","guid":{"rendered":"https:\/\/roveyayinevi.com.tr\/index.php\/urun\/citir-citir-felsefe-serisi-10-doga-ve-kirlilik\/"},"modified":"2026-04-16T01:58:39","modified_gmt":"2026-04-15T22:58:39","slug":"citir-citir-felsefe-serisi-10-doga-ve-kirlilik","status":"publish","type":"product","link":"https:\/\/roveyayinevi.com.tr\/index.php\/urun\/citir-citir-felsefe-serisi-10-doga-ve-kirlilik\/","title":{"rendered":"\u00c7\u0131t\u0131r \u00c7\u0131t\u0131r Felsefe Serisi 10 &#8211; Do\u011fa ve Kirlilik"},"content":{"rendered":"<p>D\u00fcnya koca bir \u00e7\u00f6pl\u00fck m\u00fc? \u0130nsan do\u011fan\u0131n par\u00e7as\u0131 de\u011fil mi?\u0130nsan, zek\u00e2s\u0131 sayesinde hayat\u0131n\u0131 kolayla\u015ft\u0131ran binlerce \u015fey icat etti. B\u00fcy\u00fck bir uygarl\u0131k yaratt\u0131.Ama bunu yaparken, kendini gitgide b\u00fct\u00fcn di\u011fer canl\u0131lardan \u00fcst\u00fcn hissetmeye ba\u015flad\u0131. Do\u011faya istedi\u011fi gibi kullanabilece\u011fi dev bir depo, her \u015feyi atabilece\u011fi devasa bir \u00e7\u00f6pl\u00fck gibi davranmaya ba\u015flad\u0131. Sonunda insan, kendisinin de do\u011fan\u0131n par\u00e7as\u0131 oldu\u011funu, yery\u00fcz\u00fcnde ya\u015famlar\u0131 birbirine ba\u011fl\u0131 canl\u0131lardan yaln\u0131zca biri oldu\u011funu unuttu\u2026 <\/p>\n","protected":false},"excerpt":{"rendered":"<p>D\u00fcnya koca bir \u00e7\u00f6pl\u00fck m\u00fc? \u0130nsan do\u011fan\u0131n par\u00e7as\u0131 de\u011fil mi?\u0130nsan, zek\u00e2s\u0131 sayesinde hayat\u0131n\u0131 kolayla\u015ft\u0131ran binlerce \u015fey icat etti. B\u00fcy\u00fck bir uygarl\u0131k yaratt\u0131.Ama bunu yaparken, kendini gitgide<span class=\"excerpt-hellip\"> [\u2026]<\/span><\/p>\n","protected":false},"featured_media":0,"template":"","meta":{"_monsterinsights_skip_tracking":false,"_monsterinsights_sitenote_active":false,"_monsterinsights_sitenote_note":"","_monsterinsights_sitenote_category":0},"product_brand":[],"product_cat":[12389,12388],"product_tag":[],"class_list":{"0":"post-688850","1":"product","2":"type-product","3":"status-publish","5":"product_cat-diger-felsefe","6":"product_cat-felsefe","7":"pa_cilt-ciltsiz","8":"pa_tur-kitap","9":"pa_yayinevi-gunisigi-kitapligi","10":"pa_yazar-brigitte-labbe","12":"first","13":"instock","14":"sale","15":"shipping-taxable","16":"purchasable","17":"product-type-simple"},"_links":{"self":[{"href":"https:\/\/roveyayinevi.com.tr\/index.php\/wp-json\/wp\/v2\/product\/688850","targetHints":{"allow":["GET"]}}],"collection":[{"href":"https:\/\/roveyayinevi.com.tr\/index.php\/wp-json\/wp\/v2\/product"}],"about":[{"href":"https:\/\/roveyayinevi.com.tr\/index.php\/wp-json\/wp\/v2\/types\/product"}],"wp:attachment":[{"href":"https:\/\/roveyayinevi.com.tr\/index.php\/wp-json\/wp\/v2\/media?parent=688850"}],"wp:term":[{"taxonomy":"product_brand","embeddable":true,"href":"https:\/\/roveyayinevi.com.tr\/index.php\/wp-json\/wp\/v2\/product_brand?post=688850"},{"taxonomy":"product_cat","embeddable":true,"href":"https:\/\/roveyayinevi.com.tr\/index.php\/wp-json\/wp\/v2\/product_cat?post=688850"},{"taxonomy":"product_tag","embeddable":true,"href":"https:\/\/roveyayinevi.com.tr\/index.php\/wp-json\/wp\/v2\/product_tag?post=688850"}],"curies":[{"name":"wp","href":"https:\/\/api.w.org\/{rel}","templated":true}]}}