{"id":688849,"date":"2025-08-27T13:08:29","date_gmt":"2025-08-27T10:08:29","guid":{"rendered":"https:\/\/roveyayinevi.com.tr\/index.php\/urun\/citir-citir-felsefe-serisi-16-ben-ve-baskalari\/"},"modified":"2026-04-16T01:58:39","modified_gmt":"2026-04-15T22:58:39","slug":"citir-citir-felsefe-serisi-16-ben-ve-baskalari","status":"publish","type":"product","link":"https:\/\/roveyayinevi.com.tr\/index.php\/urun\/citir-citir-felsefe-serisi-16-ben-ve-baskalari\/","title":{"rendered":"\u00c7\u0131t\u0131r \u00c7\u0131t\u0131r Felsefe Serisi 16 &#8211; Ben ve Ba\u015fkalar\u0131"},"content":{"rendered":"<p>\u0130nsan do\u011fmay\u0131z; ba\u015fkalar\u0131yla birlikte ve ba\u015fkalar\u0131 sayesinde insan oluruz!\u00c7evrildi\u011fi t\u00fcm \u00fclkelerde, her ya\u015ftan okuru felsefeyle bulu\u015fturan \u201c\u00c7\u0131t\u0131r \u00c7\u0131t\u0131r Felsefe\u201d dizisinin on alt\u0131nc\u0131 kitab\u0131 birey ve toplum kavramlar\u0131n\u0131 tart\u0131\u015f\u0131yor. Felsefe \u00f6\u011fretmeni P.-F. Dupont \u2013 Beurier dan\u0131\u015fmanl\u0131\u011f\u0131nda kaleme ald\u0131\u011f\u0131 dizi, ya\u015fam\u0131 ve d\u00fcnyan\u0131n i\u015fleyi\u015fini anlamaya \u00e7al\u0131\u015fan \u00e7ocuklara yard\u0131mc\u0131 olacak temel sorularla kurgulan\u0131yor. Her birinde farkl\u0131 bir konunun ele al\u0131nd\u0131\u011f\u0131, g\u00fcnl\u00fck ya\u015famda s\u0131k\u00e7a kar\u015f\u0131la\u015ft\u0131\u011f\u0131m\u0131z \u00f6rnek olaylar\u0131n \u00f6yk\u00fcle\u015ftirildi\u011fi kitaplar, Jacques Azam\u2019\u0131n karikat\u00fcr tad\u0131ndaki renkli resimleriyle ve \u00f6zg\u00fcn tasar\u0131m\u0131yla benzersiz. \u00dclkemizde yay\u0131mlanmaya ba\u015flad\u0131\u011f\u0131 2006 y\u0131l\u0131ndan bu yana b\u00fcy\u00fck ilgi g\u00f6ren dizi, hem \u00e7ocuklar, hem de \u00f6\u011fretmenler ve anne babalar taraf\u0131ndan sevilerek okunuyor.\u0130nsan, d\u00fcnyaya geldi\u011fi anda, bir \u00fclkenin, bir b\u00f6lgenin, bir \u015fehrin, bir mahallenin, bir soka\u011f\u0131n, bir apartman\u0131n, bir ailenin\u2026 yani \u201cbiz\u201din bir par\u00e7as\u0131d\u0131r. Bir insan do\u011fdu\u011funda, ba\u015fkalar\u0131 \u00e7oktan oradad\u0131r: Hi\u00e7 kimse bo\u015flu\u011fun ortas\u0131na bal\u0131klama atlamaz. Her zaman bir k\u00fclt\u00fcr\u00fcn i\u00e7ine, ba\u015fkalar\u0131n\u0131n aras\u0131na do\u011far\u0131z ve ba\u015fkalar\u0131yla birlikte, ba\u015fkalar\u0131 sayesinde insan oluruz\u2026<\/p>\n","protected":false},"excerpt":{"rendered":"<p>\u0130nsan do\u011fmay\u0131z; ba\u015fkalar\u0131yla birlikte ve ba\u015fkalar\u0131 sayesinde insan oluruz!\u00c7evrildi\u011fi t\u00fcm \u00fclkelerde, her ya\u015ftan okuru felsefeyle bulu\u015fturan \u201c\u00c7\u0131t\u0131r \u00c7\u0131t\u0131r Felsefe\u201d dizisinin on alt\u0131nc\u0131 kitab\u0131 birey ve toplum<span class=\"excerpt-hellip\"> [\u2026]<\/span><\/p>\n","protected":false},"featured_media":0,"template":"","meta":{"_monsterinsights_skip_tracking":false,"_monsterinsights_sitenote_active":false,"_monsterinsights_sitenote_note":"","_monsterinsights_sitenote_category":0},"product_brand":[],"product_cat":[12389,12388],"product_tag":[],"class_list":{"0":"post-688849","1":"product","2":"type-product","3":"status-publish","5":"product_cat-diger-felsefe","6":"product_cat-felsefe","7":"pa_cilt-ciltsiz","8":"pa_tur-kitap","9":"pa_yayinevi-gunisigi-kitapligi","10":"pa_yazar-brigitte-labbe","12":"first","13":"instock","14":"sale","15":"shipping-taxable","16":"purchasable","17":"product-type-simple"},"_links":{"self":[{"href":"https:\/\/roveyayinevi.com.tr\/index.php\/wp-json\/wp\/v2\/product\/688849","targetHints":{"allow":["GET"]}}],"collection":[{"href":"https:\/\/roveyayinevi.com.tr\/index.php\/wp-json\/wp\/v2\/product"}],"about":[{"href":"https:\/\/roveyayinevi.com.tr\/index.php\/wp-json\/wp\/v2\/types\/product"}],"wp:attachment":[{"href":"https:\/\/roveyayinevi.com.tr\/index.php\/wp-json\/wp\/v2\/media?parent=688849"}],"wp:term":[{"taxonomy":"product_brand","embeddable":true,"href":"https:\/\/roveyayinevi.com.tr\/index.php\/wp-json\/wp\/v2\/product_brand?post=688849"},{"taxonomy":"product_cat","embeddable":true,"href":"https:\/\/roveyayinevi.com.tr\/index.php\/wp-json\/wp\/v2\/product_cat?post=688849"},{"taxonomy":"product_tag","embeddable":true,"href":"https:\/\/roveyayinevi.com.tr\/index.php\/wp-json\/wp\/v2\/product_tag?post=688849"}],"curies":[{"name":"wp","href":"https:\/\/api.w.org\/{rel}","templated":true}]}}