{"id":688848,"date":"2025-08-27T13:08:29","date_gmt":"2025-08-27T10:08:29","guid":{"rendered":"https:\/\/roveyayinevi.com.tr\/index.php\/urun\/uzayda-bir-yatili-okul\/"},"modified":"2026-04-16T01:58:39","modified_gmt":"2026-04-15T22:58:39","slug":"uzayda-bir-yatili-okul","status":"publish","type":"product","link":"https:\/\/roveyayinevi.com.tr\/index.php\/urun\/uzayda-bir-yatili-okul\/","title":{"rendered":"Uzayda Bir Yat\u0131l\u0131 Okul"},"content":{"rendered":"<p>Uzay\u0131n derinliklerinde, t\u0131pk\u0131 bizimkiler gibi bir okul. Ama ne okul!Yazu, &#8220;Negezeg&#8221; gezegeninde ya\u015fayan, e\u015fitlik\u00e7i ve bar\u0131\u015f\u00e7\u0131l bir ya\u015fam s\u00fcren &#8220;nasniler&#8221;den biridir. Do\u011facak ikiz karde\u015fleri y\u00fcz\u00fcnden ailesinin ilgisini yitirece\u011fine inanan k\u00fc\u00e7\u00fck uzayl\u0131 Yazu&#8217;nun okulla da ba\u015f\u0131 derttedir. Yaln\u0131zca kendisi gibi insan geni ta\u015f\u0131yanlar\u0131n gidebildi\u011fi \u00f6zel bir okulda yat\u0131l\u0131 okumak i\u00e7in ailesini ikna eder. Oysa, sert kurallarla y\u00f6netilen okulun m\u00fcd\u00fcr\u00fc Hayin Ba\u015fkan&#8217;\u0131n gizli planlar\u0131n\u0131 fark eden Yazu ve arkada\u015flar\u0131n\u0131 zor g\u00fcnler beklemektedir&#8230;Gen\u00e7ler i\u00e7in kaleme ald\u0131\u011f\u0131 Kolaysa A\u011flama ve \u00d6tesi Yok adl\u0131 kitaplar\u0131ndan sonra ilk kez \u00e7ocuklar i\u00e7in yazan Suzan Gerid\u00f6nmez&#8217;den zekice kurgulanm\u0131\u015f muzip, \u015fa\u015f\u0131rt\u0131c\u0131 bir uzay maceras\u0131! Uzak bir gezegende ya\u015fayan uzayl\u0131 \u00e7ocuk Yazu&#8217;nun ba\u015f\u0131ndan ge\u00e7enler \u00e7ocuklar\u0131 e\u011flendirirken, g\u00fcn\u00fcm\u00fcz d\u00fcnyas\u0131n\u0131n \u00f6nemli sorunlar\u0131na mizahla e\u011filiyor. Farkl\u0131l\u0131klar\u0131n uyumu ve anlam\u0131 \u00fczerine d\u00fc\u015f\u00fcnd\u00fcren roman, ne olursa olsun canl\u0131lar aras\u0131nda ayr\u0131m yap\u0131lamayaca\u011f\u0131n\u0131, her canl\u0131y\u0131 kendi do\u011fas\u0131yla kabul etmenin \u00f6nemini anlat\u0131rken, g\u00fcld\u00fcrmeyi de unutmuyor. Yeti\u015fkinlere, D\u00fcnya&#8217;n\u0131n sorunlar\u0131n\u0131 \u00e7ocuklarla farkl\u0131 bir ger\u00e7eklik hayaliyle tart\u0131\u015fma f\u0131rsat\u0131 veren roman, ak\u0131lc\u0131 kurgusu ve h\u0131zl\u0131 temposuyla bir \u00e7\u0131rp\u0131da okunuyor.<\/p>\n","protected":false},"excerpt":{"rendered":"<p>Uzay\u0131n derinliklerinde, t\u0131pk\u0131 bizimkiler gibi bir okul. Ama ne okul!Yazu, &#8220;Negezeg&#8221; gezegeninde ya\u015fayan, e\u015fitlik\u00e7i ve bar\u0131\u015f\u00e7\u0131l bir ya\u015fam s\u00fcren &#8220;nasniler&#8221;den biridir. Do\u011facak ikiz karde\u015fleri y\u00fcz\u00fcnden ailesinin<span class=\"excerpt-hellip\"> [\u2026]<\/span><\/p>\n","protected":false},"featured_media":0,"template":"","meta":{"_monsterinsights_skip_tracking":false,"_monsterinsights_sitenote_active":false,"_monsterinsights_sitenote_note":"","_monsterinsights_sitenote_category":0},"product_brand":[],"product_cat":[12275,12274],"product_tag":[],"class_list":{"0":"post-688848","1":"product","2":"type-product","3":"status-publish","5":"product_cat-6-12-yas-kitaplari","6":"product_cat-cocuk-ve-genclik-kitaplari","7":"pa_cilt-ciltsiz","8":"pa_tur-kitap","9":"pa_yayinevi-gunisigi-kitapligi","10":"pa_yazar-suzan-geridonmez","12":"first","13":"instock","14":"sale","15":"shipping-taxable","16":"purchasable","17":"product-type-simple"},"_links":{"self":[{"href":"https:\/\/roveyayinevi.com.tr\/index.php\/wp-json\/wp\/v2\/product\/688848","targetHints":{"allow":["GET"]}}],"collection":[{"href":"https:\/\/roveyayinevi.com.tr\/index.php\/wp-json\/wp\/v2\/product"}],"about":[{"href":"https:\/\/roveyayinevi.com.tr\/index.php\/wp-json\/wp\/v2\/types\/product"}],"wp:attachment":[{"href":"https:\/\/roveyayinevi.com.tr\/index.php\/wp-json\/wp\/v2\/media?parent=688848"}],"wp:term":[{"taxonomy":"product_brand","embeddable":true,"href":"https:\/\/roveyayinevi.com.tr\/index.php\/wp-json\/wp\/v2\/product_brand?post=688848"},{"taxonomy":"product_cat","embeddable":true,"href":"https:\/\/roveyayinevi.com.tr\/index.php\/wp-json\/wp\/v2\/product_cat?post=688848"},{"taxonomy":"product_tag","embeddable":true,"href":"https:\/\/roveyayinevi.com.tr\/index.php\/wp-json\/wp\/v2\/product_tag?post=688848"}],"curies":[{"name":"wp","href":"https:\/\/api.w.org\/{rel}","templated":true}]}}