{"id":688847,"date":"2025-08-27T13:08:29","date_gmt":"2025-08-27T10:08:29","guid":{"rendered":"https:\/\/roveyayinevi.com.tr\/index.php\/urun\/troia-surlarinin-ardinda\/"},"modified":"2026-04-16T01:58:39","modified_gmt":"2026-04-15T22:58:39","slug":"troia-surlarinin-ardinda","status":"publish","type":"product","link":"https:\/\/roveyayinevi.com.tr\/index.php\/urun\/troia-surlarinin-ardinda\/","title":{"rendered":"Troia Surlar\u0131n\u0131n Ard\u0131nda"},"content":{"rendered":"<p>Binlerce y\u0131l \u00f6ncenin Ege d\u00fcnyas\u0131nda kar\u015f\u0131la\u015fan iki gen\u00e7 kad\u0131n&#8230; Biri, \u00fclkesi Sparta&#8217;y\u0131, evini, hatta \u00e7ocu\u011funu terk ederek, a\u015f\u0131\u011f\u0131 Paris&#8217;le birlikte Troia&#8217;ya ka\u00e7an ve d\u00fcnyan\u0131n en g\u00fczel kad\u0131n\u0131 oldu\u011fu s\u00f6ylenen, Helena. Di\u011feri, Bat\u0131 Anadolu&#8217;nun en zengin kenti Troia&#8217;n\u0131n, olacaklar\u0131 \u00f6nceden bilen, ama s\u00f6zlerine inan\u0131lmayan yaln\u0131z prensesi, Kassandra. Ve onlar\u0131n g\u00f6z\u00fcnden, Yunanlar&#8217;la Troial\u0131lar aras\u0131nda on y\u0131l s\u00fcren kanl\u0131 bir sava\u015f\u0131n \u00f6yk\u00fcs\u00fc. Yitirilen binlerce yi\u011fidin, yok olan bir krall\u0131\u011f\u0131n ve yazg\u0131lar\u0131na ba\u015fkald\u0131ran kad\u0131nlar\u0131n roman\u0131. <\/p>\n","protected":false},"excerpt":{"rendered":"<p>Binlerce y\u0131l \u00f6ncenin Ege d\u00fcnyas\u0131nda kar\u015f\u0131la\u015fan iki gen\u00e7 kad\u0131n&#8230; Biri, \u00fclkesi Sparta&#8217;y\u0131, evini, hatta \u00e7ocu\u011funu terk ederek, a\u015f\u0131\u011f\u0131 Paris&#8217;le birlikte Troia&#8217;ya ka\u00e7an ve d\u00fcnyan\u0131n en g\u00fczel<span class=\"excerpt-hellip\"> [\u2026]<\/span><\/p>\n","protected":false},"featured_media":0,"template":"","meta":{"_monsterinsights_skip_tracking":false,"_monsterinsights_sitenote_active":false,"_monsterinsights_sitenote_note":"","_monsterinsights_sitenote_category":0},"product_brand":[],"product_cat":[12891,12291],"product_tag":[],"class_list":{"0":"post-688847","1":"product","2":"type-product","3":"status-publish","5":"product_cat-amerikan-edebiyati","6":"product_cat-edebiyat","7":"pa_cilt-ciltsiz","8":"pa_tur-kitap","9":"pa_yayinevi-gunisigi-kitapligi","10":"pa_yazar-clemence-mclaren","12":"first","13":"instock","14":"sale","15":"shipping-taxable","16":"purchasable","17":"product-type-simple"},"_links":{"self":[{"href":"https:\/\/roveyayinevi.com.tr\/index.php\/wp-json\/wp\/v2\/product\/688847","targetHints":{"allow":["GET"]}}],"collection":[{"href":"https:\/\/roveyayinevi.com.tr\/index.php\/wp-json\/wp\/v2\/product"}],"about":[{"href":"https:\/\/roveyayinevi.com.tr\/index.php\/wp-json\/wp\/v2\/types\/product"}],"wp:attachment":[{"href":"https:\/\/roveyayinevi.com.tr\/index.php\/wp-json\/wp\/v2\/media?parent=688847"}],"wp:term":[{"taxonomy":"product_brand","embeddable":true,"href":"https:\/\/roveyayinevi.com.tr\/index.php\/wp-json\/wp\/v2\/product_brand?post=688847"},{"taxonomy":"product_cat","embeddable":true,"href":"https:\/\/roveyayinevi.com.tr\/index.php\/wp-json\/wp\/v2\/product_cat?post=688847"},{"taxonomy":"product_tag","embeddable":true,"href":"https:\/\/roveyayinevi.com.tr\/index.php\/wp-json\/wp\/v2\/product_tag?post=688847"}],"curies":[{"name":"wp","href":"https:\/\/api.w.org\/{rel}","templated":true}]}}