{"id":688845,"date":"2025-08-27T13:08:28","date_gmt":"2025-08-27T10:08:28","guid":{"rendered":"https:\/\/roveyayinevi.com.tr\/index.php\/urun\/bizim-tombis-tastan-hic-anlamiyor\/"},"modified":"2026-04-03T02:02:41","modified_gmt":"2026-04-02T23:02:41","slug":"bizim-tombis-tastan-hic-anlamiyor","status":"publish","type":"product","link":"https:\/\/roveyayinevi.com.tr\/index.php\/urun\/bizim-tombis-tastan-hic-anlamiyor\/","title":{"rendered":"Bizim Tombi\u015f Ta\u015ftan Hi\u00e7 Anlam\u0131yor"},"content":{"rendered":"<p>Bir \u00e7ak\u0131lta\u015f\u0131 ka\u00e7 farkl\u0131 hik\u00e2ye anlatabilir?Mizah Ustas\u0131 Behi\u00e7 Ak, yaz\u0131p resimledi\u011fi \u201cTombi\u015f Kitaplar\u201d dizisinin ikinci kitab\u0131nda merakl\u0131 Memo ve arkada\u015f\u0131 Tombi\u015f\u2019in yeni \u00f6yk\u00fcs\u00fcn\u00fc okurlar\u0131yla payla\u015f\u0131yor. Farkl\u0131 d\u00fc\u015f\u00fcncelerin ve duygular\u0131n ya\u015fama katt\u0131\u011f\u0131 zenginli\u011fi merakl\u0131 bir \u00e7ocu\u011fun g\u00f6z\u00fcnden aktaran sanat\u00e7\u0131, karikat\u00fcr tad\u0131ndaki \u00e7izimleriyle ve d\u00fc\u015f\u00fcnd\u00fcr\u00fcc\u00fc, renkli karakterleriyle, bir \u00e7ak\u0131lta\u015f\u0131na herkesin de\u011fi\u015fik anlamlar y\u00fckleyebilece\u011fini anlat\u0131yor. \u0130lk kitap Benim Bir Kar\u0131\u015f\u0131m\u2018\u0131n ard\u0131ndan yine \u00e7ocuklar\u0131 \u00e7evrelerindeki d\u00fcnyay\u0131 g\u00f6zlemlemeye ve sorgulamaya \u00f6zendiren kitap, felsefeye giri\u015f niteli\u011fi ta\u015f\u0131yor.Memo, plajda dola\u015f\u0131rken k\u00fc\u00e7\u00fck bir \u00e7ak\u0131lta\u015f\u0131 bulur. Rastlad\u0131\u011f\u0131 herkes, bu ta\u015fta farkl\u0131 farkl\u0131 \u00f6zellikler ke\u015ffeder. Bir ta\u015f hem \u00e7ok cesur, hem de \u00e7ok tok olabilir mi?.. Cevab\u0131, Behi\u00e7 Ak\u2019\u0131n mizah dolu e\u011flenceli \u00f6yk\u00fcs\u00fcnde ve birbirinden ne\u015feli \u00e7izgilerinde gizli.<\/p>\n","protected":false},"excerpt":{"rendered":"<p>Bir \u00e7ak\u0131lta\u015f\u0131 ka\u00e7 farkl\u0131 hik\u00e2ye anlatabilir?Mizah Ustas\u0131 Behi\u00e7 Ak, yaz\u0131p resimledi\u011fi \u201cTombi\u015f Kitaplar\u201d dizisinin ikinci kitab\u0131nda merakl\u0131 Memo ve arkada\u015f\u0131 Tombi\u015f\u2019in yeni \u00f6yk\u00fcs\u00fcn\u00fc okurlar\u0131yla payla\u015f\u0131yor. Farkl\u0131<span class=\"excerpt-hellip\"> [\u2026]<\/span><\/p>\n","protected":false},"featured_media":0,"template":"","meta":{"_monsterinsights_skip_tracking":false,"_monsterinsights_sitenote_active":false,"_monsterinsights_sitenote_note":"","_monsterinsights_sitenote_category":0},"product_brand":[],"product_cat":[12274,12284],"product_tag":[],"class_list":{"0":"post-688845","1":"product","2":"type-product","3":"status-publish","5":"product_cat-cocuk-ve-genclik-kitaplari","6":"product_cat-hikayeler","7":"pa_cilt-ciltsiz","8":"pa_tur-kitap","9":"pa_yayinevi-gunisigi-kitapligi","10":"pa_yazar-behic-ak","12":"first","13":"instock","14":"sale","15":"shipping-taxable","16":"purchasable","17":"product-type-simple"},"_links":{"self":[{"href":"https:\/\/roveyayinevi.com.tr\/index.php\/wp-json\/wp\/v2\/product\/688845","targetHints":{"allow":["GET"]}}],"collection":[{"href":"https:\/\/roveyayinevi.com.tr\/index.php\/wp-json\/wp\/v2\/product"}],"about":[{"href":"https:\/\/roveyayinevi.com.tr\/index.php\/wp-json\/wp\/v2\/types\/product"}],"wp:attachment":[{"href":"https:\/\/roveyayinevi.com.tr\/index.php\/wp-json\/wp\/v2\/media?parent=688845"}],"wp:term":[{"taxonomy":"product_brand","embeddable":true,"href":"https:\/\/roveyayinevi.com.tr\/index.php\/wp-json\/wp\/v2\/product_brand?post=688845"},{"taxonomy":"product_cat","embeddable":true,"href":"https:\/\/roveyayinevi.com.tr\/index.php\/wp-json\/wp\/v2\/product_cat?post=688845"},{"taxonomy":"product_tag","embeddable":true,"href":"https:\/\/roveyayinevi.com.tr\/index.php\/wp-json\/wp\/v2\/product_tag?post=688845"}],"curies":[{"name":"wp","href":"https:\/\/api.w.org\/{rel}","templated":true}]}}