{"id":688843,"date":"2025-08-27T13:08:28","date_gmt":"2025-08-27T10:08:28","guid":{"rendered":"https:\/\/roveyayinevi.com.tr\/index.php\/urun\/metafizik-mutluluk\/"},"modified":"2026-04-16T01:58:39","modified_gmt":"2026-04-15T22:58:39","slug":"metafizik-mutluluk","status":"publish","type":"product","link":"https:\/\/roveyayinevi.com.tr\/index.php\/urun\/metafizik-mutluluk\/","title":{"rendered":"Metafizik Mutluluk"},"content":{"rendered":"<p>Allah, arzular\u0131na ve \u015fehvetine kar\u015f\u0131 koyan kulunun kalbine bir nur ba\u011f\u0131\u015flar. Bu nur ki\u015finin, Allah\u2019\u0131n azamet, cel\u00e2l, cemal, b\u00fcy\u00fckl\u00fck, letafet, h\u00fck\u00fcmranl\u0131k, kerem, c\u00f6mertlik, iyilik, l\u00fctuf, ba\u011f\u0131\u015f, ihsan ve rahmet gibi s\u0131fatlar\u0131na ula\u015fmas\u0131na vesile olur. Ki\u015finin nefsini e\u011fitmesinden kaynaklanan nurlar kalbe girdi\u011fi zaman, kalp Allah\u2019la beraber olman\u0131n getirdi\u011fi ne\u015feyle dolar. Bu ne\u015fe damarlarda dola\u015farak b\u00fct\u00fcn v\u00fccuda yay\u0131l\u0131r. Bu durumdan sonra d\u00fcnyal\u0131k hazlarla ilgili ne\u015felerin bu damarlarda mesken tutmas\u0131 m\u00fcmk\u00fcn olmaz. Kalp g\u00fc\u00e7 kazan\u0131r ve nefs zay\u0131flar. Kalp Allah ile ya\u015far ve nefsin arzular\u0131 \u00f6l\u00fcp gider. Nurlar nefsi tamamen ele ge\u00e7irir ve onu ma\u011flup eder. Kul, nefsinin safl\u0131\u011f\u0131ndan ve delicesine tutuldu\u011fu sevdadan \u00f6t\u00fcr\u00fc art\u0131k \u00f6zg\u00fcrd\u00fcr. \u0130\u015fte hakiki mutluluk budur! <\/p>\n","protected":false},"excerpt":{"rendered":"<p>Allah, arzular\u0131na ve \u015fehvetine kar\u015f\u0131 koyan kulunun kalbine bir nur ba\u011f\u0131\u015flar. Bu nur ki\u015finin, Allah\u2019\u0131n azamet, cel\u00e2l, cemal, b\u00fcy\u00fckl\u00fck, letafet, h\u00fck\u00fcmranl\u0131k, kerem, c\u00f6mertlik, iyilik, l\u00fctuf, ba\u011f\u0131\u015f,<span class=\"excerpt-hellip\"> [\u2026]<\/span><\/p>\n","protected":false},"featured_media":0,"template":"","meta":{"_monsterinsights_skip_tracking":false,"_monsterinsights_sitenote_active":false,"_monsterinsights_sitenote_note":"","_monsterinsights_sitenote_category":0},"product_brand":[],"product_cat":[12718,12719,12720],"product_tag":[],"class_list":{"0":"post-688843","1":"product","2":"type-product","3":"status-publish","5":"product_cat-din","6":"product_cat-islam","7":"product_cat-tasavvuf-mezhepler-tarikatlar","8":"pa_cilt-ciltsiz","9":"pa_tur-kitap","10":"pa_yayinevi-hayykitap","11":"pa_yazar-hakim-tirmizi","13":"first","14":"instock","15":"sale","16":"shipping-taxable","17":"purchasable","18":"product-type-simple"},"_links":{"self":[{"href":"https:\/\/roveyayinevi.com.tr\/index.php\/wp-json\/wp\/v2\/product\/688843","targetHints":{"allow":["GET"]}}],"collection":[{"href":"https:\/\/roveyayinevi.com.tr\/index.php\/wp-json\/wp\/v2\/product"}],"about":[{"href":"https:\/\/roveyayinevi.com.tr\/index.php\/wp-json\/wp\/v2\/types\/product"}],"wp:attachment":[{"href":"https:\/\/roveyayinevi.com.tr\/index.php\/wp-json\/wp\/v2\/media?parent=688843"}],"wp:term":[{"taxonomy":"product_brand","embeddable":true,"href":"https:\/\/roveyayinevi.com.tr\/index.php\/wp-json\/wp\/v2\/product_brand?post=688843"},{"taxonomy":"product_cat","embeddable":true,"href":"https:\/\/roveyayinevi.com.tr\/index.php\/wp-json\/wp\/v2\/product_cat?post=688843"},{"taxonomy":"product_tag","embeddable":true,"href":"https:\/\/roveyayinevi.com.tr\/index.php\/wp-json\/wp\/v2\/product_tag?post=688843"}],"curies":[{"name":"wp","href":"https:\/\/api.w.org\/{rel}","templated":true}]}}