{"id":688842,"date":"2025-08-27T13:08:28","date_gmt":"2025-08-27T10:08:28","guid":{"rendered":"https:\/\/roveyayinevi.com.tr\/index.php\/urun\/turk-efsaneleri\/"},"modified":"2026-04-16T01:58:39","modified_gmt":"2026-04-15T22:58:39","slug":"turk-efsaneleri","status":"publish","type":"product","link":"https:\/\/roveyayinevi.com.tr\/index.php\/urun\/turk-efsaneleri\/","title":{"rendered":"T\u00fcrk Efsaneleri"},"content":{"rendered":"<p>\u0130nsanlar; ya\u015fad\u0131\u011f\u0131 co\u011frafyaya ait \u00f6nemli g\u00f6rd\u00fckleri ki\u015fileri, nesneleri ve mek\u00e2nlar\u0131 kutsalla\u015ft\u0131r\u0131rlar ve s\u0131rr\u0131n\u0131 \u00e7\u00f6zemedikleri konular\u0131 \u00e7e\u015fitli bi\u00e7imlerde yorumlarlar. Bunlara, ya\u015fanm\u0131\u015f baz\u0131 olaylar\u0131 da kat\u0131p nesilden nesile aktar\u0131rlar. Kutsalla\u015ft\u0131rma, yorumlama ve aktarmalar\u0131n pek \u00e7o\u011fu s\u00f6zl\u00fc olarak yay\u0131l\u0131r. Bu, sonu\u00e7ta bir s\u00f6zl\u00fc k\u00fclt\u00fcr olu\u015fturur.S\u00f6zl\u00fc k\u00fclt\u00fcr\u00fcn en \u00f6nemlilerinden biri de efsanelerdir. Efsaneler, insan ile insan\u0131, insan ile co\u011frafyay\u0131, insan ile di\u011fer varl\u0131klar\u0131, insan ile maneviyat\u0131 bir birine g\u00f6n\u00fcl ba\u011f\u0131 ile ba\u011flayan unsurlard\u0131r.Yakla\u015f\u0131k yirmi be\u015f y\u0131ld\u0131r s\u00fcrd\u00fcrd\u00fc\u011f\u00fcm\u00fcz \u00e7al\u0131\u015fmalarla T\u00fcrkiye&#8217;nin b\u00fcy\u00fck bir b\u00f6l\u00fcm\u00fcnde yapt\u0131\u011f\u0131m\u0131z alan ara\u015ft\u0131rmalar\u0131nda dil, tarih ve k\u00fclt\u00fcr konular\u0131nda elde edilen malzemeleri ar\u015fivlemekteyiz. Ar\u015fivledi\u011fimiz konulardan bir tanesi de efsanelerdir.Efsane k\u00fclt\u00fcr\u00fc bak\u0131m\u0131ndan T\u00fcrk d\u00fcnyas\u0131n\u0131n \u00e7ok zengin oldu\u011funu rahatl\u0131kla s\u00f6yleyebiliriz. T\u00fcrk d\u00fcnyas\u0131n\u0131n g\u00fczel ve \u00f6nemli bir par\u00e7as\u0131 olan T\u00fcrkiye de do\u011fal olarak ayn\u0131 \u00f6zellikleri ta\u015f\u0131maktad\u0131r. Adeta her a\u011fa\u00e7, her ku\u015f, her b\u00f6cek, her hayvan, her ta\u015f, her b\u00fcy\u00fck \u015fahsiyetin bir efsanesi bulunmaktad\u0131r.Bu \u00e7al\u0131\u015fmada 793 adet efsane bulunmaktad\u0131r ve bu alanda yap\u0131lan en b\u00fcy\u00fck \u00e7al\u0131\u015fmalardan birisidir. Efsanelerin her biri orijinaldir ve T\u00fcrk mitolojisi a\u00e7\u0131s\u0131ndan ayr\u0131 bir \u00f6nem ta\u015f\u0131maktad\u0131r. <\/p>\n","protected":false},"excerpt":{"rendered":"<p>\u0130nsanlar; ya\u015fad\u0131\u011f\u0131 co\u011frafyaya ait \u00f6nemli g\u00f6rd\u00fckleri ki\u015fileri, nesneleri ve mek\u00e2nlar\u0131 kutsalla\u015ft\u0131r\u0131rlar ve s\u0131rr\u0131n\u0131 \u00e7\u00f6zemedikleri konular\u0131 \u00e7e\u015fitli bi\u00e7imlerde yorumlarlar. Bunlara, ya\u015fanm\u0131\u015f baz\u0131 olaylar\u0131 da kat\u0131p nesilden nesile<span class=\"excerpt-hellip\"> [\u2026]<\/span><\/p>\n","protected":false},"featured_media":0,"template":"","meta":{"_monsterinsights_skip_tracking":false,"_monsterinsights_sitenote_active":false,"_monsterinsights_sitenote_note":"","_monsterinsights_sitenote_category":0},"product_brand":[],"product_cat":[13072,12291],"product_tag":[],"class_list":{"0":"post-688842","1":"product","2":"type-product","3":"status-publish","5":"product_cat-arastirma-inceleme-referans","6":"product_cat-edebiyat","7":"pa_cilt-ciltsiz","8":"pa_tur-kitap","9":"pa_yayinevi-edge-akademi","10":"pa_yazar-necati-demir","12":"first","13":"instock","14":"sale","15":"shipping-taxable","16":"purchasable","17":"product-type-simple"},"_links":{"self":[{"href":"https:\/\/roveyayinevi.com.tr\/index.php\/wp-json\/wp\/v2\/product\/688842","targetHints":{"allow":["GET"]}}],"collection":[{"href":"https:\/\/roveyayinevi.com.tr\/index.php\/wp-json\/wp\/v2\/product"}],"about":[{"href":"https:\/\/roveyayinevi.com.tr\/index.php\/wp-json\/wp\/v2\/types\/product"}],"wp:attachment":[{"href":"https:\/\/roveyayinevi.com.tr\/index.php\/wp-json\/wp\/v2\/media?parent=688842"}],"wp:term":[{"taxonomy":"product_brand","embeddable":true,"href":"https:\/\/roveyayinevi.com.tr\/index.php\/wp-json\/wp\/v2\/product_brand?post=688842"},{"taxonomy":"product_cat","embeddable":true,"href":"https:\/\/roveyayinevi.com.tr\/index.php\/wp-json\/wp\/v2\/product_cat?post=688842"},{"taxonomy":"product_tag","embeddable":true,"href":"https:\/\/roveyayinevi.com.tr\/index.php\/wp-json\/wp\/v2\/product_tag?post=688842"}],"curies":[{"name":"wp","href":"https:\/\/api.w.org\/{rel}","templated":true}]}}