{"id":688836,"date":"2025-08-27T13:08:27","date_gmt":"2025-08-27T10:08:27","guid":{"rendered":"https:\/\/roveyayinevi.com.tr\/index.php\/urun\/dunyaya-neden-bati-hukmediyor-simdilik\/"},"modified":"2025-12-30T09:34:07","modified_gmt":"2025-12-30T06:34:07","slug":"dunyaya-neden-bati-hukmediyor-simdilik","status":"publish","type":"product","link":"https:\/\/roveyayinevi.com.tr\/index.php\/urun\/dunyaya-neden-bati-hukmediyor-simdilik\/","title":{"rendered":"D\u00fcnyaya Neden Bat\u0131 H\u00fckmediyor \u015eimdilik"},"content":{"rendered":"<p>\u201c&#8230; son 10 bin y\u0131lda, bilinen t\u00fcm halklar\u0131n ba\u015f\u0131na gelmi\u015f her t\u00fcrden \u00f6nemli olay\u0131n heyecan dolu s\u0131rad\u0131\u015f\u0131 bir anlat\u0131s\u0131; \u00fcst\u00fcne bir de gelecekte neler olabilece\u011fine dair bilgi ve deneyime dayanan bir \u00f6ng\u00f6r\u00fc. Okuyun, \u00f6\u011frenin ve tad\u0131n\u0131 \u00e7\u0131kar\u0131n!\u201d\u2013 Jared Diamond, T\u00fcfek, Mikrop ve \u00c7elik\u2019in yazar\u0131\u201c&#8230; tarihin birle\u015ftirilmi\u015f bir alan kuram\u0131n\u0131n en yak\u0131n \u00f6rne\u011fi. Ian Morris, ince bir zek\u00e2 ve bilgelikle, antik\u00e7a\u011f tarihinin yeni teknik ve i\u00e7g\u00f6r\u00fclerini tarihsel sorular\u0131n en b\u00fcy\u00fc\u011f\u00fcn\u00fc ele almakta kullan\u0131yor: Nas\u0131l oldu da Bat\u0131 t\u00fcm di\u011ferlerine boyun e\u011fdirdi? \u00c7ok be\u011fendim.\u201d \u2013 Niall Ferguson, Uygarl\u0131k: Bat\u0131 ve \u00d6tekiler\u2019in yazar\u0131\u201cIan Morris bir klasik \u00e7a\u011f arkeolo\u011fu, bir antik\u00e7a\u011f tarih\u00e7isi ve nefes kesici vizyonu ve ufkuyla, Jared Diamond ve David Landes gibi isimlerle birlikte an\u0131lmay\u0131 hak eden bir yazar. Bizi Avupal\u0131-Amerikal\u0131 Bat\u0131 ile Asyal\u0131 Do\u011fu \u00e7ekirdekleri aras\u0131nda muhte\u015fem bir yolculu\u011fa \u00e7\u0131kar\u0131yor.\u201d \u2013 Paul Cartledge,Cambridge \u00dcniversitesi, Antik Yunan Tarihi profes\u00f6r\u00fc <\/p>\n","protected":false},"excerpt":{"rendered":"<p>\u201c&#8230; son 10 bin y\u0131lda, bilinen t\u00fcm halklar\u0131n ba\u015f\u0131na gelmi\u015f her t\u00fcrden \u00f6nemli olay\u0131n heyecan dolu s\u0131rad\u0131\u015f\u0131 bir anlat\u0131s\u0131; \u00fcst\u00fcne bir de gelecekte neler olabilece\u011fine dair<span class=\"excerpt-hellip\"> [\u2026]<\/span><\/p>\n","protected":false},"featured_media":0,"template":"","meta":{"_monsterinsights_skip_tracking":false,"_monsterinsights_sitenote_active":false,"_monsterinsights_sitenote_note":"","_monsterinsights_sitenote_category":0},"product_brand":[],"product_cat":[12305,12304],"product_tag":[],"class_list":{"0":"post-688836","1":"product","2":"type-product","3":"status-publish","5":"product_cat-dunya-tarihi","6":"product_cat-tarih","7":"pa_cilt-ciltsiz","8":"pa_tur-kitap","9":"pa_yayinevi-alfa-yayinlari","10":"pa_yazar-ian-morris","12":"first","13":"instock","14":"sale","15":"shipping-taxable","16":"purchasable","17":"product-type-simple"},"_links":{"self":[{"href":"https:\/\/roveyayinevi.com.tr\/index.php\/wp-json\/wp\/v2\/product\/688836","targetHints":{"allow":["GET"]}}],"collection":[{"href":"https:\/\/roveyayinevi.com.tr\/index.php\/wp-json\/wp\/v2\/product"}],"about":[{"href":"https:\/\/roveyayinevi.com.tr\/index.php\/wp-json\/wp\/v2\/types\/product"}],"wp:attachment":[{"href":"https:\/\/roveyayinevi.com.tr\/index.php\/wp-json\/wp\/v2\/media?parent=688836"}],"wp:term":[{"taxonomy":"product_brand","embeddable":true,"href":"https:\/\/roveyayinevi.com.tr\/index.php\/wp-json\/wp\/v2\/product_brand?post=688836"},{"taxonomy":"product_cat","embeddable":true,"href":"https:\/\/roveyayinevi.com.tr\/index.php\/wp-json\/wp\/v2\/product_cat?post=688836"},{"taxonomy":"product_tag","embeddable":true,"href":"https:\/\/roveyayinevi.com.tr\/index.php\/wp-json\/wp\/v2\/product_tag?post=688836"}],"curies":[{"name":"wp","href":"https:\/\/api.w.org\/{rel}","templated":true}]}}