{"id":688833,"date":"2025-08-27T13:07:44","date_gmt":"2025-08-27T10:07:44","guid":{"rendered":"https:\/\/roveyayinevi.com.tr\/index.php\/urun\/dini-dunya-islerine-karistirmanin-faydalari\/"},"modified":"2026-04-16T01:58:39","modified_gmt":"2026-04-15T22:58:39","slug":"dini-dunya-islerine-karistirmanin-faydalari","status":"publish","type":"product","link":"https:\/\/roveyayinevi.com.tr\/index.php\/urun\/dini-dunya-islerine-karistirmanin-faydalari\/","title":{"rendered":"Dini D\u00fcnya \u0130\u015flerine Kar\u0131\u015ft\u0131rman\u0131n Faydalar\u0131"},"content":{"rendered":"<p>T\u00fcrkiye\u2019deki her \u00e7ocuk, okullarda laikli\u011fin   din ve d\u00fcnya i\u015flerini birbirinden ay\u0131rmak   oldu\u011fu ezberiyle   e\u011fitilir. <\/p>\n","protected":false},"excerpt":{"rendered":"<p>T\u00fcrkiye\u2019deki her \u00e7ocuk, okullarda laikli\u011fin din ve d\u00fcnya i\u015flerini birbirinden ay\u0131rmak oldu\u011fu ezberiyle e\u011fitilir.<\/p>\n","protected":false},"featured_media":0,"template":"","meta":{"_monsterinsights_skip_tracking":false,"_monsterinsights_sitenote_active":false,"_monsterinsights_sitenote_note":"","_monsterinsights_sitenote_category":0},"product_brand":[],"product_cat":[12718,12719,13025],"product_tag":[],"class_list":{"0":"post-688833","1":"product","2":"type-product","3":"status-publish","5":"product_cat-din","6":"product_cat-islam","7":"product_cat-islam-ve-gunumuz-islam-dusuncesi","8":"pa_tur-kitap","9":"pa_yayinevi-etkilesim-yayinlari","10":"pa_yazar-mustafa-akyol","12":"first","13":"instock","14":"sale","15":"shipping-taxable","16":"purchasable","17":"product-type-simple"},"_links":{"self":[{"href":"https:\/\/roveyayinevi.com.tr\/index.php\/wp-json\/wp\/v2\/product\/688833","targetHints":{"allow":["GET"]}}],"collection":[{"href":"https:\/\/roveyayinevi.com.tr\/index.php\/wp-json\/wp\/v2\/product"}],"about":[{"href":"https:\/\/roveyayinevi.com.tr\/index.php\/wp-json\/wp\/v2\/types\/product"}],"wp:attachment":[{"href":"https:\/\/roveyayinevi.com.tr\/index.php\/wp-json\/wp\/v2\/media?parent=688833"}],"wp:term":[{"taxonomy":"product_brand","embeddable":true,"href":"https:\/\/roveyayinevi.com.tr\/index.php\/wp-json\/wp\/v2\/product_brand?post=688833"},{"taxonomy":"product_cat","embeddable":true,"href":"https:\/\/roveyayinevi.com.tr\/index.php\/wp-json\/wp\/v2\/product_cat?post=688833"},{"taxonomy":"product_tag","embeddable":true,"href":"https:\/\/roveyayinevi.com.tr\/index.php\/wp-json\/wp\/v2\/product_tag?post=688833"}],"curies":[{"name":"wp","href":"https:\/\/api.w.org\/{rel}","templated":true}]}}