{"id":688832,"date":"2025-08-27T13:07:44","date_gmt":"2025-08-27T10:07:44","guid":{"rendered":"https:\/\/roveyayinevi.com.tr\/index.php\/urun\/bir-karakter-yaratmak-osman-akinhay-cevirisi\/"},"modified":"2025-12-30T09:34:07","modified_gmt":"2025-12-30T06:34:07","slug":"bir-karakter-yaratmak-osman-akinhay-cevirisi","status":"publish","type":"product","link":"https:\/\/roveyayinevi.com.tr\/index.php\/urun\/bir-karakter-yaratmak-osman-akinhay-cevirisi\/","title":{"rendered":"Bir Karakter Yaratmak (Osman Ak\u0131nhay \u00c7evirisi)"},"content":{"rendered":"<p>Stanislavski\u2019nin  Bir Karakter Yaratmak  kitab\u0131, \u2018Stanislavski sistemi\u2019 ad\u0131 verilen y\u00f6ntemiyle 20. y\u00fczy\u0131lda tiyatro kuram\u0131 ve prati\u011finde \u00e7ok b\u00fcy\u00fck bir etki b\u0131rakm\u0131\u015f olan b\u00fcy\u00fck y\u00f6netmenin klasik eserlerinden birisidir. Agora Kitapl\u0131\u011f\u0131 bu kitab\u0131, Osman Ak\u0131nhay\u2019\u0131n yeni ve daha g\u00fcncel, daha anla\u015f\u0131l\u0131r ve daha \u00f6zenli \u00e7evirisiyle takdim ediyor&#8230; <\/p>\n","protected":false},"excerpt":{"rendered":"<p>Stanislavski\u2019nin Bir Karakter Yaratmak kitab\u0131, \u2018Stanislavski sistemi\u2019 ad\u0131 verilen y\u00f6ntemiyle 20. y\u00fczy\u0131lda tiyatro kuram\u0131 ve prati\u011finde \u00e7ok b\u00fcy\u00fck bir etki b\u0131rakm\u0131\u015f olan b\u00fcy\u00fck y\u00f6netmenin klasik eserlerinden<span class=\"excerpt-hellip\"> [\u2026]<\/span><\/p>\n","protected":false},"featured_media":0,"template":"","meta":{"_monsterinsights_skip_tracking":false,"_monsterinsights_sitenote_active":false,"_monsterinsights_sitenote_note":"","_monsterinsights_sitenote_category":0},"product_brand":[],"product_cat":[12408],"product_tag":[],"class_list":{"0":"post-688832","1":"product","2":"type-product","3":"status-publish","5":"product_cat-sanat","6":"pa_tur-kitap","7":"pa_yayinevi-agora-kitapligi","8":"pa_yazar-konstantin-stanislavski","10":"first","11":"instock","12":"sale","13":"shipping-taxable","14":"purchasable","15":"product-type-simple"},"_links":{"self":[{"href":"https:\/\/roveyayinevi.com.tr\/index.php\/wp-json\/wp\/v2\/product\/688832","targetHints":{"allow":["GET"]}}],"collection":[{"href":"https:\/\/roveyayinevi.com.tr\/index.php\/wp-json\/wp\/v2\/product"}],"about":[{"href":"https:\/\/roveyayinevi.com.tr\/index.php\/wp-json\/wp\/v2\/types\/product"}],"wp:attachment":[{"href":"https:\/\/roveyayinevi.com.tr\/index.php\/wp-json\/wp\/v2\/media?parent=688832"}],"wp:term":[{"taxonomy":"product_brand","embeddable":true,"href":"https:\/\/roveyayinevi.com.tr\/index.php\/wp-json\/wp\/v2\/product_brand?post=688832"},{"taxonomy":"product_cat","embeddable":true,"href":"https:\/\/roveyayinevi.com.tr\/index.php\/wp-json\/wp\/v2\/product_cat?post=688832"},{"taxonomy":"product_tag","embeddable":true,"href":"https:\/\/roveyayinevi.com.tr\/index.php\/wp-json\/wp\/v2\/product_tag?post=688832"}],"curies":[{"name":"wp","href":"https:\/\/api.w.org\/{rel}","templated":true}]}}