{"id":688828,"date":"2025-08-27T13:07:43","date_gmt":"2025-08-27T10:07:43","guid":{"rendered":"https:\/\/roveyayinevi.com.tr\/index.php\/urun\/cocuk-egitiminde-pozitif-iletisim\/"},"modified":"2026-04-16T01:58:39","modified_gmt":"2026-04-15T22:58:39","slug":"cocuk-egitiminde-pozitif-iletisim","status":"publish","type":"product","link":"https:\/\/roveyayinevi.com.tr\/index.php\/urun\/cocuk-egitiminde-pozitif-iletisim\/","title":{"rendered":"\u00c7ocuk E\u011fitiminde Pozitif \u0130leti\u015fim"},"content":{"rendered":"<p>E\u015f, e\u015fi ya terapi eder ya da terapiye muhta\u00e7 eder. G\u00fcn\u00fcm\u00fczde e\u015fler birbirlerini varoldu\u011fu hali ile kabul etmedikleri i\u00e7indir ki, evlilikler incitici bir m\u00fccadele alan\u0131na d\u00f6n\u00fc\u015f\u00fcyor. Ki\u015filer birbirlerini de\u011fi\u015ftirmek, d\u00f6n\u00fc\u015ft\u00fcrmek ve ba\u015fkala\u015ft\u0131rmak i\u00e7in m\u00fccadeleye girerken, koca bir ya\u015fam, y\u0131pranm\u0131\u015fl\u0131klar i\u00e7inde ge\u00e7ip gidiyor. Kimi zaman, kad\u0131n erkekle\u015ftik\u00e7e, erkek pasifle\u015fiyor; erkek pasifle\u015ftik\u00e7e, kad\u0131n agresifle\u015fiyor. Kimi zaman ise, erkek agresifle\u015ftik\u00e7e, kad\u0131n \u00e7aresizle\u015fiyor; kad\u0131n \u00e7aresizle\u015ftik\u00e7e arada \u00e7ocuklar eziliyor. Halbuki mutlulu\u011fun temel esas\u0131 \u2018ko\u015fulsuz sayg\u0131\u2019 ve ki\u015finin \u2018varoldu\u011fu hali ile kabul edilmesi\u2019dir. Ve insan g\u00f6rd\u00fc\u011f\u00fc, bask\u0131 ve zorlamalar kadar de\u011fil, \u2018kendi olmas\u0131na izin verildi\u011fi kadar\u2019 insand\u0131r. Sa\u011fl\u0131kl\u0131 \u00e7ocuk da, ceza ile korkutularak veya m\u00fck\u00e2fat ile y\u00f6nlendirilerek \u2018davran\u0131\u015f kazand\u0131r\u0131lm\u0131\u015f\u2019 \u00e7ocuk de\u011fildir. Sa\u011fl\u0131kl\u0131 \u00e7ocuk; bir davran\u0131\u015f \u2018yanl\u0131\u015f\u2019 oldu\u011fu i\u00e7in o davran\u0131\u015ftan uzak durabilecek \u2018iradeyi\u2019 kazanm\u0131\u015f \u00e7ocuktur. \u0130\u015fte bu kitap b\u00fct\u00fcn bunlardan bahsediyor. Belki de, aile i\u00e7inde pozitif bir ya\u015fam i\u00e7in g\u00f6zden ka\u00e7\u0131r\u0131lan ayr\u0131nt\u0131lar\u0131 sunuyor.<\/p>\n","protected":false},"excerpt":{"rendered":"<p>E\u015f, e\u015fi ya terapi eder ya da terapiye muhta\u00e7 eder. G\u00fcn\u00fcm\u00fczde e\u015fler birbirlerini varoldu\u011fu hali ile kabul etmedikleri i\u00e7indir ki, evlilikler incitici bir m\u00fccadele alan\u0131na d\u00f6n\u00fc\u015f\u00fcyor.<span class=\"excerpt-hellip\"> [\u2026]<\/span><\/p>\n","protected":false},"featured_media":0,"template":"","meta":{"_monsterinsights_skip_tracking":false,"_monsterinsights_sitenote_active":false,"_monsterinsights_sitenote_note":"","_monsterinsights_sitenote_category":0},"product_brand":[],"product_cat":[12831,12324],"product_tag":[],"class_list":{"0":"post-688828","1":"product","2":"type-product","3":"status-publish","5":"product_cat-aile-ve-cocuk","6":"product_cat-sosyoloji","7":"pa_cilt-ciltsiz","8":"pa_tur-kitap","9":"pa_yayinevi-nesil-yayinlari","10":"pa_yazar-adem-gunes","12":"first","13":"instock","14":"sale","15":"shipping-taxable","16":"purchasable","17":"product-type-simple"},"_links":{"self":[{"href":"https:\/\/roveyayinevi.com.tr\/index.php\/wp-json\/wp\/v2\/product\/688828","targetHints":{"allow":["GET"]}}],"collection":[{"href":"https:\/\/roveyayinevi.com.tr\/index.php\/wp-json\/wp\/v2\/product"}],"about":[{"href":"https:\/\/roveyayinevi.com.tr\/index.php\/wp-json\/wp\/v2\/types\/product"}],"wp:attachment":[{"href":"https:\/\/roveyayinevi.com.tr\/index.php\/wp-json\/wp\/v2\/media?parent=688828"}],"wp:term":[{"taxonomy":"product_brand","embeddable":true,"href":"https:\/\/roveyayinevi.com.tr\/index.php\/wp-json\/wp\/v2\/product_brand?post=688828"},{"taxonomy":"product_cat","embeddable":true,"href":"https:\/\/roveyayinevi.com.tr\/index.php\/wp-json\/wp\/v2\/product_cat?post=688828"},{"taxonomy":"product_tag","embeddable":true,"href":"https:\/\/roveyayinevi.com.tr\/index.php\/wp-json\/wp\/v2\/product_tag?post=688828"}],"curies":[{"name":"wp","href":"https:\/\/api.w.org\/{rel}","templated":true}]}}