{"id":688824,"date":"2025-08-27T13:07:42","date_gmt":"2025-08-27T10:07:42","guid":{"rendered":"https:\/\/roveyayinevi.com.tr\/index.php\/urun\/almanlar-icin-turkce-dilbilgisi-turkische-grammatik-fur-die-deutschen\/"},"modified":"2026-04-16T01:58:39","modified_gmt":"2026-04-15T22:58:39","slug":"almanlar-icin-turkce-dilbilgisi-turkische-grammatik-fur-die-deutschen","status":"publish","type":"product","link":"https:\/\/roveyayinevi.com.tr\/index.php\/urun\/almanlar-icin-turkce-dilbilgisi-turkische-grammatik-fur-die-deutschen\/","title":{"rendered":"Almanlar \u0130\u00e7in T\u00fcrk\u00e7e Dilbilgisi &#8211; T\u00fcrkische Grammatik F\u00fcr Die Deutschen"},"content":{"rendered":"<p>Mehmet Hengirmen ist Gr\u00fcnder und Vorsitzender von T\u00d6MER (dem Lehrzentrum der t\u00fcrkischen Sprache) an der  Ankara Universit\u00e2t.  Er hat eine gro Be Serie von B\u00fcchern mit den Titel  T\u00fcrk\u00e7e \u00d6\u011frenelim  ( Lass uns T\u00fcrkisch lernen ) bereitgestellt, die aus sechs Hauptb\u00fcchern und aus Glossaren in verschiedenen Sprachen bestehen und den Zweck haben, die t\u00fcrkische Sprache Fremden n\u00e2her zu bringen. Neben dieser Serie hat er noch verschiedene B\u00fccher \u00fcber die Lehre der t\u00fcrkischen Sprache ver\u00f6ffentlicht: T\u00fcrk\u00e7e Dilbilgisi (T\u00fcrkische Grammatik), T\u00fcrk\u00e7e Temel Dilbilgisi (T\u00fcrkische Hauptgrammatik), Dilbilgisi ve Dilbilim Terimleri S\u00f6zl\u00fc\u011f\u00fc (W\u00f6rterbuch der grammatikalischen und sprachwissenschaftlichen Begriffe), Konu\u015fma K\u0131lavuzlar\u0131 (Einf\u00fchrung zum Sprechen [es wurde in 20 verschiedenen Sprachen ver\u00f6ffentlicht]) undYaz\u0131m K\u0131lavuzu (Einf\u00fchrung zur Rechtschreibung). <\/p>\n","protected":false},"excerpt":{"rendered":"<p>Mehmet Hengirmen ist Gr\u00fcnder und Vorsitzender von T\u00d6MER (dem Lehrzentrum der t\u00fcrkischen Sprache) an der Ankara Universit\u00e2t. Er hat eine gro Be Serie von B\u00fcchern mit<span class=\"excerpt-hellip\"> [\u2026]<\/span><\/p>\n","protected":false},"featured_media":0,"template":"","meta":{"_monsterinsights_skip_tracking":false,"_monsterinsights_sitenote_active":false,"_monsterinsights_sitenote_note":"","_monsterinsights_sitenote_category":0},"product_brand":[],"product_cat":[12364],"product_tag":[],"class_list":{"0":"post-688824","1":"product","2":"type-product","3":"status-publish","5":"product_cat-genel-konular","6":"pa_tur-kitap","7":"pa_yayinevi-engin-yayinevi","8":"pa_yazar-mehmet-hengirmen","10":"first","11":"instock","12":"sale","13":"shipping-taxable","14":"purchasable","15":"product-type-simple"},"_links":{"self":[{"href":"https:\/\/roveyayinevi.com.tr\/index.php\/wp-json\/wp\/v2\/product\/688824","targetHints":{"allow":["GET"]}}],"collection":[{"href":"https:\/\/roveyayinevi.com.tr\/index.php\/wp-json\/wp\/v2\/product"}],"about":[{"href":"https:\/\/roveyayinevi.com.tr\/index.php\/wp-json\/wp\/v2\/types\/product"}],"wp:attachment":[{"href":"https:\/\/roveyayinevi.com.tr\/index.php\/wp-json\/wp\/v2\/media?parent=688824"}],"wp:term":[{"taxonomy":"product_brand","embeddable":true,"href":"https:\/\/roveyayinevi.com.tr\/index.php\/wp-json\/wp\/v2\/product_brand?post=688824"},{"taxonomy":"product_cat","embeddable":true,"href":"https:\/\/roveyayinevi.com.tr\/index.php\/wp-json\/wp\/v2\/product_cat?post=688824"},{"taxonomy":"product_tag","embeddable":true,"href":"https:\/\/roveyayinevi.com.tr\/index.php\/wp-json\/wp\/v2\/product_tag?post=688824"}],"curies":[{"name":"wp","href":"https:\/\/api.w.org\/{rel}","templated":true}]}}