{"id":688821,"date":"2025-08-27T13:07:42","date_gmt":"2025-08-27T10:07:42","guid":{"rendered":"https:\/\/roveyayinevi.com.tr\/index.php\/urun\/death-note-olum-defteri-cilt-8\/"},"modified":"2026-04-16T01:58:39","modified_gmt":"2026-04-15T22:58:39","slug":"death-note-olum-defteri-cilt-8","status":"publish","type":"product","link":"https:\/\/roveyayinevi.com.tr\/index.php\/urun\/death-note-olum-defteri-cilt-8\/","title":{"rendered":"Death Note &#8211; \u00d6l\u00fcm Defteri &#8211; Cilt 8"},"content":{"rendered":"<p>Bu deftere ad\u0131 yaz\u0131lanlar \u00f6l\u00fcr&#8230; \u00d6l\u00fcm Tanr\u0131s\u0131 \u015einigami Ryuk\u2019un insano\u011flu d\u00fcnyas\u0131na d\u00fc\u015f\u00fcrd\u00fc\u011f\u00fc defter: Death Note (\u00d6l\u00fcm Defteri). Bu do\u011fa\u00fcst\u00fc defteri bulan ve d\u00fcnyadaki cani su\u00e7lular\u0131 ortadan kald\u0131rmak i\u00e7in kullanmaya karar veren Light Yagami (nam-\u0131 di\u011fer Kira) ile kimsenin \u00e7\u00f6zemedi\u011fi olaylarda polise yard\u0131m eden L adl\u0131 gizemli detektif aras\u0131ndaki muhte\u015fem m\u00fccadele b\u00f6yle ba\u015flar.L\u2019in \u00f6l\u00fcm\u00fc sonras\u0131nda, Kira ve L rol\u00fcn\u00fc \u00fcstlenen Light, idelindeki d\u00fcnyay\u0131 yaratma amac\u0131na neredeyse ula\u015fmak \u00fczeredir. Ancak yeni bir sald\u0131r\u0131ya haz\u0131rl\u0131ks\u0131z yakalan\u0131r. L\u2019in yerini almak isteyen iki ki\u015fi, Near ve Mello harekete ge\u00e7er. Mello Light\u2019\u0131n k\u0131z karde\u015fi Sayu\u2019yu ka\u00e7\u0131r\u0131r ve fidye olarak \u00f6zel birim SPK\u2019nin elindeki Death Note\u2019u ister. Light zek\u00e2s\u0131yla bu yeni sald\u0131r\u0131y\u0131 bertaraf edebilecek mi? Light, Kira olarak ideal d\u00fcnyay\u0131 yaratma amac\u0131 ile ailesinin hayat\u0131 aras\u0131nda bir se\u00e7im yapmak zorunda m\u0131 kalacak?<\/p>\n","protected":false},"excerpt":{"rendered":"<p>Bu deftere ad\u0131 yaz\u0131lanlar \u00f6l\u00fcr&#8230; \u00d6l\u00fcm Tanr\u0131s\u0131 \u015einigami Ryuk\u2019un insano\u011flu d\u00fcnyas\u0131na d\u00fc\u015f\u00fcrd\u00fc\u011f\u00fc defter: Death Note (\u00d6l\u00fcm Defteri). Bu do\u011fa\u00fcst\u00fc defteri bulan ve d\u00fcnyadaki cani su\u00e7lular\u0131 ortadan<span class=\"excerpt-hellip\"> [\u2026]<\/span><\/p>\n","protected":false},"featured_media":0,"template":"","meta":{"_monsterinsights_skip_tracking":false,"_monsterinsights_sitenote_active":false,"_monsterinsights_sitenote_note":"","_monsterinsights_sitenote_category":0},"product_brand":[],"product_cat":[12416,12291],"product_tag":[],"class_list":{"0":"post-688821","1":"product","2":"type-product","3":"status-publish","5":"product_cat-cizgi-roman","6":"product_cat-edebiyat","7":"pa_cilt-ciltsiz","8":"pa_tur-kitap","9":"pa_yayinevi-akil-celen-kitaplar","10":"pa_yazar-tsugumi-ooba","12":"first","13":"instock","14":"sale","15":"shipping-taxable","16":"purchasable","17":"product-type-simple"},"_links":{"self":[{"href":"https:\/\/roveyayinevi.com.tr\/index.php\/wp-json\/wp\/v2\/product\/688821","targetHints":{"allow":["GET"]}}],"collection":[{"href":"https:\/\/roveyayinevi.com.tr\/index.php\/wp-json\/wp\/v2\/product"}],"about":[{"href":"https:\/\/roveyayinevi.com.tr\/index.php\/wp-json\/wp\/v2\/types\/product"}],"wp:attachment":[{"href":"https:\/\/roveyayinevi.com.tr\/index.php\/wp-json\/wp\/v2\/media?parent=688821"}],"wp:term":[{"taxonomy":"product_brand","embeddable":true,"href":"https:\/\/roveyayinevi.com.tr\/index.php\/wp-json\/wp\/v2\/product_brand?post=688821"},{"taxonomy":"product_cat","embeddable":true,"href":"https:\/\/roveyayinevi.com.tr\/index.php\/wp-json\/wp\/v2\/product_cat?post=688821"},{"taxonomy":"product_tag","embeddable":true,"href":"https:\/\/roveyayinevi.com.tr\/index.php\/wp-json\/wp\/v2\/product_tag?post=688821"}],"curies":[{"name":"wp","href":"https:\/\/api.w.org\/{rel}","templated":true}]}}