{"id":688815,"date":"2025-08-27T13:07:41","date_gmt":"2025-08-27T10:07:41","guid":{"rendered":"https:\/\/roveyayinevi.com.tr\/index.php\/urun\/kayip-madalyanin-pesinde\/"},"modified":"2026-04-16T01:58:38","modified_gmt":"2026-04-15T22:58:38","slug":"kayip-madalyanin-pesinde","status":"publish","type":"product","link":"https:\/\/roveyayinevi.com.tr\/index.php\/urun\/kayip-madalyanin-pesinde\/","title":{"rendered":"Kay\u0131p Madalyan\u0131n Pe\u015finde"},"content":{"rendered":"<p>Neredeyse hepimizin tan\u0131d\u0131\u011f\u0131 Parmak \u00c7ocuk &#8216;un bizlerle payla\u015fmak istedi\u011fi bir s\u0131rr\u0131 var!  Ormanda kaybolup devin eline d\u00fc\u015ft\u00fckten sonra zek\u00e2s\u0131 sayesinde devden kurtulmay\u0131 ba\u015faran Parmak \u00c7ocuk ormanda yolunu kaybetmeden ya\u015famay\u0131 nas\u0131l \u00f6\u011frendi?  Bu sorunun yan\u0131t\u0131n\u0131 bulmak ve ba\u015fka \u00e7ocuklara da ormanda yollar\u0131n\u0131 bulmay\u0131 \u00f6\u011fretmek i\u00e7in kahraman\u0131m\u0131z Parmak \u00c7ocuk ile birlikte tamamlamam\u0131z gereken g\u00f6revler var: K\u00f6t\u00fcl\u00fckle beslenen b\u00f6cek Ariel&#8217;in elinden Parkur Perisi&#8217;ni kurtarmak ve t\u0131ls\u0131ml\u0131 Alt\u0131n Oryantiring Madalyas\u0131&#8217;na ula\u015fmak. Gelin birlikte Parkur Perisi&#8217;ni kurtar\u0131p hem madalyan\u0131n yerini hem de Parmak \u00c7ocuk&#8217; un bizlerle payla\u015fmak istedi\u011fi s\u0131rr\u0131n\u0131 \u00f6\u011frenelim. Siz de mi ormanda kaybolmaktan korkuyorsunuz? Merak etmeyin. Efsane Kitab\u0131 yol g\u00f6stermek i\u00e7in yan\u0131m\u0131zda olacak. <\/p>\n","protected":false},"excerpt":{"rendered":"<p>Neredeyse hepimizin tan\u0131d\u0131\u011f\u0131 Parmak \u00c7ocuk &#8216;un bizlerle payla\u015fmak istedi\u011fi bir s\u0131rr\u0131 var! Ormanda kaybolup devin eline d\u00fc\u015ft\u00fckten sonra zek\u00e2s\u0131 sayesinde devden kurtulmay\u0131 ba\u015faran Parmak \u00c7ocuk ormanda<span class=\"excerpt-hellip\"> [\u2026]<\/span><\/p>\n","protected":false},"featured_media":0,"template":"","meta":{"_monsterinsights_skip_tracking":false,"_monsterinsights_sitenote_active":false,"_monsterinsights_sitenote_note":"","_monsterinsights_sitenote_category":0},"product_brand":[],"product_cat":[12275,12274],"product_tag":[],"class_list":{"0":"post-688815","1":"product","2":"type-product","3":"status-publish","5":"product_cat-6-12-yas-kitaplari","6":"product_cat-cocuk-ve-genclik-kitaplari","7":"pa_cilt-ciltsiz","8":"pa_tur-kitap","9":"pa_yayinevi-elma-cocuk","10":"pa_yazar-ferrin-ilbay-yalniz","12":"first","13":"instock","14":"sale","15":"shipping-taxable","16":"purchasable","17":"product-type-simple"},"_links":{"self":[{"href":"https:\/\/roveyayinevi.com.tr\/index.php\/wp-json\/wp\/v2\/product\/688815","targetHints":{"allow":["GET"]}}],"collection":[{"href":"https:\/\/roveyayinevi.com.tr\/index.php\/wp-json\/wp\/v2\/product"}],"about":[{"href":"https:\/\/roveyayinevi.com.tr\/index.php\/wp-json\/wp\/v2\/types\/product"}],"wp:attachment":[{"href":"https:\/\/roveyayinevi.com.tr\/index.php\/wp-json\/wp\/v2\/media?parent=688815"}],"wp:term":[{"taxonomy":"product_brand","embeddable":true,"href":"https:\/\/roveyayinevi.com.tr\/index.php\/wp-json\/wp\/v2\/product_brand?post=688815"},{"taxonomy":"product_cat","embeddable":true,"href":"https:\/\/roveyayinevi.com.tr\/index.php\/wp-json\/wp\/v2\/product_cat?post=688815"},{"taxonomy":"product_tag","embeddable":true,"href":"https:\/\/roveyayinevi.com.tr\/index.php\/wp-json\/wp\/v2\/product_tag?post=688815"}],"curies":[{"name":"wp","href":"https:\/\/api.w.org\/{rel}","templated":true}]}}