{"id":688814,"date":"2025-08-27T13:07:41","date_gmt":"2025-08-27T10:07:41","guid":{"rendered":"https:\/\/roveyayinevi.com.tr\/index.php\/urun\/corap-agaci\/"},"modified":"2026-04-16T01:58:38","modified_gmt":"2026-04-15T22:58:38","slug":"corap-agaci","status":"publish","type":"product","link":"https:\/\/roveyayinevi.com.tr\/index.php\/urun\/corap-agaci\/","title":{"rendered":"\u00c7orap A\u011fac\u0131"},"content":{"rendered":"<p>\u00c7orap A\u011fac\u0131, \u00fc\u00e7 ayr\u0131 \u00e7ocu\u011fun g\u00f6z\u00fcnden Anadolu&#8217;nun farkl\u0131 d\u00f6nemlerini ve farkl\u0131 ya\u015famlar\u0131 yans\u0131t\u0131yor. \u00c7ocuklar\u0131n ellerinden d\u00fc\u015f\u00fcremeyecekleri, \u00fc\u00e7 \u00f6yk\u00fcden olu\u015fan bu eser Elma \u00c7ocuk serisinin en yeni kitab\u0131! 1950, 60 ve 80&#8217;lerde ge\u00e7en \u00fc\u00e7 ayr\u0131 hik\u00e2ye. Anadolu&#8217;nun farkl\u0131 kasabalar\u0131nda, farkl\u0131 ya\u015famlar s\u00fcren \u00fc\u00e7 \u00e7ocuk. Bilgisayar\u0131n, cep telefonunun ve hatta televizyonun olmad\u0131\u011f\u0131, varl\u0131k g\u00f6rmemi\u015f \u00e7ocuklar\u0131n yoklu\u011fu fark etmedi\u011fi d\u00f6nemler&#8230; Ya\u015fam\u0131n yal\u0131n, sorunlar\u0131n ger\u00e7ek oldu\u011fu zamanlar.  Hasan, Ahmet ve Selime&#8230; \u00dc\u00e7 ayr\u0131 d\u00f6nemin, \u00fc\u00e7 farkl\u0131 kahraman\u0131. Onlar, ya\u015fam\u0131 ve yeti\u015fkinlerin d\u00fcnyas\u0131n\u0131 anlamaya \u00e7al\u0131\u015f\u0131rken fark\u0131na varmadan b\u00fcy\u00fcyen bireyler. Ya\u015fad\u0131klar\u0131 yerler ve ya\u015fam hik\u00e2yeleri birbirinden farkl\u0131 olsa da duygular\u0131, d\u00fc\u015f\u00fcnceleri ve de\u011ferleri ortak. D\u00fc\u015f\u00fcnen, \u00f6\u011frenen, direnen, vazge\u00e7meyen \u00e7ocuklar&#8230; \u00dc\u00e7 hik\u00e2yeden olu\u015fan \u00c7orap A\u011fac\u0131, Arzu Sehim&#8217;in ilk \u00f6yk\u00fc kitab\u0131. Bug\u00fcn\u00fcn \u00e7ocuklar\u0131n\u0131 anne babalar\u0131n\u0131n, dedelerinin ve b\u00fcy\u00fckannelerinin \u00e7ocuklu\u011funa ta\u015f\u0131yan Sehim, yal\u0131n, ak\u0131c\u0131 ve \u00f6zg\u00fcn diliyle \u00fc\u00e7 farkl\u0131 \u00e7ocu\u011fun g\u00f6z\u00fcnden farkl\u0131 d\u00f6nemleri ve farkl\u0131 ya\u015famlar\u0131 ustal\u0131kla anlat\u0131yor. <\/p>\n","protected":false},"excerpt":{"rendered":"<p>\u00c7orap A\u011fac\u0131, \u00fc\u00e7 ayr\u0131 \u00e7ocu\u011fun g\u00f6z\u00fcnden Anadolu&#8217;nun farkl\u0131 d\u00f6nemlerini ve farkl\u0131 ya\u015famlar\u0131 yans\u0131t\u0131yor. \u00c7ocuklar\u0131n ellerinden d\u00fc\u015f\u00fcremeyecekleri, \u00fc\u00e7 \u00f6yk\u00fcden olu\u015fan bu eser Elma \u00c7ocuk serisinin en yeni<span class=\"excerpt-hellip\"> [\u2026]<\/span><\/p>\n","protected":false},"featured_media":0,"template":"","meta":{"_monsterinsights_skip_tracking":false,"_monsterinsights_sitenote_active":false,"_monsterinsights_sitenote_note":"","_monsterinsights_sitenote_category":0},"product_brand":[],"product_cat":[12913,12274],"product_tag":[],"class_list":{"0":"post-688814","1":"product","2":"type-product","3":"status-publish","5":"product_cat-3-6-yas-kitaplari","6":"product_cat-cocuk-ve-genclik-kitaplari","7":"pa_cilt-ciltsiz","8":"pa_tur-kitap","9":"pa_yayinevi-elma-cocuk","10":"pa_yazar-arzu-sehim","12":"first","13":"instock","14":"sale","15":"shipping-taxable","16":"purchasable","17":"product-type-simple"},"_links":{"self":[{"href":"https:\/\/roveyayinevi.com.tr\/index.php\/wp-json\/wp\/v2\/product\/688814","targetHints":{"allow":["GET"]}}],"collection":[{"href":"https:\/\/roveyayinevi.com.tr\/index.php\/wp-json\/wp\/v2\/product"}],"about":[{"href":"https:\/\/roveyayinevi.com.tr\/index.php\/wp-json\/wp\/v2\/types\/product"}],"wp:attachment":[{"href":"https:\/\/roveyayinevi.com.tr\/index.php\/wp-json\/wp\/v2\/media?parent=688814"}],"wp:term":[{"taxonomy":"product_brand","embeddable":true,"href":"https:\/\/roveyayinevi.com.tr\/index.php\/wp-json\/wp\/v2\/product_brand?post=688814"},{"taxonomy":"product_cat","embeddable":true,"href":"https:\/\/roveyayinevi.com.tr\/index.php\/wp-json\/wp\/v2\/product_cat?post=688814"},{"taxonomy":"product_tag","embeddable":true,"href":"https:\/\/roveyayinevi.com.tr\/index.php\/wp-json\/wp\/v2\/product_tag?post=688814"}],"curies":[{"name":"wp","href":"https:\/\/api.w.org\/{rel}","templated":true}]}}