{"id":688813,"date":"2025-08-27T13:07:40","date_gmt":"2025-08-27T10:07:40","guid":{"rendered":"https:\/\/roveyayinevi.com.tr\/index.php\/urun\/ciplak-zebra\/"},"modified":"2026-04-16T01:58:38","modified_gmt":"2026-04-15T22:58:38","slug":"ciplak-zebra","status":"publish","type":"product","link":"https:\/\/roveyayinevi.com.tr\/index.php\/urun\/ciplak-zebra\/","title":{"rendered":"\u00c7\u0131plak Zebra"},"content":{"rendered":"<p>Usta elinden \u00e7\u0131kma \u00c7\u0131plak Zebra, \u00e7izgileri olmayan bir zebran\u0131n kendini ke\u015ffetme yolculu\u011funa \u00e7\u0131k\u0131\u015f\u0131n\u0131, ger\u00e7ek \u00e7\u0131plakl\u0131\u011f\u0131n ne oldu\u011funu kavray\u0131\u015f\u0131n\u0131 \u015fenlikli ortam\u0131nda, olduk\u00e7a e\u011flenceli bir bi\u00e7imde aktar\u0131yor. Zebralar\u0131 bilirsiniz, hani \u015fu atlar\u0131n \u00e7izgili pijama giymi\u015f olanlar\u0131&#8230; \u0130\u015fte kahraman\u0131m\u0131z Arbez de bir zebra ama onun \u00e7izgileri yok, bu nedenle kafas\u0131 biraz kar\u0131\u015f\u0131k. \u00c7\u0131plakl\u0131\u011f\u0131 konusunda yap\u0131lan \u015fakalardan s\u0131k\u0131ld\u0131k\u00e7a uzaklara gitmeyi d\u00fc\u015fl\u00fcyor, i\u015fin ger\u00e7e\u011fi merak da ediyor oralar\u0131. Ama i\u00e7inde ya\u015fad\u0131\u011f\u0131 kocaman d\u00fczl\u00fckte ailesi ve dostlar\u0131yla da harika vakit ge\u00e7iriyor. Nas\u0131l ge\u00e7irmesin ki, bak\u0131n bizim Arbez kimlerle arkada\u015fl\u0131k ediyor: G\u00f6zleri a\u00e7\u0131k unutulmu\u015f birer muslu\u011fa benzeyen Islak Merdiven, y\u00fckseklik korkusu olan Soytar\u0131 Sincap, k\u0131rm\u0131z\u0131 fil Fingo, karmakar\u0131\u015f\u0131k konu\u015fan K\u0131sk\u0131s, g\u00f6rm\u00fc\u015f ge\u00e7irmi\u015f b\u00fcy\u00fckbaba \u00c7amk\u00f6k\u00fc&#8230; Daha ne olsun! (Laf aram\u0131zda, bu sayd\u0131klar\u0131m\u0131z yaln\u0131zca birka\u00e7\u0131.) Dostluk g\u00fczel \u015fey de, Arbez&#8217;in akl\u0131na uzaklar d\u00fc\u015ft\u00fc bir kere. Yery\u00fcz\u00fcn\u00fc tan\u0131ma arzusuna nas\u0131l dur denir ki? G\u00fcn gelir, ac\u0131 ot yemekten de\u011fil ac\u0131 s\u00f6z duymaktan korkan Arbez, b\u00fcy\u00fck bir kararl\u0131l\u0131kla yollara d\u00fc\u015fer. Bakal\u0131m bu yolculuk ona \u00e7izgilerini verecek mi? Peki sizce ger\u00e7ek \u00e7\u0131plakl\u0131k nedir? \u00c7izgilerinizin olmamas\u0131 m\u0131, bir dostun sizi unutmas\u0131 m\u0131? Yoksa etraf\u0131m\u0131zdakilerin bize giydirdi\u011fi giysiler midir bizi \u00e7\u0131plak yapan? Gelin Arbez&#8217;in bize f\u0131s\u0131ldad\u0131klar\u0131na kulak kesilelim! <\/p>\n","protected":false},"excerpt":{"rendered":"<p>Usta elinden \u00e7\u0131kma \u00c7\u0131plak Zebra, \u00e7izgileri olmayan bir zebran\u0131n kendini ke\u015ffetme yolculu\u011funa \u00e7\u0131k\u0131\u015f\u0131n\u0131, ger\u00e7ek \u00e7\u0131plakl\u0131\u011f\u0131n ne oldu\u011funu kavray\u0131\u015f\u0131n\u0131 \u015fenlikli ortam\u0131nda, olduk\u00e7a e\u011flenceli bir bi\u00e7imde aktar\u0131yor. Zebralar\u0131<span class=\"excerpt-hellip\"> [\u2026]<\/span><\/p>\n","protected":false},"featured_media":0,"template":"","meta":{"_monsterinsights_skip_tracking":false,"_monsterinsights_sitenote_active":false,"_monsterinsights_sitenote_note":"","_monsterinsights_sitenote_category":0},"product_brand":[],"product_cat":[12275,12274],"product_tag":[],"class_list":{"0":"post-688813","1":"product","2":"type-product","3":"status-publish","5":"product_cat-6-12-yas-kitaplari","6":"product_cat-cocuk-ve-genclik-kitaplari","7":"pa_cilt-ciltsiz","8":"pa_tur-kitap","9":"pa_yayinevi-elma-cocuk","10":"pa_yazar-ahmet-onel","12":"first","13":"instock","14":"sale","15":"shipping-taxable","16":"purchasable","17":"product-type-simple"},"_links":{"self":[{"href":"https:\/\/roveyayinevi.com.tr\/index.php\/wp-json\/wp\/v2\/product\/688813","targetHints":{"allow":["GET"]}}],"collection":[{"href":"https:\/\/roveyayinevi.com.tr\/index.php\/wp-json\/wp\/v2\/product"}],"about":[{"href":"https:\/\/roveyayinevi.com.tr\/index.php\/wp-json\/wp\/v2\/types\/product"}],"wp:attachment":[{"href":"https:\/\/roveyayinevi.com.tr\/index.php\/wp-json\/wp\/v2\/media?parent=688813"}],"wp:term":[{"taxonomy":"product_brand","embeddable":true,"href":"https:\/\/roveyayinevi.com.tr\/index.php\/wp-json\/wp\/v2\/product_brand?post=688813"},{"taxonomy":"product_cat","embeddable":true,"href":"https:\/\/roveyayinevi.com.tr\/index.php\/wp-json\/wp\/v2\/product_cat?post=688813"},{"taxonomy":"product_tag","embeddable":true,"href":"https:\/\/roveyayinevi.com.tr\/index.php\/wp-json\/wp\/v2\/product_tag?post=688813"}],"curies":[{"name":"wp","href":"https:\/\/api.w.org\/{rel}","templated":true}]}}