{"id":688811,"date":"2025-08-27T13:07:40","date_gmt":"2025-08-27T10:07:40","guid":{"rendered":"https:\/\/roveyayinevi.com.tr\/index.php\/urun\/metal-destekli-estetik-veneer-kaplamakronlar\/"},"modified":"2026-04-16T01:58:38","modified_gmt":"2026-04-15T22:58:38","slug":"metal-destekli-estetik-veneer-kaplamakronlar","status":"publish","type":"product","link":"https:\/\/roveyayinevi.com.tr\/index.php\/urun\/metal-destekli-estetik-veneer-kaplamakronlar\/","title":{"rendered":"Metal Destekli Estetik (Veneer-Kaplama)Kronlar"},"content":{"rendered":"<p>1-terminoloji 2-tan\u0131m ve tarih\u00e7e 3-s\u0131n\u0131fland\u0131rma 4-anamnez ve muayene 5-metal destekli estetik kronlar\u0131n \u00f6zellikleri 6-di\u015f kesimi \u00f6ncesi klinik \u00e7al\u0131\u015fmalar 7-di\u015f kesimi 8-kesilen di\u015f dokular\u0131n\u0131n korunmas\u0131 9-kesilen di\u015ften \u00f6l\u00e7\u00fc alma 10-day (g\u00fcd\u00fck-\u00e7ekirdek di\u015f modeli) 11-daylar\u0131n artik\u00fclasyona al\u0131nmas\u0131 12-d\u00f6k\u00fcm \u00f6rne\u011finin yap\u0131m\u0131 13-fonksiyonel okl\u00fczal morfoloji 14-fonksiyonel okl\u00fczal morfolojinin modelaj teknikleri 15-d\u00f6k\u00fcm \u00f6rne\u011finin tijlenmesi ve d\u00f6k\u00fcm halkas\u0131 i\u00e7inde konumlanmas\u0131 16-revetmanlama 17-kron protezlerinde kullan\u0131lan metal ala\u015f\u0131mlar\u0131 ve \u015fekillendirme teknikleri 18-d\u00f6k\u00fcm 19-polisaj ve parlatma 20-estetik ve materyallerin metal ile ba\u011flant\u0131s\u0131 21-estetik ve materyal uygunacak metal y\u00fczeyinin temizlenmesi 22-estetik materyalleri uygulanmas\u0131 23-kron protezlerinin hasta a\u011fz\u0131na uyumlanmas\u0131 24-kron protezinin yap\u0131\u015ft\u0131r\u0131lmas\u0131 ve s\u00f6k\u00fclmesi 25-hareketli b\u00f6l\u00fcml\u00fc protez deste\u011fi di\u015flere veneer kron yap\u0131m\u0131 26-metal destekli estetik kron 27-kron k\u00f6pr\u00fc protezlerinde ba\u015far\u0131s\u0131zl\u0131klar 28-estetik materyal kay\u0131plar\u0131 ve tedavi teknikleri <\/p>\n","protected":false},"excerpt":{"rendered":"<p>1-terminoloji 2-tan\u0131m ve tarih\u00e7e 3-s\u0131n\u0131fland\u0131rma 4-anamnez ve muayene 5-metal destekli estetik kronlar\u0131n \u00f6zellikleri 6-di\u015f kesimi \u00f6ncesi klinik \u00e7al\u0131\u015fmalar 7-di\u015f kesimi 8-kesilen di\u015f dokular\u0131n\u0131n korunmas\u0131 9-kesilen di\u015ften<span class=\"excerpt-hellip\"> [\u2026]<\/span><\/p>\n","protected":false},"featured_media":0,"template":"","meta":{"_monsterinsights_skip_tracking":false,"_monsterinsights_sitenote_active":false,"_monsterinsights_sitenote_note":"","_monsterinsights_sitenote_category":0},"product_brand":[],"product_cat":[12573,12566],"product_tag":[],"class_list":{"0":"post-688811","1":"product","2":"type-product","3":"status-publish","5":"product_cat-akademik-kitaplar","6":"product_cat-egitim","7":"pa_cilt-ciltsiz","8":"pa_tur-kitap","9":"pa_yayinevi-gazi-kitabevi","10":"pa_yazar-husnu-yavuz-yilmaz","12":"first","13":"instock","14":"sale","15":"shipping-taxable","16":"purchasable","17":"product-type-simple"},"_links":{"self":[{"href":"https:\/\/roveyayinevi.com.tr\/index.php\/wp-json\/wp\/v2\/product\/688811","targetHints":{"allow":["GET"]}}],"collection":[{"href":"https:\/\/roveyayinevi.com.tr\/index.php\/wp-json\/wp\/v2\/product"}],"about":[{"href":"https:\/\/roveyayinevi.com.tr\/index.php\/wp-json\/wp\/v2\/types\/product"}],"wp:attachment":[{"href":"https:\/\/roveyayinevi.com.tr\/index.php\/wp-json\/wp\/v2\/media?parent=688811"}],"wp:term":[{"taxonomy":"product_brand","embeddable":true,"href":"https:\/\/roveyayinevi.com.tr\/index.php\/wp-json\/wp\/v2\/product_brand?post=688811"},{"taxonomy":"product_cat","embeddable":true,"href":"https:\/\/roveyayinevi.com.tr\/index.php\/wp-json\/wp\/v2\/product_cat?post=688811"},{"taxonomy":"product_tag","embeddable":true,"href":"https:\/\/roveyayinevi.com.tr\/index.php\/wp-json\/wp\/v2\/product_tag?post=688811"}],"curies":[{"name":"wp","href":"https:\/\/api.w.org\/{rel}","templated":true}]}}