{"id":688809,"date":"2025-08-27T13:07:40","date_gmt":"2025-08-27T10:07:40","guid":{"rendered":"https:\/\/roveyayinevi.com.tr\/index.php\/urun\/aile-isletmeleri\/"},"modified":"2026-04-16T01:58:38","modified_gmt":"2026-04-15T22:58:38","slug":"aile-isletmeleri","status":"publish","type":"product","link":"https:\/\/roveyayinevi.com.tr\/index.php\/urun\/aile-isletmeleri\/","title":{"rendered":"Aile \u0130\u015fletmeleri"},"content":{"rendered":"<p>Bu kitap, aile i\u015fletmeleri i\u00e7in zengin bir bilgi da\u011farc\u0131\u011f\u0131 ortaya koymu\u015f olmakla birlikte kitab\u0131n \u00f6nemli bir di\u011fer ba\u015far\u0131s\u0131 da; kitab\u0131 okuyan ki\u015finin, i\u015fletme biliminde ya da i\u015f hayat\u0131nda yer almasa da bu kitab\u0131 rahatl\u0131kla anlayabilecek hatta akl\u0131ndan \u00e7\u0131karamayacak bir anlat\u0131ma ve konu i\u015fleyi\u015fine sahip olmas\u0131d\u0131r.Konu Ba\u015fl\u0131klar\u0131Aile \u0130\u015fletmesiAile \u0130\u015fletmelerinin Yap\u0131s\u0131, Geli\u015fimi, Y\u00f6netimi ve Ya\u015fanan \u00c7at\u0131\u015fmalarAile \u0130\u015fletmelerinin S\u00fcrd\u00fcr\u00fclebilirli\u011finin Sa\u011flanmas\u0131Aile \u0130\u015fletmelerinin S\u00fcrd\u00fcr\u00fclebilirli\u011finin Sa\u011flanmas\u0131nda Devir Planlamas\u0131 ve Ba\u011f\u0131ms\u0131z\u00d6rnek Olay \u00c7al\u0131\u015fmas\u0131; Akkanat Holding <\/p>\n","protected":false},"excerpt":{"rendered":"<p>Bu kitap, aile i\u015fletmeleri i\u00e7in zengin bir bilgi da\u011farc\u0131\u011f\u0131 ortaya koymu\u015f olmakla birlikte kitab\u0131n \u00f6nemli bir di\u011fer ba\u015far\u0131s\u0131 da; kitab\u0131 okuyan ki\u015finin, i\u015fletme biliminde ya da<span class=\"excerpt-hellip\"> [\u2026]<\/span><\/p>\n","protected":false},"featured_media":0,"template":"","meta":{"_monsterinsights_skip_tracking":false,"_monsterinsights_sitenote_active":false,"_monsterinsights_sitenote_note":"","_monsterinsights_sitenote_category":0},"product_brand":[],"product_cat":[12573,12566],"product_tag":[],"class_list":{"0":"post-688809","1":"product","2":"type-product","3":"status-publish","5":"product_cat-akademik-kitaplar","6":"product_cat-egitim","7":"pa_cilt-ciltsiz","8":"pa_tur-kitap","9":"pa_yayinevi-gazi-kitabevi","10":"pa_yazar-meral-erdirencelebi","12":"first","13":"instock","14":"sale","15":"shipping-taxable","16":"purchasable","17":"product-type-simple"},"_links":{"self":[{"href":"https:\/\/roveyayinevi.com.tr\/index.php\/wp-json\/wp\/v2\/product\/688809","targetHints":{"allow":["GET"]}}],"collection":[{"href":"https:\/\/roveyayinevi.com.tr\/index.php\/wp-json\/wp\/v2\/product"}],"about":[{"href":"https:\/\/roveyayinevi.com.tr\/index.php\/wp-json\/wp\/v2\/types\/product"}],"wp:attachment":[{"href":"https:\/\/roveyayinevi.com.tr\/index.php\/wp-json\/wp\/v2\/media?parent=688809"}],"wp:term":[{"taxonomy":"product_brand","embeddable":true,"href":"https:\/\/roveyayinevi.com.tr\/index.php\/wp-json\/wp\/v2\/product_brand?post=688809"},{"taxonomy":"product_cat","embeddable":true,"href":"https:\/\/roveyayinevi.com.tr\/index.php\/wp-json\/wp\/v2\/product_cat?post=688809"},{"taxonomy":"product_tag","embeddable":true,"href":"https:\/\/roveyayinevi.com.tr\/index.php\/wp-json\/wp\/v2\/product_tag?post=688809"}],"curies":[{"name":"wp","href":"https:\/\/api.w.org\/{rel}","templated":true}]}}