{"id":688808,"date":"2025-08-27T13:07:40","date_gmt":"2025-08-27T10:07:40","guid":{"rendered":"https:\/\/roveyayinevi.com.tr\/index.php\/urun\/kalbinaz-beklerken\/"},"modified":"2026-04-16T01:58:38","modified_gmt":"2026-04-15T22:58:38","slug":"kalbinaz-beklerken","status":"publish","type":"product","link":"https:\/\/roveyayinevi.com.tr\/index.php\/urun\/kalbinaz-beklerken\/","title":{"rendered":"Kalbinaz Beklerken"},"content":{"rendered":"<p>Sevilen \u00e7ocuk kitaplar\u0131 yazar\u0131 Pelin G\u00fcne\u015f, kalelerde bilgisayar oyunu oynanan bir d\u00f6nemden e\u011flenceli bir \u00f6yk\u00fcyle sesleniyor: Ejderhan\u0131n \u00e7at kap\u0131 geleni makbuld\u00fcr; bildiklerinizi unutun, kap\u0131n\u0131z\u0131 aralay\u0131n! Ejderha deyince herkes bir ad\u0131m geri atar de\u011fil mi? Emre ise hi\u00e7 teredd\u00fct etmeden, b\u00fcy\u00fck bir hevesle ejderha Harcan&#8217;\u0131n kap\u0131s\u0131nda beliriveriyor. Saray\u0131nda yapayaln\u0131z olan Kalbinaz&#8217;la oynayabilmek i\u00e7in ejderhay\u0131 atlatmak zorunda. Buraya kadar bildi\u011fimiz hik\u00e2yelere benziyor ama durun bir dakika, Emre ate\u015f almaya gelmedi ya! Harcan&#8217;\u0131n onunla ilgili planlar\u0131 var, onu hemen b\u0131rakamaz. Yan\u0131na kadar yakla\u015f\u0131p onu tan\u0131mak isteyen birini bulmas\u0131 zor tabii, o da hakl\u0131. Uzaktan bakt\u0131\u011f\u0131m\u0131z ate\u015f, anlamak i\u00e7in iyice yakla\u015ft\u0131\u011f\u0131m\u0131zda bizi hep yakar m\u0131 dersiniz, belki de i\u00e7imizi \u0131s\u0131t\u0131r. Bakal\u0131m \u00fc\u00e7 kom\u015fu Emre, Harcan ve Kalbinaz cephesinde neler ya\u015fanacak?  Bu maceraya kalp dayanmaz! <\/p>\n","protected":false},"excerpt":{"rendered":"<p>Sevilen \u00e7ocuk kitaplar\u0131 yazar\u0131 Pelin G\u00fcne\u015f, kalelerde bilgisayar oyunu oynanan bir d\u00f6nemden e\u011flenceli bir \u00f6yk\u00fcyle sesleniyor: Ejderhan\u0131n \u00e7at kap\u0131 geleni makbuld\u00fcr; bildiklerinizi unutun, kap\u0131n\u0131z\u0131 aralay\u0131n! Ejderha<span class=\"excerpt-hellip\"> [\u2026]<\/span><\/p>\n","protected":false},"featured_media":0,"template":"","meta":{"_monsterinsights_skip_tracking":false,"_monsterinsights_sitenote_active":false,"_monsterinsights_sitenote_note":"","_monsterinsights_sitenote_category":0},"product_brand":[],"product_cat":[12275,12274],"product_tag":[],"class_list":{"0":"post-688808","1":"product","2":"type-product","3":"status-publish","5":"product_cat-6-12-yas-kitaplari","6":"product_cat-cocuk-ve-genclik-kitaplari","7":"pa_cilt-ciltsiz","8":"pa_tur-kitap","9":"pa_yayinevi-elma-cocuk","10":"pa_yazar-pelin-gunes","12":"first","13":"instock","14":"sale","15":"shipping-taxable","16":"purchasable","17":"product-type-simple"},"_links":{"self":[{"href":"https:\/\/roveyayinevi.com.tr\/index.php\/wp-json\/wp\/v2\/product\/688808","targetHints":{"allow":["GET"]}}],"collection":[{"href":"https:\/\/roveyayinevi.com.tr\/index.php\/wp-json\/wp\/v2\/product"}],"about":[{"href":"https:\/\/roveyayinevi.com.tr\/index.php\/wp-json\/wp\/v2\/types\/product"}],"wp:attachment":[{"href":"https:\/\/roveyayinevi.com.tr\/index.php\/wp-json\/wp\/v2\/media?parent=688808"}],"wp:term":[{"taxonomy":"product_brand","embeddable":true,"href":"https:\/\/roveyayinevi.com.tr\/index.php\/wp-json\/wp\/v2\/product_brand?post=688808"},{"taxonomy":"product_cat","embeddable":true,"href":"https:\/\/roveyayinevi.com.tr\/index.php\/wp-json\/wp\/v2\/product_cat?post=688808"},{"taxonomy":"product_tag","embeddable":true,"href":"https:\/\/roveyayinevi.com.tr\/index.php\/wp-json\/wp\/v2\/product_tag?post=688808"}],"curies":[{"name":"wp","href":"https:\/\/api.w.org\/{rel}","templated":true}]}}