{"id":688807,"date":"2025-08-27T13:07:40","date_gmt":"2025-08-27T10:07:40","guid":{"rendered":"https:\/\/roveyayinevi.com.tr\/index.php\/urun\/cirak-alvin\/"},"modified":"2026-04-16T01:58:38","modified_gmt":"2026-04-15T22:58:38","slug":"cirak-alvin","status":"publish","type":"product","link":"https:\/\/roveyayinevi.com.tr\/index.php\/urun\/cirak-alvin\/","title":{"rendered":"\u00c7\u0131rak Alvin"},"content":{"rendered":"<p>Alvin\u2019in \u00e7\u0131rakl\u0131ktan ustal\u0131\u011fa do\u011fru ilerleyen ya\u015fam\u0131, ayn\u0131 zamanda kara bir ku\u015fa d\u00f6n\u00fc\u015ferek k\u00f6lelikten ka\u00e7an bir kad\u0131n\u0131n k\u00fc\u00e7\u00fck o\u011fluyla kesi\u015fiyor ve Yarat\u0131c\u0131 olabilmesi i\u00e7in gereken bilgi y\u00fcre\u011fi me\u015fale gibi yanan bir kad\u0131n\u0131n dudaklar\u0131 aras\u0131nda duruyor. <\/p>\n","protected":false},"excerpt":{"rendered":"<p>Alvin\u2019in \u00e7\u0131rakl\u0131ktan ustal\u0131\u011fa do\u011fru ilerleyen ya\u015fam\u0131, ayn\u0131 zamanda kara bir ku\u015fa d\u00f6n\u00fc\u015ferek k\u00f6lelikten ka\u00e7an bir kad\u0131n\u0131n k\u00fc\u00e7\u00fck o\u011fluyla kesi\u015fiyor ve Yarat\u0131c\u0131 olabilmesi i\u00e7in gereken bilgi y\u00fcre\u011fi<span class=\"excerpt-hellip\"> [\u2026]<\/span><\/p>\n","protected":false},"featured_media":0,"template":"","meta":{"_monsterinsights_skip_tracking":false,"_monsterinsights_sitenote_active":false,"_monsterinsights_sitenote_note":"","_monsterinsights_sitenote_category":0},"product_brand":[],"product_cat":[12891,12291],"product_tag":[],"class_list":{"0":"post-688807","1":"product","2":"type-product","3":"status-publish","5":"product_cat-amerikan-edebiyati","6":"product_cat-edebiyat","7":"pa_tur-kitap","8":"pa_yayinevi-altikirkbes-yayinlari","9":"pa_yazar-orson-scott-card","11":"first","12":"instock","13":"sale","14":"shipping-taxable","15":"purchasable","16":"product-type-simple"},"_links":{"self":[{"href":"https:\/\/roveyayinevi.com.tr\/index.php\/wp-json\/wp\/v2\/product\/688807","targetHints":{"allow":["GET"]}}],"collection":[{"href":"https:\/\/roveyayinevi.com.tr\/index.php\/wp-json\/wp\/v2\/product"}],"about":[{"href":"https:\/\/roveyayinevi.com.tr\/index.php\/wp-json\/wp\/v2\/types\/product"}],"wp:attachment":[{"href":"https:\/\/roveyayinevi.com.tr\/index.php\/wp-json\/wp\/v2\/media?parent=688807"}],"wp:term":[{"taxonomy":"product_brand","embeddable":true,"href":"https:\/\/roveyayinevi.com.tr\/index.php\/wp-json\/wp\/v2\/product_brand?post=688807"},{"taxonomy":"product_cat","embeddable":true,"href":"https:\/\/roveyayinevi.com.tr\/index.php\/wp-json\/wp\/v2\/product_cat?post=688807"},{"taxonomy":"product_tag","embeddable":true,"href":"https:\/\/roveyayinevi.com.tr\/index.php\/wp-json\/wp\/v2\/product_tag?post=688807"}],"curies":[{"name":"wp","href":"https:\/\/api.w.org\/{rel}","templated":true}]}}