{"id":688806,"date":"2025-08-27T13:07:39","date_gmt":"2025-08-27T10:07:39","guid":{"rendered":"https:\/\/roveyayinevi.com.tr\/index.php\/urun\/death-note-olum-defteri-cilt-6\/"},"modified":"2026-04-16T01:58:38","modified_gmt":"2026-04-15T22:58:38","slug":"death-note-olum-defteri-cilt-6","status":"publish","type":"product","link":"https:\/\/roveyayinevi.com.tr\/index.php\/urun\/death-note-olum-defteri-cilt-6\/","title":{"rendered":"Death Note &#8211; \u00d6l\u00fcm Defteri &#8211; Cilt: 6"},"content":{"rendered":"<p>Japon \u00e7izgi romanlar\u0131na verilen isim olan Manga, d\u00fcnyada bir \u00e7\u0131lg\u0131nl\u0131k halini alm\u0131\u015ft\u0131r. Death Note (\u00d6l\u00fcm Defteri) yay\u0131nlad\u0131\u011f\u0131 b\u00fct\u00fcn \u00fclkelerde sat\u0131\u015f rekorlar\u0131 k\u0131ran ve geni\u015f bir hayran kitlesine sahip en \u00f6nemli manga serilerinden biridir. Bu deftere ad\u0131 yaz\u0131lanlar \u00f6l\u00fcr&#8230; \u00d6l\u00fcm Tanr\u0131s\u0131 \u015einigami Ryuk\u2019un insano\u011flu d\u00fcnyas\u0131na d\u00fc\u015f\u00fcrd\u00fc\u011f\u00fc defter: Death Note (\u00d6l\u00fcm Defteri). Bu do\u011fa\u00fcst\u00fc defteri bulan ve d\u00fcnyadaki cani su\u00e7lular\u0131 ortadan kald\u0131rmak i\u00e7in kullanmaya karar veren Light Yagami (nam-\u0131 di\u011fer Kira) ile kimsenin \u00e7\u00f6zemedi\u011fi olaylarda polise yard\u0131m eden L adl\u0131 gizemli detektif aras\u0131ndaki muhte\u015fem m\u00fccadele b\u00f6yle ba\u015flar. Yotsuba\u2019daki yedi \u00e7al\u0131\u015fan\u0131n yeni Kira ile ba\u011flant\u0131l\u0131 oldu\u011fu y\u00f6n\u00fcnde pek \u00e7ok kan\u0131t elde etmi\u015f olsalar da Light, L ve di\u011fer ekip \u00fcyeleri Death Note\u2019a ger\u00e7ekte hangisinin sahip oldu\u011funu hen\u00fcz ke\u015ffedemezler. Bunun \u00fczerine \u00e7aresiz kalan L, bu yeni Kira\u2019y\u0131 a\u00e7\u0131\u011fa \u00e7\u0131karabilmek i\u00e7in Misa\u2019y\u0131 devreye sokarak onun \u015firkete s\u0131zmas\u0131n\u0131 sa\u011flar. Misa\u2019ya \u015firket \u00e7al\u0131\u015fanlar\u0131ndan ilk kim yakla\u015facak? Peki, bu durumda L\u2019in yeni hamlesi ne olacak? \ufffcTan\u0131t\u0131m Metni<\/p>\n","protected":false},"excerpt":{"rendered":"<p>Japon \u00e7izgi romanlar\u0131na verilen isim olan Manga, d\u00fcnyada bir \u00e7\u0131lg\u0131nl\u0131k halini alm\u0131\u015ft\u0131r. Death Note (\u00d6l\u00fcm Defteri) yay\u0131nlad\u0131\u011f\u0131 b\u00fct\u00fcn \u00fclkelerde sat\u0131\u015f rekorlar\u0131 k\u0131ran ve geni\u015f bir hayran<span class=\"excerpt-hellip\"> [\u2026]<\/span><\/p>\n","protected":false},"featured_media":0,"template":"","meta":{"_monsterinsights_skip_tracking":false,"_monsterinsights_sitenote_active":false,"_monsterinsights_sitenote_note":"","_monsterinsights_sitenote_category":0},"product_brand":[],"product_cat":[12416,12291],"product_tag":[],"class_list":{"0":"post-688806","1":"product","2":"type-product","3":"status-publish","5":"product_cat-cizgi-roman","6":"product_cat-edebiyat","7":"pa_cilt-ciltsiz","8":"pa_tur-kitap","9":"pa_yayinevi-akil-celen-kitaplar","10":"pa_yazar-tsugumi-ooba","12":"first","13":"instock","14":"sale","15":"shipping-taxable","16":"purchasable","17":"product-type-simple"},"_links":{"self":[{"href":"https:\/\/roveyayinevi.com.tr\/index.php\/wp-json\/wp\/v2\/product\/688806","targetHints":{"allow":["GET"]}}],"collection":[{"href":"https:\/\/roveyayinevi.com.tr\/index.php\/wp-json\/wp\/v2\/product"}],"about":[{"href":"https:\/\/roveyayinevi.com.tr\/index.php\/wp-json\/wp\/v2\/types\/product"}],"wp:attachment":[{"href":"https:\/\/roveyayinevi.com.tr\/index.php\/wp-json\/wp\/v2\/media?parent=688806"}],"wp:term":[{"taxonomy":"product_brand","embeddable":true,"href":"https:\/\/roveyayinevi.com.tr\/index.php\/wp-json\/wp\/v2\/product_brand?post=688806"},{"taxonomy":"product_cat","embeddable":true,"href":"https:\/\/roveyayinevi.com.tr\/index.php\/wp-json\/wp\/v2\/product_cat?post=688806"},{"taxonomy":"product_tag","embeddable":true,"href":"https:\/\/roveyayinevi.com.tr\/index.php\/wp-json\/wp\/v2\/product_tag?post=688806"}],"curies":[{"name":"wp","href":"https:\/\/api.w.org\/{rel}","templated":true}]}}