{"id":688805,"date":"2025-08-27T13:07:39","date_gmt":"2025-08-27T10:07:39","guid":{"rendered":"https:\/\/roveyayinevi.com.tr\/index.php\/urun\/zapatistalar\/"},"modified":"2026-04-16T01:58:38","modified_gmt":"2026-04-15T22:58:38","slug":"zapatistalar","status":"publish","type":"product","link":"https:\/\/roveyayinevi.com.tr\/index.php\/urun\/zapatistalar\/","title":{"rendered":"Zapatistalar"},"content":{"rendered":"<p>1 Ocak 1994&#8217;de Zapatista Ulusal Kurtulu\u015f Ordusu&#8217;na (EZLN) ba\u011fl\u0131 Maya yerlilerinden olu\u015fan bir gerilla ordusu g\u00fcneydo\u011fu Meksika&#8217;n\u0131n ormanlar\u0131ndan \u00e7\u0131karak, &#8216;Ya Basta!&#8217; -Yeter!- dedi. Be\u015f y\u00fczy\u0131ll\u0131k s\u00f6m\u00fcrgecili\u011fe, \u0131rk\u00e7\u0131l\u0131\u011fa, s\u00f6m\u00fcr\u00fcye, bask\u0131ya ve soyk\u0131r\u0131ma &#8216;Yeter!&#8217; Sosyalist sistemin \u00e7\u00f6k\u00fc\u015f\u00fcnden sonra tarihin sonuna gelindi\u011finin iddia edildi\u011fi ve neoliberalizmin &#8216;k\u00fcreselle\u015fme&#8217; slogan\u0131yla &#8216;k\u00fcre&#8217;nin t\u00fcm halklar\u0131na kar\u015f\u0131 k\u00fclt\u00fcrel, politik ve askeri bir sald\u0131r\u0131y\u0131 s\u00fcrd\u00fcrd\u00fc\u011f\u00fc d\u00f6nemde Zapatistalar\u0131n olan bitene, &#8216;Yeter!&#8217; slogan\u0131yla kar\u015f\u0131 \u00e7\u0131k\u0131\u015f\u0131n\u0131n Meksika&#8217;n\u0131n sosyo-politik yap\u0131s\u0131 \u00fczerinde oldu\u011fu kadar t\u00fcm d\u00fcnyada da derin etkileri olacakt\u0131. Anti-kapitalist muhalefet g\u00fc\u00e7leri Zapatistalardan moral, g\u00fc\u00e7, yeni bir d\u00fcnya perspektifi olu\u015fturma konusunda ilham alarak kar\u015f\u0131 bir hamleye ge\u00e7eceklerdi.Hareketin tarihi, hedefleri, politik felsefesi, prati\u011fi ve gelecekteki y\u00f6nelimleri konusunda bir inceleme olan Zapatistalar, son d\u00f6nemlerdeki en \u00f6nemli isyanc\u0131 gruplardan biri hakk\u0131nda ele\u015ftirel, kapsaml\u0131 ve anla\u015f\u0131labilir bir genel de\u011ferlendirme sunuyor.&#8217;Zapatistalar\u0131 anlama ve ke\u015ffetme yolunda edilen milyonlarca laftan sonra, Khasnabish&#8217;in zarif ve anla\u015f\u0131labilir kitab\u0131, yirmi birinci y\u00fczy\u0131l\u0131n en \u00e7ok merak uyand\u0131ran devrimcileri i\u00e7in en iyi merce\u011fi sa\u011flad\u0131 bize.&#8217; Eric Selbin(REVOLUTION, REBELLION, RESISTANCE (DEVR\u0130M, \u0130SYAN, D\u0130REN\u0130\u015e) kitab\u0131n\u0131n yazar\u0131.&#8217;Kitap 1990&#8217;lardan itibaren aktivistlerle bilim insanlar\u0131na ilham veren Zapatista hareketinin politik yarat\u0131c\u0131l\u0131\u011f\u0131na emsalsiz bir tan\u0131kl\u0131k olu\u015fturuyor.&#8217;Thomas OlesenINTERNATIONAL ZAPAT\u0130SMO (ULUSLAR ARASI ZAPAT\u0130ZM) kitab\u0131n\u0131n yazar\u0131<\/p>\n","protected":false},"excerpt":{"rendered":"<p>1 Ocak 1994&#8217;de Zapatista Ulusal Kurtulu\u015f Ordusu&#8217;na (EZLN) ba\u011fl\u0131 Maya yerlilerinden olu\u015fan bir gerilla ordusu g\u00fcneydo\u011fu Meksika&#8217;n\u0131n ormanlar\u0131ndan \u00e7\u0131karak, &#8216;Ya Basta!&#8217; -Yeter!- dedi. Be\u015f y\u00fczy\u0131ll\u0131k s\u00f6m\u00fcrgecili\u011fe,<span class=\"excerpt-hellip\"> [\u2026]<\/span><\/p>\n","protected":false},"featured_media":0,"template":"","meta":{"_monsterinsights_skip_tracking":false,"_monsterinsights_sitenote_active":false,"_monsterinsights_sitenote_note":"","_monsterinsights_sitenote_category":0},"product_brand":[],"product_cat":[12365,12364],"product_tag":[],"class_list":{"0":"post-688805","1":"product","2":"type-product","3":"status-publish","5":"product_cat-diger-genel-konular","6":"product_cat-genel-konular","7":"pa_cilt-ciltsiz","8":"pa_tur-kitap","9":"pa_yayinevi-abis-yayincilik","10":"pa_yazar-alex-khasnabish","12":"first","13":"instock","14":"sale","15":"shipping-taxable","16":"purchasable","17":"product-type-simple"},"_links":{"self":[{"href":"https:\/\/roveyayinevi.com.tr\/index.php\/wp-json\/wp\/v2\/product\/688805","targetHints":{"allow":["GET"]}}],"collection":[{"href":"https:\/\/roveyayinevi.com.tr\/index.php\/wp-json\/wp\/v2\/product"}],"about":[{"href":"https:\/\/roveyayinevi.com.tr\/index.php\/wp-json\/wp\/v2\/types\/product"}],"wp:attachment":[{"href":"https:\/\/roveyayinevi.com.tr\/index.php\/wp-json\/wp\/v2\/media?parent=688805"}],"wp:term":[{"taxonomy":"product_brand","embeddable":true,"href":"https:\/\/roveyayinevi.com.tr\/index.php\/wp-json\/wp\/v2\/product_brand?post=688805"},{"taxonomy":"product_cat","embeddable":true,"href":"https:\/\/roveyayinevi.com.tr\/index.php\/wp-json\/wp\/v2\/product_cat?post=688805"},{"taxonomy":"product_tag","embeddable":true,"href":"https:\/\/roveyayinevi.com.tr\/index.php\/wp-json\/wp\/v2\/product_tag?post=688805"}],"curies":[{"name":"wp","href":"https:\/\/api.w.org\/{rel}","templated":true}]}}