{"id":688800,"date":"2025-08-27T13:07:38","date_gmt":"2025-08-27T10:07:38","guid":{"rendered":"https:\/\/roveyayinevi.com.tr\/index.php\/urun\/hominids-insansilar\/"},"modified":"2026-04-16T01:58:38","modified_gmt":"2026-04-15T22:58:38","slug":"hominids-insansilar","status":"publish","type":"product","link":"https:\/\/roveyayinevi.com.tr\/index.php\/urun\/hominids-insansilar\/","title":{"rendered":"Hominids &#8211; \u0130nsans\u0131lar"},"content":{"rendered":"<p>Hominids-\u0130nsans\u0131lar; iki insan t\u00fcr\u00fcn\u00fc anlat\u0131yor. Bu t\u00fcrlerden biri biziz; di\u011feri ise paralel bir evrende h\u00fck\u00fcm s\u00fcren Neanderthaller. Neanderthal medeniyeti, bilimsel ve k\u00fclt\u00fcrel a\u00e7\u0131dan bizimkiyle k\u0131yaslanacak kadar ilerlemi\u015ftir; onlar sadece bizimkinden farkl\u0131 bir tarih ve toplum g\u00f6r\u00fc\u015f\u00fcne sahiptirler. \ufffcTan\u0131t\u0131m Metni<\/p>\n","protected":false},"excerpt":{"rendered":"<p>Hominids-\u0130nsans\u0131lar; iki insan t\u00fcr\u00fcn\u00fc anlat\u0131yor. Bu t\u00fcrlerden biri biziz; di\u011feri ise paralel bir evrende h\u00fck\u00fcm s\u00fcren Neanderthaller. Neanderthal medeniyeti, bilimsel ve k\u00fclt\u00fcrel a\u00e7\u0131dan bizimkiyle k\u0131yaslanacak kadar<span class=\"excerpt-hellip\"> [\u2026]<\/span><\/p>\n","protected":false},"featured_media":0,"template":"","meta":{"_monsterinsights_skip_tracking":false,"_monsterinsights_sitenote_active":false,"_monsterinsights_sitenote_note":"","_monsterinsights_sitenote_category":0},"product_brand":[],"product_cat":[12540,12291],"product_tag":[],"class_list":{"0":"post-688800","1":"product","2":"type-product","3":"status-publish","5":"product_cat-bilim-kurgu","6":"product_cat-edebiyat","7":"pa_tur-kitap","8":"pa_yayinevi-abis-yayincilik","9":"pa_yazar-robert-j-sawyer","11":"first","12":"instock","13":"sale","14":"shipping-taxable","15":"purchasable","16":"product-type-simple"},"_links":{"self":[{"href":"https:\/\/roveyayinevi.com.tr\/index.php\/wp-json\/wp\/v2\/product\/688800","targetHints":{"allow":["GET"]}}],"collection":[{"href":"https:\/\/roveyayinevi.com.tr\/index.php\/wp-json\/wp\/v2\/product"}],"about":[{"href":"https:\/\/roveyayinevi.com.tr\/index.php\/wp-json\/wp\/v2\/types\/product"}],"wp:attachment":[{"href":"https:\/\/roveyayinevi.com.tr\/index.php\/wp-json\/wp\/v2\/media?parent=688800"}],"wp:term":[{"taxonomy":"product_brand","embeddable":true,"href":"https:\/\/roveyayinevi.com.tr\/index.php\/wp-json\/wp\/v2\/product_brand?post=688800"},{"taxonomy":"product_cat","embeddable":true,"href":"https:\/\/roveyayinevi.com.tr\/index.php\/wp-json\/wp\/v2\/product_cat?post=688800"},{"taxonomy":"product_tag","embeddable":true,"href":"https:\/\/roveyayinevi.com.tr\/index.php\/wp-json\/wp\/v2\/product_tag?post=688800"}],"curies":[{"name":"wp","href":"https:\/\/api.w.org\/{rel}","templated":true}]}}