{"id":688787,"date":"2025-08-27T13:07:36","date_gmt":"2025-08-27T10:07:36","guid":{"rendered":"https:\/\/roveyayinevi.com.tr\/index.php\/urun\/cocuk-sosyolojisi\/"},"modified":"2026-04-16T01:58:38","modified_gmt":"2026-04-15T22:58:38","slug":"cocuk-sosyolojisi","status":"publish","type":"product","link":"https:\/\/roveyayinevi.com.tr\/index.php\/urun\/cocuk-sosyolojisi\/","title":{"rendered":"\u00c7ocuk Sosyolojisi"},"content":{"rendered":"<p>Kitap alana bir giri\u015f niteli\u011findedir. \u00c7ocuk, toplumdaki di\u011fer \u00f6\u011felerle ili\u015fkilendirilmektedir. \u015eimdiye de\u011fin \u00e7ocuk sosyolojisi konular\u0131ndan baz\u0131lar\u0131 e\u011fitim sosyolojisinde ele al\u0131nmakta idi. Aile sosyolojisinde de \u00e7ocuk konular\u0131na de\u011finilmekteydi. Art\u0131k bu konular \u00e7ocuk sosyolojisi alt\u0131nda toplanacakt\u0131r. Kitaptaki a\u00e7\u0131klamalar hem kuramsal hem de uygulamal\u0131 olarak yer almaktad\u0131r. Ku\u015fkusuz konular\u0131n \u00fclkemiz a\u00e7\u0131s\u0131ndan a\u011f\u0131rl\u0131kl\u0131 oldu\u011fu g\u00f6r\u00fclmektedir. \ufffc<\/p>\n","protected":false},"excerpt":{"rendered":"<p>Kitap alana bir giri\u015f niteli\u011findedir. \u00c7ocuk, toplumdaki di\u011fer \u00f6\u011felerle ili\u015fkilendirilmektedir. \u015eimdiye de\u011fin \u00e7ocuk sosyolojisi konular\u0131ndan baz\u0131lar\u0131 e\u011fitim sosyolojisinde ele al\u0131nmakta idi. Aile sosyolojisinde de \u00e7ocuk konular\u0131na<span class=\"excerpt-hellip\"> [\u2026]<\/span><\/p>\n","protected":false},"featured_media":0,"template":"","meta":{"_monsterinsights_skip_tracking":false,"_monsterinsights_sitenote_active":false,"_monsterinsights_sitenote_note":"","_monsterinsights_sitenote_category":0},"product_brand":[],"product_cat":[12831,12324],"product_tag":[],"class_list":{"0":"post-688787","1":"product","2":"type-product","3":"status-publish","5":"product_cat-aile-ve-cocuk","6":"product_cat-sosyoloji","7":"pa_cilt-ciltsiz","8":"pa_tur-kitap","9":"pa_yayinevi-ani-yayincilik","10":"pa_yazar-mahmut-tezcan","12":"first","13":"instock","14":"sale","15":"shipping-taxable","16":"purchasable","17":"product-type-simple"},"_links":{"self":[{"href":"https:\/\/roveyayinevi.com.tr\/index.php\/wp-json\/wp\/v2\/product\/688787","targetHints":{"allow":["GET"]}}],"collection":[{"href":"https:\/\/roveyayinevi.com.tr\/index.php\/wp-json\/wp\/v2\/product"}],"about":[{"href":"https:\/\/roveyayinevi.com.tr\/index.php\/wp-json\/wp\/v2\/types\/product"}],"wp:attachment":[{"href":"https:\/\/roveyayinevi.com.tr\/index.php\/wp-json\/wp\/v2\/media?parent=688787"}],"wp:term":[{"taxonomy":"product_brand","embeddable":true,"href":"https:\/\/roveyayinevi.com.tr\/index.php\/wp-json\/wp\/v2\/product_brand?post=688787"},{"taxonomy":"product_cat","embeddable":true,"href":"https:\/\/roveyayinevi.com.tr\/index.php\/wp-json\/wp\/v2\/product_cat?post=688787"},{"taxonomy":"product_tag","embeddable":true,"href":"https:\/\/roveyayinevi.com.tr\/index.php\/wp-json\/wp\/v2\/product_tag?post=688787"}],"curies":[{"name":"wp","href":"https:\/\/api.w.org\/{rel}","templated":true}]}}