{"id":688783,"date":"2025-08-27T13:07:36","date_gmt":"2025-08-27T10:07:36","guid":{"rendered":"https:\/\/roveyayinevi.com.tr\/index.php\/urun\/cikartmali-sihirbazlik-kitabim\/"},"modified":"2026-04-16T01:58:38","modified_gmt":"2026-04-15T22:58:38","slug":"cikartmali-sihirbazlik-kitabim","status":"publish","type":"product","link":"https:\/\/roveyayinevi.com.tr\/index.php\/urun\/cikartmali-sihirbazlik-kitabim\/","title":{"rendered":"\u00c7\u0131kartmal\u0131 Sihirbazl\u0131k Kitab\u0131m"},"content":{"rendered":"<p>Bu kitap seyircilerinizi \u015fa\u015fk\u0131nl\u0131\u011fa u\u011fratacak harika iskambil numaralar\u0131, kaybolan paralar ve inan\u0131lmaz boyu k\u0131salan de\u011fnek numaralar\u0131 da dahil olmak \u00fczere bir\u00e7ok sihirbazl\u0131k numaralar\u0131 ile dolu. Kitaptaki basit talimatlar\u0131 ad\u0131m ad\u0131m uygulayarak bu \u015fa\u015f\u0131rt\u0131c\u0131 numaralar\u0131 yapabilirsiniz. Haz\u0131rlayaca\u011f\u0131n\u0131z sihirbazl\u0131k g\u00f6steriniz i\u00e7in ihtiya\u00e7 duyaca\u011f\u0131n\u0131z t\u00fcm malzemeleri \u00e7evrenizde kolayl\u0131kla bulabilirsiniz.Kitab\u0131n i\u00e7inde, b\u00fct\u00fcn bu etkinliklerde kullanabilece\u011finiz \u00e7ok say\u0131da \u00e7\u0131kartma bulunuyor.<\/p>\n","protected":false},"excerpt":{"rendered":"<p>Bu kitap seyircilerinizi \u015fa\u015fk\u0131nl\u0131\u011fa u\u011fratacak harika iskambil numaralar\u0131, kaybolan paralar ve inan\u0131lmaz boyu k\u0131salan de\u011fnek numaralar\u0131 da dahil olmak \u00fczere bir\u00e7ok sihirbazl\u0131k numaralar\u0131 ile dolu. Kitaptaki<span class=\"excerpt-hellip\"> [\u2026]<\/span><\/p>\n","protected":false},"featured_media":0,"template":"","meta":{"_monsterinsights_skip_tracking":false,"_monsterinsights_sitenote_active":false,"_monsterinsights_sitenote_note":"","_monsterinsights_sitenote_category":0},"product_brand":[],"product_cat":[12554,12274],"product_tag":[],"class_list":{"0":"post-688783","1":"product","2":"type-product","3":"status-publish","5":"product_cat-cikartmali-kitaplar","6":"product_cat-cocuk-ve-genclik-kitaplari","7":"pa_cilt-ciltsiz","8":"pa_tur-kitap","9":"pa_yayinevi-1001-cicek-kitaplar","10":"pa_yazar-ben-denne","12":"first","13":"instock","14":"sale","15":"shipping-taxable","16":"purchasable","17":"product-type-simple"},"_links":{"self":[{"href":"https:\/\/roveyayinevi.com.tr\/index.php\/wp-json\/wp\/v2\/product\/688783","targetHints":{"allow":["GET"]}}],"collection":[{"href":"https:\/\/roveyayinevi.com.tr\/index.php\/wp-json\/wp\/v2\/product"}],"about":[{"href":"https:\/\/roveyayinevi.com.tr\/index.php\/wp-json\/wp\/v2\/types\/product"}],"wp:attachment":[{"href":"https:\/\/roveyayinevi.com.tr\/index.php\/wp-json\/wp\/v2\/media?parent=688783"}],"wp:term":[{"taxonomy":"product_brand","embeddable":true,"href":"https:\/\/roveyayinevi.com.tr\/index.php\/wp-json\/wp\/v2\/product_brand?post=688783"},{"taxonomy":"product_cat","embeddable":true,"href":"https:\/\/roveyayinevi.com.tr\/index.php\/wp-json\/wp\/v2\/product_cat?post=688783"},{"taxonomy":"product_tag","embeddable":true,"href":"https:\/\/roveyayinevi.com.tr\/index.php\/wp-json\/wp\/v2\/product_tag?post=688783"}],"curies":[{"name":"wp","href":"https:\/\/api.w.org\/{rel}","templated":true}]}}