{"id":688782,"date":"2025-08-27T13:07:36","date_gmt":"2025-08-27T10:07:36","guid":{"rendered":"https:\/\/roveyayinevi.com.tr\/index.php\/urun\/cikartmali-dunya-atlasi-ulkelerin-ozellikleri\/"},"modified":"2026-04-16T01:58:38","modified_gmt":"2026-04-15T22:58:38","slug":"cikartmali-dunya-atlasi-ulkelerin-ozellikleri","status":"publish","type":"product","link":"https:\/\/roveyayinevi.com.tr\/index.php\/urun\/cikartmali-dunya-atlasi-ulkelerin-ozellikleri\/","title":{"rendered":"\u00c7\u0131kartmal\u0131 D\u00fcnya Atlas\u0131 &#8211; \u00dclkelerin \u00d6zellikleri"},"content":{"rendered":"<p>\u00c7\u0131kartmal\u0131 D\u00fcnya Atlas\u0131 kitab\u0131nda d\u00fcnyadaki en \u00fcnl\u00fc ve g\u00f6r\u00fclmeye de\u011fer yerlerin ve d\u00fcnya bayraklar\u0131n\u0131n \u00e7\u0131kartmalar\u0131 yer al\u0131yor. Say\u0131s\u0131 140\u2019dan fazla olan bu \u00e7\u0131kartmalar\u0131 haritalardaki siyah beyaz \u00e7izimlerle e\u015fle\u015ftirmeye \u00e7al\u0131\u015f\u0131n. \ufffcTan\u0131t\u0131m Metni<\/p>\n","protected":false},"excerpt":{"rendered":"<p>\u00c7\u0131kartmal\u0131 D\u00fcnya Atlas\u0131 kitab\u0131nda d\u00fcnyadaki en \u00fcnl\u00fc ve g\u00f6r\u00fclmeye de\u011fer yerlerin ve d\u00fcnya bayraklar\u0131n\u0131n \u00e7\u0131kartmalar\u0131 yer al\u0131yor. Say\u0131s\u0131 140\u2019dan fazla olan bu \u00e7\u0131kartmalar\u0131 haritalardaki siyah beyaz<span class=\"excerpt-hellip\"> [\u2026]<\/span><\/p>\n","protected":false},"featured_media":0,"template":"","meta":{"_monsterinsights_skip_tracking":false,"_monsterinsights_sitenote_active":false,"_monsterinsights_sitenote_note":"","_monsterinsights_sitenote_category":0},"product_brand":[],"product_cat":[12554,12274],"product_tag":[],"class_list":{"0":"post-688782","1":"product","2":"type-product","3":"status-publish","5":"product_cat-cikartmali-kitaplar","6":"product_cat-cocuk-ve-genclik-kitaplari","7":"pa_cilt-ciltsiz","8":"pa_tur-kitap","9":"pa_yayinevi-1001-cicek-kitaplar","10":"pa_yazar-alice-pearcey","12":"first","13":"instock","14":"sale","15":"shipping-taxable","16":"purchasable","17":"product-type-simple"},"_links":{"self":[{"href":"https:\/\/roveyayinevi.com.tr\/index.php\/wp-json\/wp\/v2\/product\/688782","targetHints":{"allow":["GET"]}}],"collection":[{"href":"https:\/\/roveyayinevi.com.tr\/index.php\/wp-json\/wp\/v2\/product"}],"about":[{"href":"https:\/\/roveyayinevi.com.tr\/index.php\/wp-json\/wp\/v2\/types\/product"}],"wp:attachment":[{"href":"https:\/\/roveyayinevi.com.tr\/index.php\/wp-json\/wp\/v2\/media?parent=688782"}],"wp:term":[{"taxonomy":"product_brand","embeddable":true,"href":"https:\/\/roveyayinevi.com.tr\/index.php\/wp-json\/wp\/v2\/product_brand?post=688782"},{"taxonomy":"product_cat","embeddable":true,"href":"https:\/\/roveyayinevi.com.tr\/index.php\/wp-json\/wp\/v2\/product_cat?post=688782"},{"taxonomy":"product_tag","embeddable":true,"href":"https:\/\/roveyayinevi.com.tr\/index.php\/wp-json\/wp\/v2\/product_tag?post=688782"}],"curies":[{"name":"wp","href":"https:\/\/api.w.org\/{rel}","templated":true}]}}