{"id":688779,"date":"2025-08-27T13:07:35","date_gmt":"2025-08-27T10:07:35","guid":{"rendered":"https:\/\/roveyayinevi.com.tr\/index.php\/urun\/kamu-sosyal-politikalarinda-sosyal-yardim\/"},"modified":"2026-02-27T02:00:08","modified_gmt":"2026-02-26T23:00:08","slug":"kamu-sosyal-politikalarinda-sosyal-yardim","status":"publish","type":"product","link":"https:\/\/roveyayinevi.com.tr\/index.php\/urun\/kamu-sosyal-politikalarinda-sosyal-yardim\/","title":{"rendered":"Kamu Sosyal Politikalar\u0131nda Sosyal Yard\u0131m"},"content":{"rendered":"<p>Yoksulluk sorunu, siyasal akt\u00f6rleri ve politikalar\u0131 devre d\u0131\u015f\u0131 b\u0131rakarak \u00e7\u00f6z\u00fclebilecek bir sorun de\u011fildir. Bununla beraber geleneksel anlamda yaln\u0131zca politik akt\u00f6rlerin \u00fcstesinden gelebilecekleri kadar kolay bir sorun da de\u011fildir. D\u00fcnyadaki bir\u00e7ok uygulaman\u0131n aksine T\u00fcrkiye&#8217;de kamu y\u00f6netiminin sosyal yard\u0131m alan\u0131nda artan kaynaklar\u0131 ve uygulamalar\u0131 s\u00f6z konusu olmaktad\u0131r.Bu durum sivil toplumun ve \u00f6zel sekt\u00f6r\u00fcn bu alanda \u00e7al\u0131\u015fma yapmas\u0131na engel olu\u015fturmamakta ve ayn\u0131 zamanda uygulamalar bu burumlerin aleyhine geli\u015fmemektedir. Bununla beraber liberalizmin dayatt\u0131\u011f\u0131 gibi refah uygulamalar\u0131, yaln\u0131zca sivil toplumun ve \u00f6zel sekt\u00f6r\u00fcn par\u00e7al\u0131, k\u0131smi,s\u0131n\u0131rl\u0131 zamanl\u0131 ve s\u0131n\u0131rl\u0131 uygulamalar\u0131na da b\u0131rak\u0131lmayacak kadar \u00f6nemlidir. Sosyal yard\u0131m da en \u00e7ok dille getirilen konulardan birisi yoksul kesimlerin yard\u0131mlara ba\u011f\u0131ml\u0131 hale getirilmesi ve yoksullukla m\u00fccadele kapsam\u0131nda, bu insanlar\u0131 yard\u0131mlara ba\u011f\u0131ml\u0131 hale getirilmesi yoksullukla m\u00fccadele kapsam\u0131nda, bu insanlar\u0131 yard\u0131ma muhta\u00e7 olmaktan kurtaracak esasl\u0131 \u00e7\u00f6z\u00fcm mekanizmalar\u0131n\u0131n geli\u015ftirilmemesidir. Sosyal yard\u0131mlar\u0131n \u00f6zellikle tabir caizse yang\u0131n s\u00f6nd\u00fcrme rol\u00fcnde oldu\u011fu g\u00f6zden ka\u00e7\u0131r\u0131lmamal\u0131d\u0131r. Bununla birlikte sosyal yard\u0131mlar\u0131 klientalist ve patronaj ili\u015fkisinden kurtarmak ve adil bir s\u00fcrece dahil etmek, sosyal adalet beklentisine hizmet edecek ve bir yandan vatanda\u015f g\u00fcvenini sa\u011flarken, di\u011fer taraftan ise yoksullukla daha iyi m\u00fccadeleye yol a\u00e7abilecektir. Bu boyutuyla yeniden da\u011f\u0131t\u0131m sa\u011flamak \u00fczere sa\u011fl\u0131k, e\u011fitim, konut gibi temel gereksinimler yan\u0131nda sosyal yard\u0131m\u0131n da temel gelir deste\u011fi niteli\u011fine b\u00fcr\u00fcnmesi gerekmektedir. \u00c7al\u0131\u015fma ile yoksulluk politikalar\u0131, sosyal yard\u0131mlar tarihsel s\u00fcre\u00e7ten g\u00fcn\u00fcm\u00fcze kadar kamu y\u00f6netimi i\u015fleyi\u015fi ba\u011flam\u0131nda merkezi y\u00f6netimlerin ve yerel y\u00f6netimlerin soruna yakla\u015f\u0131mlar\u0131, politika, tercihleri ve uygulamalar\u0131 esas ortaya konulmu\u015ftur. <\/p>\n","protected":false},"excerpt":{"rendered":"<p>Yoksulluk sorunu, siyasal akt\u00f6rleri ve politikalar\u0131 devre d\u0131\u015f\u0131 b\u0131rakarak \u00e7\u00f6z\u00fclebilecek bir sorun de\u011fildir. Bununla beraber geleneksel anlamda yaln\u0131zca politik akt\u00f6rlerin \u00fcstesinden gelebilecekleri kadar kolay bir sorun<span class=\"excerpt-hellip\"> [\u2026]<\/span><\/p>\n","protected":false},"featured_media":0,"template":"","meta":{"_monsterinsights_skip_tracking":false,"_monsterinsights_sitenote_active":false,"_monsterinsights_sitenote_note":"","_monsterinsights_sitenote_category":0},"product_brand":[],"product_cat":[12325,12324],"product_tag":[],"class_list":{"0":"post-688779","1":"product","2":"type-product","3":"status-publish","5":"product_cat-diger-sosyoloji","6":"product_cat-sosyoloji","7":"pa_tur-kitap","8":"pa_yayinevi-acilim-kitap","9":"pa_yazar-bedrettin-kesgin","11":"first","12":"instock","13":"sale","14":"shipping-taxable","15":"purchasable","16":"product-type-simple"},"_links":{"self":[{"href":"https:\/\/roveyayinevi.com.tr\/index.php\/wp-json\/wp\/v2\/product\/688779","targetHints":{"allow":["GET"]}}],"collection":[{"href":"https:\/\/roveyayinevi.com.tr\/index.php\/wp-json\/wp\/v2\/product"}],"about":[{"href":"https:\/\/roveyayinevi.com.tr\/index.php\/wp-json\/wp\/v2\/types\/product"}],"wp:attachment":[{"href":"https:\/\/roveyayinevi.com.tr\/index.php\/wp-json\/wp\/v2\/media?parent=688779"}],"wp:term":[{"taxonomy":"product_brand","embeddable":true,"href":"https:\/\/roveyayinevi.com.tr\/index.php\/wp-json\/wp\/v2\/product_brand?post=688779"},{"taxonomy":"product_cat","embeddable":true,"href":"https:\/\/roveyayinevi.com.tr\/index.php\/wp-json\/wp\/v2\/product_cat?post=688779"},{"taxonomy":"product_tag","embeddable":true,"href":"https:\/\/roveyayinevi.com.tr\/index.php\/wp-json\/wp\/v2\/product_tag?post=688779"}],"curies":[{"name":"wp","href":"https:\/\/api.w.org\/{rel}","templated":true}]}}