{"id":688775,"date":"2025-08-27T13:07:34","date_gmt":"2025-08-27T10:07:34","guid":{"rendered":"https:\/\/roveyayinevi.com.tr\/index.php\/urun\/vatikanin-karanlik-sirlari\/"},"modified":"2026-04-16T01:58:37","modified_gmt":"2026-04-15T22:58:37","slug":"vatikanin-karanlik-sirlari","status":"publish","type":"product","link":"https:\/\/roveyayinevi.com.tr\/index.php\/urun\/vatikanin-karanlik-sirlari\/","title":{"rendered":"Vatikan\u2019\u0131n Karanl\u0131k S\u0131rlar\u0131"},"content":{"rendered":"<p>Vatikan\u0131n Bilmenizi \u0130stemedikleri Komplolar&#8230; \u00d6rtbas edilenler&#8230; Ve Ger\u00e7eklerdir&#8230; D\u00fcnya\u2019n\u0131n kutsal mek\u00e2nlar\u0131ndan birinin kal\u0131n duvarlar\u0131 arkas\u0131nda, Vatikan\u2019\u0131n d\u00fcnya olaylar\u0131 \u00fczerindeki denetimsiz ve derin etkisinin s\u00fcrmesini sa\u011flayan geni\u015f bir yalan, r\u00fc\u015fvet, ahl\u00e2ks\u0131zl\u0131k ve komplo a\u011f\u0131 vard\u0131r. &#8220;\u00f6ld\u00fcrmeyeceksin&#8221; emrine meydan okuyan Papal\u0131k emirlerinden t\u00fcm d\u00fcnyada yank\u0131 bulan man\u015fetlere var\u0131ncaya kadar ortaya \u00e7\u0131kan geli\u015fmeler, Vatikan\u2019\u0131n art\u0131k uzun s\u00fcre gizem, efsane ve s\u0131rlarla \u00e7evrili kalamayaca\u011f\u0131n\u0131 g\u00f6steriyor. &#8220;Tanr\u0131\u2019n\u0131n Banker?&#8221; olarak bilinen r\u00fc\u015fvet\u00e7i Vatikan finans\u00e7\u0131s\u0131n\u0131n u\u011frad\u0131\u011f\u0131 \u00e7\u00f6z\u00fclmemi\u015f cinayet, Ger\u00e7ek \u015feytan \u00e7\u0131karma uygulamalar\u0131 ve Satanizm hakk\u0131ndaki \u015fa\u015f\u0131rt\u0131c\u0131 s\u00f6ylentiler, D\u00fcnya d\u0131\u015f\u0131 ya\u015fam ve d\u00fcnyan\u0131n sonu konular\u0131nda Vatikan\u2019\u0131n \u015fa\u015f\u0131rt\u0131c\u0131 g\u00f6r\u00fc\u015fleri, Vatikan\u2019\u0131n Nazi Almanya\u2019s\u0131 ve Mafya ile gizli ili\u015fkileri, A\u015f\u0131r\u0131 tutucu Opus Dei\u2019nin tuhaf rit\u00fcelleri, Vatikan\u2019\u0131n H\u00fcr Masonlara kar\u015f\u0131 y\u00fcr\u00fctt\u00fc\u011f\u00fc 500 y\u0131ll\u0131k ac\u0131mas\u0131z sava\u015f, Pa.pa XII. Pius\u2019un Avrupa Yahudilerine kar\u015f\u0131 giri\u015filen soyk\u0131r\u0131ma Kilise\u2019deki \u00e7ocuk istismar\u0131 Ve daha bir\u00e7ok konu bu kitapta i\u015flenmektedir&#8230;\ufffc<\/p>\n","protected":false},"excerpt":{"rendered":"<p>Vatikan\u0131n Bilmenizi \u0130stemedikleri Komplolar&#8230; \u00d6rtbas edilenler&#8230; Ve Ger\u00e7eklerdir&#8230; D\u00fcnya\u2019n\u0131n kutsal mek\u00e2nlar\u0131ndan birinin kal\u0131n duvarlar\u0131 arkas\u0131nda, Vatikan\u2019\u0131n d\u00fcnya olaylar\u0131 \u00fczerindeki denetimsiz ve derin etkisinin s\u00fcrmesini sa\u011flayan geni\u015f<span class=\"excerpt-hellip\"> [\u2026]<\/span><\/p>\n","protected":false},"featured_media":0,"template":"","meta":{"_monsterinsights_skip_tracking":false,"_monsterinsights_sitenote_active":false,"_monsterinsights_sitenote_note":"","_monsterinsights_sitenote_category":0},"product_brand":[],"product_cat":[12718,12858],"product_tag":[],"class_list":{"0":"post-688775","1":"product","2":"type-product","3":"status-publish","5":"product_cat-din","6":"product_cat-mitolojiler","7":"pa_cilt-ciltsiz","8":"pa_tur-kitap","9":"pa_yayinevi-abis-yayincilik","10":"pa_yazar-h-paul-jeffers","12":"first","13":"instock","14":"sale","15":"shipping-taxable","16":"purchasable","17":"product-type-simple"},"_links":{"self":[{"href":"https:\/\/roveyayinevi.com.tr\/index.php\/wp-json\/wp\/v2\/product\/688775","targetHints":{"allow":["GET"]}}],"collection":[{"href":"https:\/\/roveyayinevi.com.tr\/index.php\/wp-json\/wp\/v2\/product"}],"about":[{"href":"https:\/\/roveyayinevi.com.tr\/index.php\/wp-json\/wp\/v2\/types\/product"}],"wp:attachment":[{"href":"https:\/\/roveyayinevi.com.tr\/index.php\/wp-json\/wp\/v2\/media?parent=688775"}],"wp:term":[{"taxonomy":"product_brand","embeddable":true,"href":"https:\/\/roveyayinevi.com.tr\/index.php\/wp-json\/wp\/v2\/product_brand?post=688775"},{"taxonomy":"product_cat","embeddable":true,"href":"https:\/\/roveyayinevi.com.tr\/index.php\/wp-json\/wp\/v2\/product_cat?post=688775"},{"taxonomy":"product_tag","embeddable":true,"href":"https:\/\/roveyayinevi.com.tr\/index.php\/wp-json\/wp\/v2\/product_tag?post=688775"}],"curies":[{"name":"wp","href":"https:\/\/api.w.org\/{rel}","templated":true}]}}