{"id":688774,"date":"2025-08-27T13:07:34","date_gmt":"2025-08-27T10:07:34","guid":{"rendered":"https:\/\/roveyayinevi.com.tr\/index.php\/urun\/sirtlanlarin-yili\/"},"modified":"2026-04-16T01:58:37","modified_gmt":"2026-04-15T22:58:37","slug":"sirtlanlarin-yili","status":"publish","type":"product","link":"https:\/\/roveyayinevi.com.tr\/index.php\/urun\/sirtlanlarin-yili\/","title":{"rendered":"S\u0131rtlanlar\u0131n Y\u0131l\u0131"},"content":{"rendered":"<p>S\u0131rtlanlar\u0131n y\u0131l\u0131, eski M\u0131s\u0131r\u2019da, krall\u0131\u011f\u0131n en g\u00f6rkemli oldu\u011fu d\u00f6nemlerde ge\u00e7en, merak uyand\u0131r\u0131c\u0131 ve e\u015fsiz bir cinayet roman\u0131. Tarih boyunca saraydaki el yazmalar\u0131n\u0131 inceleyen eski M\u0131s\u0131rbilimciler, III. Ramses\u2019in, entrika, h\u0131rs ve a\u00e7g\u00f6zl\u00fcl\u00fck i\u00e7eren gizemli \u00f6l\u00fcm\u00fcn\u00fc ve o d\u00f6nemde s\u0131k\u00e7a rastlanan ama gizli tutulan ihtiras cinayetlerini ara\u015ft\u0131rmaktad\u0131rlar. S\u0131rtlanlar\u0131n Y\u0131l\u0131\u2019nda, Brad Geagley bu olay\u0131, neredeyse eski M\u0131s\u0131r\u2019\u0131n \u00e7\u00f6k\u00fc\u015f\u00fcne sebep olan bu m\u00fccadeleyi ele al\u0131yor ve bu uzak medeniyetlerin her bir par\u00e7as\u0131 kadar b\u00fcy\u00fcleyici olan hikayesini, bu zeminin \u00fczerine kuruyor. \ufffcTan\u0131t\u0131m Metni<\/p>\n","protected":false},"excerpt":{"rendered":"<p>S\u0131rtlanlar\u0131n y\u0131l\u0131, eski M\u0131s\u0131r\u2019da, krall\u0131\u011f\u0131n en g\u00f6rkemli oldu\u011fu d\u00f6nemlerde ge\u00e7en, merak uyand\u0131r\u0131c\u0131 ve e\u015fsiz bir cinayet roman\u0131. Tarih boyunca saraydaki el yazmalar\u0131n\u0131 inceleyen eski M\u0131s\u0131rbilimciler, III.<span class=\"excerpt-hellip\"> [\u2026]<\/span><\/p>\n","protected":false},"featured_media":0,"template":"","meta":{"_monsterinsights_skip_tracking":false,"_monsterinsights_sitenote_active":false,"_monsterinsights_sitenote_note":"","_monsterinsights_sitenote_category":0},"product_brand":[],"product_cat":[12803,12291],"product_tag":[],"class_list":{"0":"post-688774","1":"product","2":"type-product","3":"status-publish","5":"product_cat-aksiyon-macera","6":"product_cat-edebiyat","7":"pa_tur-kitap","8":"pa_yayinevi-abis-yayincilik","9":"pa_yazar-brad-geagley","11":"first","12":"instock","13":"sale","14":"shipping-taxable","15":"purchasable","16":"product-type-simple"},"_links":{"self":[{"href":"https:\/\/roveyayinevi.com.tr\/index.php\/wp-json\/wp\/v2\/product\/688774","targetHints":{"allow":["GET"]}}],"collection":[{"href":"https:\/\/roveyayinevi.com.tr\/index.php\/wp-json\/wp\/v2\/product"}],"about":[{"href":"https:\/\/roveyayinevi.com.tr\/index.php\/wp-json\/wp\/v2\/types\/product"}],"wp:attachment":[{"href":"https:\/\/roveyayinevi.com.tr\/index.php\/wp-json\/wp\/v2\/media?parent=688774"}],"wp:term":[{"taxonomy":"product_brand","embeddable":true,"href":"https:\/\/roveyayinevi.com.tr\/index.php\/wp-json\/wp\/v2\/product_brand?post=688774"},{"taxonomy":"product_cat","embeddable":true,"href":"https:\/\/roveyayinevi.com.tr\/index.php\/wp-json\/wp\/v2\/product_cat?post=688774"},{"taxonomy":"product_tag","embeddable":true,"href":"https:\/\/roveyayinevi.com.tr\/index.php\/wp-json\/wp\/v2\/product_tag?post=688774"}],"curies":[{"name":"wp","href":"https:\/\/api.w.org\/{rel}","templated":true}]}}