{"id":688770,"date":"2025-08-27T13:07:34","date_gmt":"2025-08-27T10:07:34","guid":{"rendered":"https:\/\/roveyayinevi.com.tr\/index.php\/urun\/kamer-cerileri\/"},"modified":"2026-04-16T01:58:37","modified_gmt":"2026-04-15T22:58:37","slug":"kamer-cerileri","status":"publish","type":"product","link":"https:\/\/roveyayinevi.com.tr\/index.php\/urun\/kamer-cerileri\/","title":{"rendered":"Kamer \u00c7erileri"},"content":{"rendered":"<p>Tap\u0131nak\u00e7\u0131lar\u2019\u0131n, Hospitalierler\u2019in ve G\u00fcl-Ha\u00e7 Tarikat\u0131\u2019n\u0131n varl\u0131\u011f\u0131 hangi nedenlere dayanmaktayd\u0131? <\/p>\n","protected":false},"excerpt":{"rendered":"<p>Tap\u0131nak\u00e7\u0131lar\u2019\u0131n, Hospitalierler\u2019in ve G\u00fcl-Ha\u00e7 Tarikat\u0131\u2019n\u0131n varl\u0131\u011f\u0131 hangi nedenlere dayanmaktayd\u0131?<\/p>\n","protected":false},"featured_media":0,"template":"","meta":{"_monsterinsights_skip_tracking":false,"_monsterinsights_sitenote_active":false,"_monsterinsights_sitenote_note":"","_monsterinsights_sitenote_category":0},"product_brand":[],"product_cat":[12291,12745],"product_tag":[],"class_list":{"0":"post-688770","1":"product","2":"type-product","3":"status-publish","5":"product_cat-edebiyat","6":"product_cat-tarihi-roman","7":"pa_tur-kitap","8":"pa_yayinevi-abis-yayincilik","9":"pa_yazar-gunay-gunaydin","11":"first","12":"instock","13":"sale","14":"shipping-taxable","15":"purchasable","16":"product-type-simple"},"_links":{"self":[{"href":"https:\/\/roveyayinevi.com.tr\/index.php\/wp-json\/wp\/v2\/product\/688770","targetHints":{"allow":["GET"]}}],"collection":[{"href":"https:\/\/roveyayinevi.com.tr\/index.php\/wp-json\/wp\/v2\/product"}],"about":[{"href":"https:\/\/roveyayinevi.com.tr\/index.php\/wp-json\/wp\/v2\/types\/product"}],"wp:attachment":[{"href":"https:\/\/roveyayinevi.com.tr\/index.php\/wp-json\/wp\/v2\/media?parent=688770"}],"wp:term":[{"taxonomy":"product_brand","embeddable":true,"href":"https:\/\/roveyayinevi.com.tr\/index.php\/wp-json\/wp\/v2\/product_brand?post=688770"},{"taxonomy":"product_cat","embeddable":true,"href":"https:\/\/roveyayinevi.com.tr\/index.php\/wp-json\/wp\/v2\/product_cat?post=688770"},{"taxonomy":"product_tag","embeddable":true,"href":"https:\/\/roveyayinevi.com.tr\/index.php\/wp-json\/wp\/v2\/product_tag?post=688770"}],"curies":[{"name":"wp","href":"https:\/\/api.w.org\/{rel}","templated":true}]}}