{"id":688769,"date":"2025-08-27T13:07:33","date_gmt":"2025-08-27T10:07:33","guid":{"rendered":"https:\/\/roveyayinevi.com.tr\/index.php\/urun\/hamam-balkaniya\/"},"modified":"2026-04-16T01:58:37","modified_gmt":"2026-04-15T22:58:37","slug":"hamam-balkaniya","status":"publish","type":"product","link":"https:\/\/roveyayinevi.com.tr\/index.php\/urun\/hamam-balkaniya\/","title":{"rendered":"Hamam Balkaniya"},"content":{"rendered":"<p>Kitaplar\u0131nda ruhsal t\u0131kan\u0131kl\u0131k i\u00e7indeki bat\u0131 medeniyetinden bir \u00e7\u0131k\u0131\u015f yolu bulmak i\u00e7in edebi ve felsefi bilgeli\u011fi kullanma e\u011filimi olan Bajac, Hamam Balkaniya\u2019da da bu bilgeli\u011fin \u0131\u015f\u0131\u011f\u0131nda, kahramanlar\u0131yla birlikte tarih, matematik ve edebiyattan olu\u015fan sihirli bir \u00fc\u00e7genin merkezinde gizlenmi\u015f ger\u00e7e\u011fi ar\u0131yor. \ufffcTan\u0131t\u0131m Metni<\/p>\n","protected":false},"excerpt":{"rendered":"<p>Kitaplar\u0131nda ruhsal t\u0131kan\u0131kl\u0131k i\u00e7indeki bat\u0131 medeniyetinden bir \u00e7\u0131k\u0131\u015f yolu bulmak i\u00e7in edebi ve felsefi bilgeli\u011fi kullanma e\u011filimi olan Bajac, Hamam Balkaniya\u2019da da bu bilgeli\u011fin \u0131\u015f\u0131\u011f\u0131nda, kahramanlar\u0131yla<span class=\"excerpt-hellip\"> [\u2026]<\/span><\/p>\n","protected":false},"featured_media":0,"template":"","meta":{"_monsterinsights_skip_tracking":false,"_monsterinsights_sitenote_active":false,"_monsterinsights_sitenote_note":"","_monsterinsights_sitenote_category":0},"product_brand":[],"product_cat":[12291,12711],"product_tag":[],"class_list":{"0":"post-688769","1":"product","2":"type-product","3":"status-publish","5":"product_cat-edebiyat","6":"product_cat-roman-oyku","7":"pa_tur-kitap","8":"pa_yayinevi-abis-yayincilik","9":"pa_yazar-vladislav-bajac","11":"first","12":"instock","13":"sale","14":"shipping-taxable","15":"purchasable","16":"product-type-simple"},"_links":{"self":[{"href":"https:\/\/roveyayinevi.com.tr\/index.php\/wp-json\/wp\/v2\/product\/688769","targetHints":{"allow":["GET"]}}],"collection":[{"href":"https:\/\/roveyayinevi.com.tr\/index.php\/wp-json\/wp\/v2\/product"}],"about":[{"href":"https:\/\/roveyayinevi.com.tr\/index.php\/wp-json\/wp\/v2\/types\/product"}],"wp:attachment":[{"href":"https:\/\/roveyayinevi.com.tr\/index.php\/wp-json\/wp\/v2\/media?parent=688769"}],"wp:term":[{"taxonomy":"product_brand","embeddable":true,"href":"https:\/\/roveyayinevi.com.tr\/index.php\/wp-json\/wp\/v2\/product_brand?post=688769"},{"taxonomy":"product_cat","embeddable":true,"href":"https:\/\/roveyayinevi.com.tr\/index.php\/wp-json\/wp\/v2\/product_cat?post=688769"},{"taxonomy":"product_tag","embeddable":true,"href":"https:\/\/roveyayinevi.com.tr\/index.php\/wp-json\/wp\/v2\/product_tag?post=688769"}],"curies":[{"name":"wp","href":"https:\/\/api.w.org\/{rel}","templated":true}]}}