{"id":688766,"date":"2025-08-27T13:07:33","date_gmt":"2025-08-27T10:07:33","guid":{"rendered":"https:\/\/roveyayinevi.com.tr\/index.php\/urun\/psiko-tarih-sezgilerimiz-ve-takintilarimiz\/"},"modified":"2026-04-16T01:58:37","modified_gmt":"2026-04-15T22:58:37","slug":"psiko-tarih-sezgilerimiz-ve-takintilarimiz","status":"publish","type":"product","link":"https:\/\/roveyayinevi.com.tr\/index.php\/urun\/psiko-tarih-sezgilerimiz-ve-takintilarimiz\/","title":{"rendered":"Psiko-Tarih Sezgilerimiz ve Tak\u0131nt\u0131lar\u0131m\u0131z"},"content":{"rendered":"<p>&#8220;Neden?&#8221; diye sordu insan. Ni\u00e7in, niye, nas\u0131l diye il\u00e2ve etti. Ba\u015fka hi\u00e7bir canl\u0131n\u0131n bu sorular\u0131 sormad\u0131\u011f\u0131n\u0131 biliyordu. O halde bu sorular\u0131 sormak g\u00f6revi kendisinindi. \u00c7\u00fcnk\u00fc do\u011fa insan beyninde m\u00fckemmeli bulmu\u015ftu.En \u00f6nemli soru olan canl\u0131l\u0131\u011fa tak\u0131ld\u0131 beyni. Beyninin korteks denilen \u00fcst b\u00f6l\u00fcm\u00fcn\u00fcn di\u011fer canl\u0131larda olmad\u0131\u011f\u0131n\u0131 d\u00fc\u015f\u00fcnd\u00fc. O halde beni insan olarak konu\u015fmaya, d\u00fc\u015f\u00fcnmeye, felsefe yapmaya, sorular sormaya beynimin bu b\u00f6l\u00fcm\u00fc y\u00f6neltiyor. Acaba, dedi, bu \u00fcst beynim olmasa ben aray\u0131\u015f i\u00e7inde olur muydum? Bu aray\u0131\u015flar mutlulu\u011fumu engelledi\u011fi i\u00e7in mi stres i\u00e7indeydim?\ufffc<\/p>\n","protected":false},"excerpt":{"rendered":"<p>&#8220;Neden?&#8221; diye sordu insan. Ni\u00e7in, niye, nas\u0131l diye il\u00e2ve etti. Ba\u015fka hi\u00e7bir canl\u0131n\u0131n bu sorular\u0131 sormad\u0131\u011f\u0131n\u0131 biliyordu. O halde bu sorular\u0131 sormak g\u00f6revi kendisinindi. \u00c7\u00fcnk\u00fc do\u011fa<span class=\"excerpt-hellip\"> [\u2026]<\/span><\/p>\n","protected":false},"featured_media":0,"template":"","meta":{"_monsterinsights_skip_tracking":false,"_monsterinsights_sitenote_active":false,"_monsterinsights_sitenote_note":"","_monsterinsights_sitenote_category":0},"product_brand":[],"product_cat":[12767,12324],"product_tag":[],"class_list":{"0":"post-688766","1":"product","2":"type-product","3":"status-publish","5":"product_cat-kentlesme-modernlesme","6":"product_cat-sosyoloji","7":"pa_cilt-ciltsiz","8":"pa_tur-kitap","9":"pa_yayinevi-abis-yayincilik","10":"pa_yazar-nusret-kaya","12":"first","13":"instock","14":"sale","15":"shipping-taxable","16":"purchasable","17":"product-type-simple"},"_links":{"self":[{"href":"https:\/\/roveyayinevi.com.tr\/index.php\/wp-json\/wp\/v2\/product\/688766","targetHints":{"allow":["GET"]}}],"collection":[{"href":"https:\/\/roveyayinevi.com.tr\/index.php\/wp-json\/wp\/v2\/product"}],"about":[{"href":"https:\/\/roveyayinevi.com.tr\/index.php\/wp-json\/wp\/v2\/types\/product"}],"wp:attachment":[{"href":"https:\/\/roveyayinevi.com.tr\/index.php\/wp-json\/wp\/v2\/media?parent=688766"}],"wp:term":[{"taxonomy":"product_brand","embeddable":true,"href":"https:\/\/roveyayinevi.com.tr\/index.php\/wp-json\/wp\/v2\/product_brand?post=688766"},{"taxonomy":"product_cat","embeddable":true,"href":"https:\/\/roveyayinevi.com.tr\/index.php\/wp-json\/wp\/v2\/product_cat?post=688766"},{"taxonomy":"product_tag","embeddable":true,"href":"https:\/\/roveyayinevi.com.tr\/index.php\/wp-json\/wp\/v2\/product_tag?post=688766"}],"curies":[{"name":"wp","href":"https:\/\/api.w.org\/{rel}","templated":true}]}}