{"id":688764,"date":"2025-08-27T13:07:33","date_gmt":"2025-08-27T10:07:33","guid":{"rendered":"https:\/\/roveyayinevi.com.tr\/index.php\/urun\/insanlar\/"},"modified":"2026-04-16T01:58:37","modified_gmt":"2026-04-15T22:58:37","slug":"insanlar","status":"publish","type":"product","link":"https:\/\/roveyayinevi.com.tr\/index.php\/urun\/insanlar\/","title":{"rendered":"\u0130nsanlar"},"content":{"rendered":"<p>D\u00fcnyam\u0131z ve t\u00fcr\u00fcm\u00fcz Homo sapiensin yok olup bask\u0131n zeki t\u00fcr olarak Neanderthaller\u2019in ortaya \u00e7\u0131kt\u0131\u011f\u0131 paralel evren aras\u0131ndaki ili\u015fkileri inceleyen \u00fc\u00e7lemesi The Neanderthal Parallax\u2019\u0131n ikinci kitab\u0131 Humans-\u0130nsanlar\u2019 da \u00f6d\u00fcll\u00fc ve \u00e7ok satar yazar Robert J. Sawyer g\u00fcc\u00fcn\u00fcn doru\u011funa \u00e7\u0131k\u0131yor. \u015eimdi unututamayaca\u011f\u0131n\u0131z bir karakter olan fizik\u00e7i Ponter Boddit d\u00fcnyam\u0131za ve genetik\u00e7i Mary Vaughan ile ili\u015fkisine d\u00f6n\u00fcyor. \u0130ki D\u00fcnya aras\u0131nda k\u00fclt\u00fcrel de\u011fi\u015fim ba\u015flarken, bilim kurgunun en g\u00fczel zevkleri olan \u015fa\u015fk\u0131nl\u0131k ve ayd\u0131nlanma patlamalar\u0131 ya\u015fan\u0131yor. \ufffcTan\u0131t\u0131m Metni<\/p>\n","protected":false},"excerpt":{"rendered":"<p>D\u00fcnyam\u0131z ve t\u00fcr\u00fcm\u00fcz Homo sapiensin yok olup bask\u0131n zeki t\u00fcr olarak Neanderthaller\u2019in ortaya \u00e7\u0131kt\u0131\u011f\u0131 paralel evren aras\u0131ndaki ili\u015fkileri inceleyen \u00fc\u00e7lemesi The Neanderthal Parallax\u2019\u0131n ikinci kitab\u0131 Humans-\u0130nsanlar\u2019<span class=\"excerpt-hellip\"> [\u2026]<\/span><\/p>\n","protected":false},"featured_media":0,"template":"","meta":{"_monsterinsights_skip_tracking":false,"_monsterinsights_sitenote_active":false,"_monsterinsights_sitenote_note":"","_monsterinsights_sitenote_category":0},"product_brand":[],"product_cat":[12291,12711],"product_tag":[],"class_list":{"0":"post-688764","1":"product","2":"type-product","3":"status-publish","5":"product_cat-edebiyat","6":"product_cat-roman-oyku","7":"pa_tur-kitap","8":"pa_yayinevi-abis-yayincilik","9":"pa_yazar-robert-j-sawyer","11":"first","12":"instock","13":"sale","14":"shipping-taxable","15":"purchasable","16":"product-type-simple"},"_links":{"self":[{"href":"https:\/\/roveyayinevi.com.tr\/index.php\/wp-json\/wp\/v2\/product\/688764","targetHints":{"allow":["GET"]}}],"collection":[{"href":"https:\/\/roveyayinevi.com.tr\/index.php\/wp-json\/wp\/v2\/product"}],"about":[{"href":"https:\/\/roveyayinevi.com.tr\/index.php\/wp-json\/wp\/v2\/types\/product"}],"wp:attachment":[{"href":"https:\/\/roveyayinevi.com.tr\/index.php\/wp-json\/wp\/v2\/media?parent=688764"}],"wp:term":[{"taxonomy":"product_brand","embeddable":true,"href":"https:\/\/roveyayinevi.com.tr\/index.php\/wp-json\/wp\/v2\/product_brand?post=688764"},{"taxonomy":"product_cat","embeddable":true,"href":"https:\/\/roveyayinevi.com.tr\/index.php\/wp-json\/wp\/v2\/product_cat?post=688764"},{"taxonomy":"product_tag","embeddable":true,"href":"https:\/\/roveyayinevi.com.tr\/index.php\/wp-json\/wp\/v2\/product_tag?post=688764"}],"curies":[{"name":"wp","href":"https:\/\/api.w.org\/{rel}","templated":true}]}}