{"id":688763,"date":"2025-08-27T13:07:33","date_gmt":"2025-08-27T10:07:33","guid":{"rendered":"https:\/\/roveyayinevi.com.tr\/index.php\/urun\/evrensel-esit-kuyruklu-canli-cilt-2\/"},"modified":"2026-04-16T01:58:37","modified_gmt":"2026-04-15T22:58:37","slug":"evrensel-esit-kuyruklu-canli-cilt-2","status":"publish","type":"product","link":"https:\/\/roveyayinevi.com.tr\/index.php\/urun\/evrensel-esit-kuyruklu-canli-cilt-2\/","title":{"rendered":"Evrensel E\u015fit Kuyruklu Canl\u0131 Cilt: 2"},"content":{"rendered":"<p>\u0130nsan davran\u0131\u015flar\u0131n\u0131n anla\u015f\u0131lmas\u0131 i\u00e7in   alt beyin  ,   \u00fcst beyin   kavramlar\u0131n\u0131 kullanan Nusret Kaya, ana rahminde   beyin ve kuyru\u011fu  nun yani omurili\u011fin olu\u015ftu\u011fu andan itibaren   evrensel e\u015fit kuyruklu canl\u0131   ad\u0131n\u0131 verdi\u011fi as\u0131l canl\u0131n\u0131n ortaya \u00e7\u0131kt\u0131\u011f\u0131n\u0131 ve ceninin o andan itibaren olumlu ve olumsuz kay\u0131tlar almaya ba\u015flad\u0131\u011f\u0131n\u0131 s\u00f6yl\u00fcyor. Alt beynin ald\u0131\u011f\u0131 olumsuz kay\u0131tlar\u0131n anla\u015f\u0131lmas\u0131n\u0131n sadece davran\u0131\u015f bozukluklar\u0131 ile psikolojik sorunlar\u0131n de\u011fil,   evrensel e\u015fitli\u011fi   bozan toplumsal sorunlar\u0131n a\u015f\u0131lmas\u0131 i\u00e7in de ne kadar \u00f6nemli oldu\u011funu g\u00f6steriyor. <\/p>\n","protected":false},"excerpt":{"rendered":"<p>\u0130nsan davran\u0131\u015flar\u0131n\u0131n anla\u015f\u0131lmas\u0131 i\u00e7in alt beyin , \u00fcst beyin kavramlar\u0131n\u0131 kullanan Nusret Kaya, ana rahminde beyin ve kuyru\u011fu nun yani omurili\u011fin olu\u015ftu\u011fu andan itibaren evrensel e\u015fit<span class=\"excerpt-hellip\"> [\u2026]<\/span><\/p>\n","protected":false},"featured_media":0,"template":"","meta":{"_monsterinsights_skip_tracking":false,"_monsterinsights_sitenote_active":false,"_monsterinsights_sitenote_note":"","_monsterinsights_sitenote_category":0},"product_brand":[],"product_cat":[12755,12357],"product_tag":[],"class_list":{"0":"post-688763","1":"product","2":"type-product","3":"status-publish","5":"product_cat-gelisim-psikolojisi","6":"product_cat-psikoloji","7":"pa_cilt-ciltsiz","8":"pa_tur-kitap","9":"pa_yayinevi-abis-yayincilik","10":"pa_yazar-nusret-kaya","12":"first","13":"instock","14":"sale","15":"shipping-taxable","16":"purchasable","17":"product-type-simple"},"_links":{"self":[{"href":"https:\/\/roveyayinevi.com.tr\/index.php\/wp-json\/wp\/v2\/product\/688763","targetHints":{"allow":["GET"]}}],"collection":[{"href":"https:\/\/roveyayinevi.com.tr\/index.php\/wp-json\/wp\/v2\/product"}],"about":[{"href":"https:\/\/roveyayinevi.com.tr\/index.php\/wp-json\/wp\/v2\/types\/product"}],"wp:attachment":[{"href":"https:\/\/roveyayinevi.com.tr\/index.php\/wp-json\/wp\/v2\/media?parent=688763"}],"wp:term":[{"taxonomy":"product_brand","embeddable":true,"href":"https:\/\/roveyayinevi.com.tr\/index.php\/wp-json\/wp\/v2\/product_brand?post=688763"},{"taxonomy":"product_cat","embeddable":true,"href":"https:\/\/roveyayinevi.com.tr\/index.php\/wp-json\/wp\/v2\/product_cat?post=688763"},{"taxonomy":"product_tag","embeddable":true,"href":"https:\/\/roveyayinevi.com.tr\/index.php\/wp-json\/wp\/v2\/product_tag?post=688763"}],"curies":[{"name":"wp","href":"https:\/\/api.w.org\/{rel}","templated":true}]}}