{"id":688762,"date":"2025-08-27T13:07:32","date_gmt":"2025-08-27T10:07:32","guid":{"rendered":"https:\/\/roveyayinevi.com.tr\/index.php\/urun\/kamu-sorumlulugunda-sosyal-hizmet\/"},"modified":"2026-04-16T01:58:37","modified_gmt":"2026-04-15T22:58:37","slug":"kamu-sorumlulugunda-sosyal-hizmet","status":"publish","type":"product","link":"https:\/\/roveyayinevi.com.tr\/index.php\/urun\/kamu-sorumlulugunda-sosyal-hizmet\/","title":{"rendered":"Kamu Sorumlulu\u011funda Sosyal Hizmet"},"content":{"rendered":"<p>Sosyal politikan\u0131n dolay\u0131s\u0131yla sosyal hizmetlerin en \u00f6nemli akt\u00f6rlerinden birisi de devlettir. Sosyal hizmet uygulamalar\u0131nda devlet, \u00e7ok \u00f6nemli g\u00f6revleri yerine getirmi\u015f ve getirmeye devam etmektedir. Sosyal hizmetler konusunda devletin misyonu ve rol\u00fc \u00fclkeden \u00fclkeye de\u011fi\u015fiklik g\u00f6sterse de devlet bazen d\u00fczenleyici, bazen uygulay\u0131c\u0131, bazen de her ikisi birlikte y\u00fcr\u00fctebilmektedir. G\u00fcn\u00fcm\u00fczde toplumsal beklentileri kar\u015f\u0131layacak ve bir nevi di\u011fer payda\u015flara da rol model olacak kamu sosyal hizmetlerinin sunulmas\u0131na olan ihtiya\u00e7 da varl\u0131\u011f\u0131n\u0131 her ge\u00e7en g\u00fcn daha fazla hissettirmektedir. Di\u011fer yandan devletler bu uygulamalar\u0131 k\u00fcresel s\u00fcrecin bask\u0131s\u0131yla daha fazla sorunsalla\u015ft\u0131rmaktad\u0131r. Oysa sosyal refah uygulamalar\u0131 k\u0131sa vadeli maliyetli bir u\u011fra\u015f gibi g\u00f6r\u00fcnse de uzun vadede toplumsal kazan\u0131lar\u0131 ifade eder.Bu hizmetler hem i\u015fg\u00fcc\u00fc niteli\u011fi anlam\u0131nda hem de toplumsal adalet, huzur ve bar\u0131\u015f anlam\u0131nda kazan\u0131md\u0131r. Sosyal devlet uygulamalar\u0131n\u0131n sorun olarak g\u00f6r\u00fclmesine hemen hemen t\u00fcm d\u00fcnya \u00fclkelerinde tan\u0131k olmaktay\u0131z.\u00d6zellikle son y\u0131llarda kar\u015f\u0131la\u015f\u0131lan ekonomik kriz, \u00f6zelle\u015ftirme, piyasala\u015fma ve yerelle\u015fme at ba\u015f\u0131 ilerleyen geli\u015fmeler olarak kar\u015f\u0131m\u0131za \u00e7\u0131kmaktad\u0131r. Kamu y\u00f6netimi anlam\u0131nda ve sosyal hizmetler ba\u011flam\u0131nda baz\u0131 sosyal nitelikli uygulamalar daha fazla yerel y\u00f6netimlere devredilmeye \u00e7al\u0131\u015f\u0131lmaktad\u0131r. Bu de\u011fi\u015fimin yerel y\u00f6netimler lehine \u00f6n\u00fcm\u00fczdeki y\u0131llarda de\u011fi\u015fmeye devam edece\u011fi de g\u00f6r\u00fclmektedir. <\/p>\n","protected":false},"excerpt":{"rendered":"<p>Sosyal politikan\u0131n dolay\u0131s\u0131yla sosyal hizmetlerin en \u00f6nemli akt\u00f6rlerinden birisi de devlettir. Sosyal hizmet uygulamalar\u0131nda devlet, \u00e7ok \u00f6nemli g\u00f6revleri yerine getirmi\u015f ve getirmeye devam etmektedir. Sosyal hizmetler<span class=\"excerpt-hellip\"> [\u2026]<\/span><\/p>\n","protected":false},"featured_media":0,"template":"","meta":{"_monsterinsights_skip_tracking":false,"_monsterinsights_sitenote_active":false,"_monsterinsights_sitenote_note":"","_monsterinsights_sitenote_category":0},"product_brand":[],"product_cat":[12325,12324],"product_tag":[],"class_list":{"0":"post-688762","1":"product","2":"type-product","3":"status-publish","5":"product_cat-diger-sosyoloji","6":"product_cat-sosyoloji","7":"pa_tur-kitap","8":"pa_yayinevi-acilim-kitap","9":"pa_yazar-bedrettin-kesgin","11":"first","12":"instock","13":"sale","14":"shipping-taxable","15":"purchasable","16":"product-type-simple"},"_links":{"self":[{"href":"https:\/\/roveyayinevi.com.tr\/index.php\/wp-json\/wp\/v2\/product\/688762","targetHints":{"allow":["GET"]}}],"collection":[{"href":"https:\/\/roveyayinevi.com.tr\/index.php\/wp-json\/wp\/v2\/product"}],"about":[{"href":"https:\/\/roveyayinevi.com.tr\/index.php\/wp-json\/wp\/v2\/types\/product"}],"wp:attachment":[{"href":"https:\/\/roveyayinevi.com.tr\/index.php\/wp-json\/wp\/v2\/media?parent=688762"}],"wp:term":[{"taxonomy":"product_brand","embeddable":true,"href":"https:\/\/roveyayinevi.com.tr\/index.php\/wp-json\/wp\/v2\/product_brand?post=688762"},{"taxonomy":"product_cat","embeddable":true,"href":"https:\/\/roveyayinevi.com.tr\/index.php\/wp-json\/wp\/v2\/product_cat?post=688762"},{"taxonomy":"product_tag","embeddable":true,"href":"https:\/\/roveyayinevi.com.tr\/index.php\/wp-json\/wp\/v2\/product_tag?post=688762"}],"curies":[{"name":"wp","href":"https:\/\/api.w.org\/{rel}","templated":true}]}}