{"id":688761,"date":"2025-08-27T13:07:32","date_gmt":"2025-08-27T10:07:32","guid":{"rendered":"https:\/\/roveyayinevi.com.tr\/index.php\/urun\/around-the-world-in-eighty-days\/"},"modified":"2026-04-16T01:58:37","modified_gmt":"2026-04-15T22:58:37","slug":"around-the-world-in-eighty-days","status":"publish","type":"product","link":"https:\/\/roveyayinevi.com.tr\/index.php\/urun\/around-the-world-in-eighty-days\/","title":{"rendered":"Around The World \u0130n Eighty Days"},"content":{"rendered":"<p>Around the World in Eighty Days occupies a very important position in Jules Verne series of EXTRAORDINARY VOYAGES. It has been very popular in the English-speaking world because of the nationality of the central figure.   His Journey to the Centre of the Earth, Twenty Thousand Leagues under the Sea, and From the Earth to the Moon are science fictions. But Around the World in Eighty Days is not a science fiction. It is the only novel to depend on the theme of space and time.   The route of Fogg\u2019s journey is the quickest and goes through the most places occupied by the British. The trip is stripped to bare essentials. Everything else is cut out. Fix, Fogg and Passepartout can never be really lost. They keep bumping into one another. Humor is also an integral part of the story, making it thoroughly enjoyable.   Binbir \u00c7i\u00e7ek, \u00e7ocuklara ve gen\u00e7lere y\u00f6nelik dil yay\u0131nc\u0131l\u0131\u011f\u0131nda \u00fclkemizin \u00f6nde gelen markalar\u0131ndan biri. Her ge\u00e7en g\u00fcn daha da geni\u015fletti\u011fimiz \u00fcr\u00fcn yelpazemize \u015fimdi de d\u00fcnya klasiklerinin seviyelendirilmi\u015f okuma kitaplar\u0131n\u0131 ekliyor ve dil e\u011fitimine de\u011fer kat\u0131yoruz.   Bu seride yer alan kitaplar hem i\u00e7erikleri hem de i\u00e7erdikleri kelime say\u0131s\u0131 bak\u0131m\u0131ndan basitle\u015ftirilmi\u015f ve okuyucunun ihtiya\u00e7lar\u0131 do\u011frultusunda yeniden d\u00fczenlenmi\u015ftir. Temel ama\u00e7 kelime bilgisinin geli\u015ftirilmesi, c\u00fcmle yap\u0131s\u0131n\u0131n sindirilmesi ve okuma becerilerinin ilerlemesini sa\u011flamakt\u0131r. T\u00fcm kitaplar\u0131n sonunda bir s\u00f6zl\u00fck ve \u00e7e\u015fitli aktivitelere de yer verilmi\u015ftir. <\/p>\n","protected":false},"excerpt":{"rendered":"<p>Around the World in Eighty Days occupies a very important position in Jules Verne series of EXTRAORDINARY VOYAGES. It has been very popular in the English-speaking<span class=\"excerpt-hellip\"> [\u2026]<\/span><\/p>\n","protected":false},"featured_media":0,"template":"","meta":{"_monsterinsights_skip_tracking":false,"_monsterinsights_sitenote_active":false,"_monsterinsights_sitenote_note":"","_monsterinsights_sitenote_category":0},"product_brand":[],"product_cat":[12364],"product_tag":[],"class_list":{"0":"post-688761","1":"product","2":"type-product","3":"status-publish","5":"product_cat-genel-konular","6":"pa_cilt-ciltsiz","7":"pa_tur-kitap","8":"pa_yayinevi-1001-cicek-kitaplar","9":"pa_yazar-jules-verne","11":"first","12":"instock","13":"sale","14":"shipping-taxable","15":"purchasable","16":"product-type-simple"},"_links":{"self":[{"href":"https:\/\/roveyayinevi.com.tr\/index.php\/wp-json\/wp\/v2\/product\/688761","targetHints":{"allow":["GET"]}}],"collection":[{"href":"https:\/\/roveyayinevi.com.tr\/index.php\/wp-json\/wp\/v2\/product"}],"about":[{"href":"https:\/\/roveyayinevi.com.tr\/index.php\/wp-json\/wp\/v2\/types\/product"}],"wp:attachment":[{"href":"https:\/\/roveyayinevi.com.tr\/index.php\/wp-json\/wp\/v2\/media?parent=688761"}],"wp:term":[{"taxonomy":"product_brand","embeddable":true,"href":"https:\/\/roveyayinevi.com.tr\/index.php\/wp-json\/wp\/v2\/product_brand?post=688761"},{"taxonomy":"product_cat","embeddable":true,"href":"https:\/\/roveyayinevi.com.tr\/index.php\/wp-json\/wp\/v2\/product_cat?post=688761"},{"taxonomy":"product_tag","embeddable":true,"href":"https:\/\/roveyayinevi.com.tr\/index.php\/wp-json\/wp\/v2\/product_tag?post=688761"}],"curies":[{"name":"wp","href":"https:\/\/api.w.org\/{rel}","templated":true}]}}