{"id":688760,"date":"2025-08-27T13:07:32","date_gmt":"2025-08-27T10:07:32","guid":{"rendered":"https:\/\/roveyayinevi.com.tr\/index.php\/urun\/pilatusun-karisi-kahin-claudia\/"},"modified":"2026-04-16T01:58:37","modified_gmt":"2026-04-15T22:58:37","slug":"pilatusun-karisi-kahin-claudia","status":"publish","type":"product","link":"https:\/\/roveyayinevi.com.tr\/index.php\/urun\/pilatusun-karisi-kahin-claudia\/","title":{"rendered":"Pilatus\u2019un Kar\u0131s\u0131 Kahin Claudia"},"content":{"rendered":"<p>Vesta Rahibeleri Manast\u0131r\u0131\u2019ndan \u0130sis tap\u0131naklar\u0131na, Kud\u00fcs\u2019te yeni bir inanc\u0131 yayan \u0130sa\u2019n\u0131n \u00e7evresine, arenalarda \u00f6l\u00fcm\u00fcne d\u00f6v\u00fc\u015fen gladyat\u00f6rlerden kural tan\u0131mayan tutkulu a\u015fklara uzanan bir panoramada zenginlik, g\u00fc\u00e7 ve iktidarla sadakat, sevgi, h\u0131rs ve dostlu\u011fu i\u015fleyen bir yap\u0131t K\u00e2hin Claduia. M.S. I. y\u00fczy\u0131l Roma \u0130mparatorlu\u011fu\u2019nun y\u00f6netim yap\u0131s\u0131ndan sosyal ya\u015fam\u0131n\u0131n \u00f6zelliklerine, gelece\u011fi bi\u00e7imlendirecek inan\u00e7lar\u0131n filizlendi\u011fi de\u011fi\u015fim d\u00f6nemini yeni bir bak\u0131\u015fla, canl\u0131 ve b\u00fcy\u00fcleyici bir \u00fcslupla aktar\u0131yor. \ufffcTan\u0131t\u0131m Metni<\/p>\n","protected":false},"excerpt":{"rendered":"<p>Vesta Rahibeleri Manast\u0131r\u0131\u2019ndan \u0130sis tap\u0131naklar\u0131na, Kud\u00fcs\u2019te yeni bir inanc\u0131 yayan \u0130sa\u2019n\u0131n \u00e7evresine, arenalarda \u00f6l\u00fcm\u00fcne d\u00f6v\u00fc\u015fen gladyat\u00f6rlerden kural tan\u0131mayan tutkulu a\u015fklara uzanan bir panoramada zenginlik, g\u00fc\u00e7 ve<span class=\"excerpt-hellip\"> [\u2026]<\/span><\/p>\n","protected":false},"featured_media":0,"template":"","meta":{"_monsterinsights_skip_tracking":false,"_monsterinsights_sitenote_active":false,"_monsterinsights_sitenote_note":"","_monsterinsights_sitenote_category":0},"product_brand":[],"product_cat":[12291,12745],"product_tag":[],"class_list":{"0":"post-688760","1":"product","2":"type-product","3":"status-publish","5":"product_cat-edebiyat","6":"product_cat-tarihi-roman","7":"pa_tur-kitap","8":"pa_yayinevi-abis-yayincilik","9":"pa_yazar-antoinette-may","11":"first","12":"instock","13":"sale","14":"shipping-taxable","15":"purchasable","16":"product-type-simple"},"_links":{"self":[{"href":"https:\/\/roveyayinevi.com.tr\/index.php\/wp-json\/wp\/v2\/product\/688760","targetHints":{"allow":["GET"]}}],"collection":[{"href":"https:\/\/roveyayinevi.com.tr\/index.php\/wp-json\/wp\/v2\/product"}],"about":[{"href":"https:\/\/roveyayinevi.com.tr\/index.php\/wp-json\/wp\/v2\/types\/product"}],"wp:attachment":[{"href":"https:\/\/roveyayinevi.com.tr\/index.php\/wp-json\/wp\/v2\/media?parent=688760"}],"wp:term":[{"taxonomy":"product_brand","embeddable":true,"href":"https:\/\/roveyayinevi.com.tr\/index.php\/wp-json\/wp\/v2\/product_brand?post=688760"},{"taxonomy":"product_cat","embeddable":true,"href":"https:\/\/roveyayinevi.com.tr\/index.php\/wp-json\/wp\/v2\/product_cat?post=688760"},{"taxonomy":"product_tag","embeddable":true,"href":"https:\/\/roveyayinevi.com.tr\/index.php\/wp-json\/wp\/v2\/product_tag?post=688760"}],"curies":[{"name":"wp","href":"https:\/\/api.w.org\/{rel}","templated":true}]}}