{"id":688759,"date":"2025-08-27T13:07:32","date_gmt":"2025-08-27T10:07:32","guid":{"rendered":"https:\/\/roveyayinevi.com.tr\/index.php\/urun\/montsegur-hazinesi\/"},"modified":"2026-04-16T01:58:37","modified_gmt":"2026-04-15T22:58:37","slug":"montsegur-hazinesi","status":"publish","type":"product","link":"https:\/\/roveyayinevi.com.tr\/index.php\/urun\/montsegur-hazinesi\/","title":{"rendered":"Montsegur Hazinesi"},"content":{"rendered":"<p>11. y\u00fczy\u0131lda G\u00fcney Fransa\u2019da bir dinsel grup olarak ortaya \u00e7\u0131kan Katharlar (Ar\u0131nm\u0131\u015flar) \u0130ncil\u2019i konu\u015ftuklar\u0131 dile \u00e7evirerek geni\u015f kitelelerin okumas\u0131n\u0131 sa\u011flad\u0131klar\u0131 gibi e\u015fitlik\u00e7i, \u00f6zg\u00fcrl\u00fck\u00e7\u00fc ve dayan\u0131\u015fmac\u0131 bir toplum tasar\u0131m\u0131n\u0131 da hayata ge\u00e7irmeye \u00e7al\u0131\u015fm\u0131\u015flard\u0131r ve son taraftarlar\u0131na kadar yakalan\u0131p yak\u0131larak yok edilmi\u015flerdir. 1300\u2019l\u00fc y\u0131llarda Balkanlar\u2019da g\u00fc\u00e7 kazanan Bogomil hareketine esin verdikleri de bilinmektedir. 1416 y\u0131l\u0131nda t\u0131pk\u0131 Katharlar ve Bogomiller gibi e\u015fitlik\u00e7i, \u00f6zg\u00fcrl\u00fck\u00e7\u00fc ve payla\u015f\u0131mc\u0131 bir toplum tasar\u0131m\u0131yla b\u00fct\u00fcn dinlerin inananlar\u0131na seslenen ve Osmanl\u0131 d\u00fczenine ba\u015fkald\u0131ran \u015eeyh Bedrettin ve hareketinin de Kathar d\u00fc\u015f\u00fcncesiyle ilgili oldu\u011funu savunan ara\u015ft\u0131rmac\u0131lar vard\u0131r. <\/p>\n","protected":false},"excerpt":{"rendered":"<p>11. y\u00fczy\u0131lda G\u00fcney Fransa\u2019da bir dinsel grup olarak ortaya \u00e7\u0131kan Katharlar (Ar\u0131nm\u0131\u015flar) \u0130ncil\u2019i konu\u015ftuklar\u0131 dile \u00e7evirerek geni\u015f kitelelerin okumas\u0131n\u0131 sa\u011flad\u0131klar\u0131 gibi e\u015fitlik\u00e7i, \u00f6zg\u00fcrl\u00fck\u00e7\u00fc ve dayan\u0131\u015fmac\u0131 bir<span class=\"excerpt-hellip\"> [\u2026]<\/span><\/p>\n","protected":false},"featured_media":0,"template":"","meta":{"_monsterinsights_skip_tracking":false,"_monsterinsights_sitenote_active":false,"_monsterinsights_sitenote_note":"","_monsterinsights_sitenote_category":0},"product_brand":[],"product_cat":[12291,12711],"product_tag":[],"class_list":{"0":"post-688759","1":"product","2":"type-product","3":"status-publish","5":"product_cat-edebiyat","6":"product_cat-roman-oyku","7":"pa_tur-kitap","8":"pa_yayinevi-abis-yayincilik","9":"pa_yazar-sophy-burnham","11":"first","12":"instock","13":"sale","14":"shipping-taxable","15":"purchasable","16":"product-type-simple"},"_links":{"self":[{"href":"https:\/\/roveyayinevi.com.tr\/index.php\/wp-json\/wp\/v2\/product\/688759","targetHints":{"allow":["GET"]}}],"collection":[{"href":"https:\/\/roveyayinevi.com.tr\/index.php\/wp-json\/wp\/v2\/product"}],"about":[{"href":"https:\/\/roveyayinevi.com.tr\/index.php\/wp-json\/wp\/v2\/types\/product"}],"wp:attachment":[{"href":"https:\/\/roveyayinevi.com.tr\/index.php\/wp-json\/wp\/v2\/media?parent=688759"}],"wp:term":[{"taxonomy":"product_brand","embeddable":true,"href":"https:\/\/roveyayinevi.com.tr\/index.php\/wp-json\/wp\/v2\/product_brand?post=688759"},{"taxonomy":"product_cat","embeddable":true,"href":"https:\/\/roveyayinevi.com.tr\/index.php\/wp-json\/wp\/v2\/product_cat?post=688759"},{"taxonomy":"product_tag","embeddable":true,"href":"https:\/\/roveyayinevi.com.tr\/index.php\/wp-json\/wp\/v2\/product_tag?post=688759"}],"curies":[{"name":"wp","href":"https:\/\/api.w.org\/{rel}","templated":true}]}}