{"id":688753,"date":"2025-08-27T13:07:31","date_gmt":"2025-08-27T10:07:31","guid":{"rendered":"https:\/\/roveyayinevi.com.tr\/index.php\/urun\/kendini-bilen-rabbini-bilir\/"},"modified":"2026-04-16T01:58:37","modified_gmt":"2026-04-15T22:58:37","slug":"kendini-bilen-rabbini-bilir","status":"publish","type":"product","link":"https:\/\/roveyayinevi.com.tr\/index.php\/urun\/kendini-bilen-rabbini-bilir\/","title":{"rendered":"Kendini Bilen Rabb\u2019ini Bilir"},"content":{"rendered":"<p>Hayat\u0131n monoton ge\u00e7ti\u011finden \u015fikayet ediyorsun, onu donuk hale getiren yaln\u0131zca sensin, senin d\u00fcnyanda, senin duygular\u0131n\u0131 kim renksiz k\u0131labilir? Ve senin her \u015feyi b\u0131rak\u0131p aynan\u0131n kar\u015f\u0131s\u0131na ge\u00e7meni isterim. Ellerinle y\u00fcz\u00fcne, g\u00f6zlerine, burnuna, kulaklar\u0131na dokun, onlar\u0131 hissederek dokun ve i\u015fte Yaradan&#8217;\u0131n izlerini g\u00f6r\u00fcyorsun! Dokundu\u011fun yerler ne kadar ilahi, onlar ne kadar kutsallar!&#8230;Sen kutsal bir bedenin i\u00e7inde ya\u015fayan ruhsun. \u0130lk ad\u0131m bedenini sevmektir ve bedenini sevdikten sonra ruhunu sevebileceksin ve son ad\u0131m seni varl\u0131\u011f\u0131na g\u00f6t\u00fcrecektir.<\/p>\n","protected":false},"excerpt":{"rendered":"<p>Hayat\u0131n monoton ge\u00e7ti\u011finden \u015fikayet ediyorsun, onu donuk hale getiren yaln\u0131zca sensin, senin d\u00fcnyanda, senin duygular\u0131n\u0131 kim renksiz k\u0131labilir? Ve senin her \u015feyi b\u0131rak\u0131p aynan\u0131n kar\u015f\u0131s\u0131na ge\u00e7meni<span class=\"excerpt-hellip\"> [\u2026]<\/span><\/p>\n","protected":false},"featured_media":0,"template":"","meta":{"_monsterinsights_skip_tracking":false,"_monsterinsights_sitenote_active":false,"_monsterinsights_sitenote_note":"","_monsterinsights_sitenote_category":0},"product_brand":[],"product_cat":[12718,12719,12720],"product_tag":[],"class_list":{"0":"post-688753","1":"product","2":"type-product","3":"status-publish","5":"product_cat-din","6":"product_cat-islam","7":"product_cat-tasavvuf-mezhepler-tarikatlar","8":"pa_cilt-ciltsiz","9":"pa_tur-kitap","10":"pa_yayinevi-destek-yayinlari","11":"pa_yazar-ugur-kosar","13":"first","14":"instock","15":"sale","16":"shipping-taxable","17":"purchasable","18":"product-type-simple"},"_links":{"self":[{"href":"https:\/\/roveyayinevi.com.tr\/index.php\/wp-json\/wp\/v2\/product\/688753","targetHints":{"allow":["GET"]}}],"collection":[{"href":"https:\/\/roveyayinevi.com.tr\/index.php\/wp-json\/wp\/v2\/product"}],"about":[{"href":"https:\/\/roveyayinevi.com.tr\/index.php\/wp-json\/wp\/v2\/types\/product"}],"wp:attachment":[{"href":"https:\/\/roveyayinevi.com.tr\/index.php\/wp-json\/wp\/v2\/media?parent=688753"}],"wp:term":[{"taxonomy":"product_brand","embeddable":true,"href":"https:\/\/roveyayinevi.com.tr\/index.php\/wp-json\/wp\/v2\/product_brand?post=688753"},{"taxonomy":"product_cat","embeddable":true,"href":"https:\/\/roveyayinevi.com.tr\/index.php\/wp-json\/wp\/v2\/product_cat?post=688753"},{"taxonomy":"product_tag","embeddable":true,"href":"https:\/\/roveyayinevi.com.tr\/index.php\/wp-json\/wp\/v2\/product_tag?post=688753"}],"curies":[{"name":"wp","href":"https:\/\/api.w.org\/{rel}","templated":true}]}}