{"id":688751,"date":"2025-08-27T13:07:31","date_gmt":"2025-08-27T10:07:31","guid":{"rendered":"https:\/\/roveyayinevi.com.tr\/index.php\/urun\/pala-dayinin-korsan-macerasi\/"},"modified":"2026-04-16T01:58:37","modified_gmt":"2026-04-15T22:58:37","slug":"pala-dayinin-korsan-macerasi","status":"publish","type":"product","link":"https:\/\/roveyayinevi.com.tr\/index.php\/urun\/pala-dayinin-korsan-macerasi\/","title":{"rendered":"Pala Day\u0131\u2019n\u0131n Korsan Maceras\u0131"},"content":{"rendered":"<p>Lila gizemli bir mektup ald\u0131\u011f\u0131nda, bunun korsan day\u0131s\u0131 Pala\u2019dan geldi\u011fini anlar. Lila ve arkada\u015f\u0131 Can, kay\u0131p korsanlar\u0131 bulmak i\u00e7in Pala Day\u0131\u2019n\u0131n gemisine giderler ve macera ba\u015flar. Siz de bu ser\u00fcvene ortak olmak ister misiniz? <\/p>\n","protected":false},"excerpt":{"rendered":"<p>Lila gizemli bir mektup ald\u0131\u011f\u0131nda, bunun korsan day\u0131s\u0131 Pala\u2019dan geldi\u011fini anlar. Lila ve arkada\u015f\u0131 Can, kay\u0131p korsanlar\u0131 bulmak i\u00e7in Pala Day\u0131\u2019n\u0131n gemisine giderler ve macera ba\u015flar.<span class=\"excerpt-hellip\"> [\u2026]<\/span><\/p>\n","protected":false},"featured_media":0,"template":"","meta":{"_monsterinsights_skip_tracking":false,"_monsterinsights_sitenote_active":false,"_monsterinsights_sitenote_note":"","_monsterinsights_sitenote_category":0},"product_brand":[],"product_cat":[12492,12274],"product_tag":[],"class_list":{"0":"post-688751","1":"product","2":"type-product","3":"status-publish","5":"product_cat-bilmece-bulmaca","6":"product_cat-cocuk-ve-genclik-kitaplari","7":"pa_tur-kitap","8":"pa_yayinevi-1001-cicek-kitaplar","9":"pa_yazar-susannah-leigh","11":"first","12":"instock","13":"sale","14":"shipping-taxable","15":"purchasable","16":"product-type-simple"},"_links":{"self":[{"href":"https:\/\/roveyayinevi.com.tr\/index.php\/wp-json\/wp\/v2\/product\/688751","targetHints":{"allow":["GET"]}}],"collection":[{"href":"https:\/\/roveyayinevi.com.tr\/index.php\/wp-json\/wp\/v2\/product"}],"about":[{"href":"https:\/\/roveyayinevi.com.tr\/index.php\/wp-json\/wp\/v2\/types\/product"}],"wp:attachment":[{"href":"https:\/\/roveyayinevi.com.tr\/index.php\/wp-json\/wp\/v2\/media?parent=688751"}],"wp:term":[{"taxonomy":"product_brand","embeddable":true,"href":"https:\/\/roveyayinevi.com.tr\/index.php\/wp-json\/wp\/v2\/product_brand?post=688751"},{"taxonomy":"product_cat","embeddable":true,"href":"https:\/\/roveyayinevi.com.tr\/index.php\/wp-json\/wp\/v2\/product_cat?post=688751"},{"taxonomy":"product_tag","embeddable":true,"href":"https:\/\/roveyayinevi.com.tr\/index.php\/wp-json\/wp\/v2\/product_tag?post=688751"}],"curies":[{"name":"wp","href":"https:\/\/api.w.org\/{rel}","templated":true}]}}