{"id":688745,"date":"2025-08-27T13:07:30","date_gmt":"2025-08-27T10:07:30","guid":{"rendered":"https:\/\/roveyayinevi.com.tr\/index.php\/urun\/hayvanlara-soralim\/"},"modified":"2026-04-16T01:58:37","modified_gmt":"2026-04-15T22:58:37","slug":"hayvanlara-soralim","status":"publish","type":"product","link":"https:\/\/roveyayinevi.com.tr\/index.php\/urun\/hayvanlara-soralim\/","title":{"rendered":"Hayvanlara Soral\u0131m"},"content":{"rendered":"<p>Biz hayvanlar irili ufakl\u0131, \u00e7e\u015fit \u00e7e\u015fit canl\u0131lar\u0131z. Karada, suda veya havada ya\u015far\u0131z. Kimimizin k\u00fcrk\u00fc, kimimizin t\u00fcyleri ve kimimizin de pullar\u0131 vard\u0131r. Hepimiz ayr\u0131 bir ya\u015fam \u00f6yk\u00fcs\u00fcne sahibiz. Sahra \u00c7\u00f6l\u00fcn\u00fcn k\u0131zg\u0131n kumlar\u0131ndan Kuzey Kutbunun buzullar\u0131na varan yolculu\u011fumuz s\u0131ras\u0131nda, hepimiz yiyecek bulmak, g\u00fcvende kalmak, e\u015f bulmak ve yavrular\u0131m\u0131z\u0131 b\u00fcy\u00fctmek i\u00e7in farkl\u0131 y\u00f6ntemlere ba\u015fvururuz. Bir \u00e7itayla birlikte ko\u015fup, bir timsah yavrusunun yumurtadan \u00e7\u0131kmas\u0131na yard\u0131m edeceksiniz. D\u00fcnyan\u0131n en h\u0131zl\u0131 ku\u015flar\u0131ndan biriyle tan\u0131\u015facak, bir deveden h\u00f6rg\u00fcc\u00fcn\u00fcn i\u00e7inin nas\u0131l oldu\u011funu \u00f6\u011frenecek ve bir di\u015fi aslanla ava \u00e7\u0131kacaks\u0131n\u0131z. Ama \u00f6nce, Afrikal\u0131 bir fil size o harika hortumuyla neler yapabildi\u011fini anlatacak. <\/p>\n","protected":false},"excerpt":{"rendered":"<p>Biz hayvanlar irili ufakl\u0131, \u00e7e\u015fit \u00e7e\u015fit canl\u0131lar\u0131z. Karada, suda veya havada ya\u015far\u0131z. Kimimizin k\u00fcrk\u00fc, kimimizin t\u00fcyleri ve kimimizin de pullar\u0131 vard\u0131r. Hepimiz ayr\u0131 bir ya\u015fam \u00f6yk\u00fcs\u00fcne<span class=\"excerpt-hellip\"> [\u2026]<\/span><\/p>\n","protected":false},"featured_media":0,"template":"","meta":{"_monsterinsights_skip_tracking":false,"_monsterinsights_sitenote_active":false,"_monsterinsights_sitenote_note":"","_monsterinsights_sitenote_category":0},"product_brand":[],"product_cat":[12492,12274],"product_tag":[],"class_list":{"0":"post-688745","1":"product","2":"type-product","3":"status-publish","5":"product_cat-bilmece-bulmaca","6":"product_cat-cocuk-ve-genclik-kitaplari","7":"pa_cilt-ciltsiz","8":"pa_tur-kitap","9":"pa_yayinevi-1001-cicek-kitaplar","10":"pa_yazar-olivia-brookes","12":"first","13":"instock","14":"sale","15":"shipping-taxable","16":"purchasable","17":"product-type-simple"},"_links":{"self":[{"href":"https:\/\/roveyayinevi.com.tr\/index.php\/wp-json\/wp\/v2\/product\/688745","targetHints":{"allow":["GET"]}}],"collection":[{"href":"https:\/\/roveyayinevi.com.tr\/index.php\/wp-json\/wp\/v2\/product"}],"about":[{"href":"https:\/\/roveyayinevi.com.tr\/index.php\/wp-json\/wp\/v2\/types\/product"}],"wp:attachment":[{"href":"https:\/\/roveyayinevi.com.tr\/index.php\/wp-json\/wp\/v2\/media?parent=688745"}],"wp:term":[{"taxonomy":"product_brand","embeddable":true,"href":"https:\/\/roveyayinevi.com.tr\/index.php\/wp-json\/wp\/v2\/product_brand?post=688745"},{"taxonomy":"product_cat","embeddable":true,"href":"https:\/\/roveyayinevi.com.tr\/index.php\/wp-json\/wp\/v2\/product_cat?post=688745"},{"taxonomy":"product_tag","embeddable":true,"href":"https:\/\/roveyayinevi.com.tr\/index.php\/wp-json\/wp\/v2\/product_tag?post=688745"}],"curies":[{"name":"wp","href":"https:\/\/api.w.org\/{rel}","templated":true}]}}